{"id":1301,"date":"2023-12-17T04:18:58","date_gmt":"2023-12-17T04:18:58","guid":{"rendered":"https:\/\/hpltech.vn\/?post_type=product&#038;p=1301"},"modified":"2026-04-02T09:24:28","modified_gmt":"2026-04-02T02:24:28","slug":"cam-bien-nong-do-khi-co2-cdt-series-dwyer","status":"publish","type":"product","link":"https:\/\/hpltech.vn\/en\/product\/cam-bien-nong-do-khi-co2-cdt-series-dwyer\/","title":{"rendered":"CDT Series Dwyer CO2 Concentration Sensor"},"content":{"rendered":"<p><span style=\"color: #000000; font-size: 90%;\"><strong>Product highlights:<\/strong><\/span><\/p>\n<ul>\n<li><span style=\"font-size: 90%; color: #000000;\">C\u1ea3m bi\u1ebfn n\u1ed3ng \u0111\u1ed9 kh\u00ed CO2 <strong>CDT Series<\/strong> \u0111\u01b0\u1ee3c s\u1eed d\u1ee5ng trong vi\u1ec7c ki\u1ec3m so\u00e1t n\u1ed3ng \u0111\u1ed9 kh\u00ed CO2 t\u1ea1i m\u00f4i tr\u01b0\u1eddng l\u00e0m vi\u1ec7c. S\u1ea3n ph\u1ea9m \u0111\u01b0\u1ee3c \u1ee9ng d\u1ee5ng r\u1ed9ng r\u00e3i trong c\u00e1c vi\u1ec7c ki\u1ec3m so\u00e1t n\u1ed3ng \u0111\u1ed9 CO2 cho m\u00e1y AHU c\u1ea5p cho kh\u00f4ng gian l\u1edbn nh\u01b0 h\u1ed9i tr\u01b0\u1eddng, ph\u00f2ng h\u1ecdp ho\u1eb7c c\u00e1c t\u00f2a nh\u00e0\u00a0 v\u00e0 ph\u00f2ng h\u1ee3p \u0111\u01a1n l\u1ebb n\u01a1i m\u00e0 th\u01b0\u1eddng xuy\u00ean c\u00f3 \u0111\u00f4ng ng\u01b0\u1eddi l\u00e0m vi\u1ec7c c\u00f9ng m\u1ed9t th\u1eddi \u0111i\u1ec3m. \u0110\u1ea3m b\u1ea3o kh\u00ed CO2 t\u1ea1i v\u1ecb tr\u00ed c\u00f3 ng\u01b0\u1eddi ho\u1ea1t \u0111\u1ed9ng lu\u00f4n duy tr\u00ec \u1edf m\u1ee9c \u0111\u1ed9 an to\u00e0n v\u1edbi s\u1ee9c kh\u1ecfe v\u00e0 ti\u1ec7n nghi.<\/span><\/li>\n<li><span style=\"font-size: 90%; color: #000000;\">D\u1ea3i \u0111o: 0-2000PPM<\/span><\/li>\n<li><span style=\"color: #000000; font-size: 90%;\">T\u00edn hi\u1ec7u ra: 4-20mA\/ 2-10VDC\/ Relay<\/span><\/li>\n<li><span style=\"font-size: 90%; color: #000000;\">Ngo\u00e0i ra s\u1ea3n ph\u1ea9m c\u00f2n c\u00f3 th\u00eam t\u00ednh n\u0103ng m\u00e0n h\u00ecnh hi\u1ec3n th\u1ecb LCD cho ph\u00e9p theo d\u00f5i v\u00e0 v\u1eadn h\u00e0nh h\u1ec7 th\u1ed1ng tr\u1ef1c ti\u1ebfp t\u1ea1i v\u1ecb tr\u00ed l\u1eafp \u0111\u1eb7t c\u1ea3m bi\u1ebfn.<\/span><\/li>\n<\/ul>\n<p><span style=\"color: #000000; font-size: 90%;\"><strong>Detailed specifications:<\/strong><\/span><\/p>\n<p><span style=\"font-size: 90%; color: #000000;\">\n<table id=\"tablepress-CDT\" class=\"tablepress tablepress-id-CDT\">\n<thead>\n<tr class=\"row-1\">\n\t<th class=\"column-1\">Specifications<\/th><th class=\"column-2\">Detailed description<\/th>\n<\/tr>\n<\/thead>\n<tbody class=\"row-striping row-hover\">\n<tr class=\"row-2\">\n\t<td class=\"column-1\">Sensor type<\/td><td class=\"column-2\">C\u1ea3m bi\u1ebfn n\u1ed3ng \u0111\u1ed9 kh\u00ed CO2<\/td>\n<\/tr>\n<tr class=\"row-3\">\n\t<td class=\"column-1\">Power supply<\/td><td class=\"column-2\">16-35 VDC\/ 19-28 VAC<\/td>\n<\/tr>\n<tr class=\"row-4\">\n\t<td class=\"column-1\">Measuring range<\/td><td class=\"column-2\">0-2000PPM<\/td>\n<\/tr>\n<tr class=\"row-5\">\n\t<td class=\"column-1\">Output signal<\/td><td class=\"column-2\">4-20mA\/ 0-10VDC\/ Relay<\/td>\n<\/tr>\n<tr class=\"row-6\">\n\t<td class=\"column-1\">Accuracy<\/td><td class=\"column-2\">\u00b140 ppm \u00b13% of Reading<\/td>\n<\/tr>\n<tr class=\"row-7\">\n\t<td class=\"column-1\">Operating temperature <\/td><td class=\"column-2\">-0- 50\u00b0C<\/td>\n<\/tr>\n<tr class=\"row-8\">\n\t<td class=\"column-1\">Operating humidity <\/td><td class=\"column-2\">10-95%Rh<\/td>\n<\/tr>\n<tr class=\"row-9\">\n\t<td class=\"column-1\">Protection level<\/td><td class=\"column-2\">IP66\/ IP20<\/td>\n<\/tr>\n<tr class=\"row-10\">\n\t<td class=\"column-1\">Origin<\/td><td class=\"column-2\">Dwyer\/ USA<\/td>\n<\/tr>\n<\/tbody>\n<\/table>\n<!-- #tablepress-CDT from cache --><\/span><\/p>\n<p><span style=\"font-size: 90%; color: #000000;\"><strong>HPLTECH<\/strong> is the official distributor of Dwyer products in the Vietnamese market.<\/span><\/p>\n<p><span style=\"font-size: 90%; color: #000000;\">If you have any questions, please contact our Hotline.\u00a0<span style=\"color: #d83131;\"><a style=\"color: #d83131;\" href=\"tel:+84964041518\">(+84) 964041518<\/a><\/span>\u00a0to receive free advice on using the product.<\/span><\/p>","protected":false},"excerpt":{"rendered":"<ul>\n<li><span style=\"font-size: 85%; color: #000000;\">C\u1ea3m bi\u1ebfn n\u1ed3ng \u0111\u1ed9 kh\u00ed CO2 <strong>CDT Series<\/strong> \u0111\u01b0\u1ee3c s\u1eed d\u1ee5ng trong vi\u1ec7c ki\u1ec3m so\u00e1t n\u1ed3ng \u0111\u1ed9 kh\u00ed CO2 t\u1ea1i m\u00f4i tr\u01b0\u1eddng l\u00e0m vi\u1ec7c. S\u1ea3n ph\u1ea9m \u1ee9ng d\u1ee5ng ki\u1ec3m so\u00e1t n\u1ed3ng \u0111\u1ed9 kh\u00ed CO2 t\u1ea1i AHU, c\u00e1c ph\u00f2ng h\u1ed9i tr\u01b0\u1eddng, ph\u00f2ng h\u1ecdp.<\/span><\/li>\n<li><span style=\"font-size: 85%; color: #000000;\">D\u1ea3i \u0111o: 0-2000PPM<\/span><\/li>\n<li><span style=\"color: #000000; font-size: 85%;\">T\u00edn hi\u1ec7u ra: 4-20mA\/ 2-10VDC\/ Relay<\/span><\/li>\n<\/ul>\n<p><img loading=\"lazy\" decoding=\"async\" class=\"alignnone wp-image-1429\" src=\"https:\/\/hpltech.vn\/wp-content\/uploads\/2023\/12\/pdf-icon-300x300.png\" alt=\"\" width=\"24\" height=\"24\" srcset=\"https:\/\/hpltech.vn\/wp-content\/uploads\/2023\/12\/pdf-icon-300x300.png 300w, https:\/\/hpltech.vn\/wp-content\/uploads\/2023\/12\/pdf-icon-100x100.png 100w, https:\/\/hpltech.vn\/wp-content\/uploads\/2023\/12\/pdf-icon-150x150.png 150w, https:\/\/hpltech.vn\/wp-content\/uploads\/2023\/12\/pdf-icon.png 512w\" sizes=\"auto, (max-width: 24px) 100vw, 24px\" \/> <span style=\"text-decoration: underline;\"><span style=\"font-size: 90%;\"><a href=\"https:\/\/drive.google.com\/file\/d\/1qQntYt0ppZCvlsEco-Bm5ZYG7wxWX2QV\/view?usp=drive_link\" target=\"_blank\" rel=\"nofollow noopener noreferrer\"><span style=\"color: #d83131; text-decoration: underline;\">CDT_Series.pdf<\/span><\/a><\/span><\/span><\/p>","protected":false},"featured_media":1304,"template":"","meta":[],"product_brand":[],"product_cat":[32],"product_tag":[269,68,69,70,71,43],"class_list":{"0":"post-1301","1":"product","2":"type-product","3":"status-publish","4":"has-post-thumbnail","6":"product_cat-dwyer","7":"product_tag-cam-bien-co2","8":"product_tag-cdt-2d40","9":"product_tag-cdt-2n40","10":"product_tag-cdt-2n40-lcd","11":"product_tag-cdt-2n40-lcd-rly","12":"product_tag-dwyer","14":"first","15":"instock","16":"shipping-taxable","17":"product-type-simple"},"yoast_head":"<!-- This site is optimized with the Yoast SEO plugin v25.4 - https:\/\/yoast.com\/wordpress\/plugins\/seo\/ -->\n<title>C\u1ea3m bi\u1ebfn n\u1ed3ng \u0111\u1ed9 kh\u00ed CO2 CDT Series Dwyer - HPL TECH<\/title>\n<meta name=\"description\" content=\"C\u1ea3m bi\u1ebfn n\u1ed3ng \u0111\u1ed9 kh\u00ed CO2 CDT Series \u0111\u01b0\u1ee3c s\u1eed d\u1ee5ng trong vi\u1ec7c ki\u1ec3m so\u00e1t n\u1ed3ng \u0111\u1ed9 kh\u00ed CO2 t\u1ea1i m\u00f4i tr\u01b0\u1eddng l\u00e0m vi\u1ec7c. S\u1ea3n ph\u1ea9m \u1ee9ng d\u1ee5ng ki\u1ec3m so\u00e1t n\u1ed3ng \u0111\u1ed9 kh\u00ed CO2 t\u1ea1i AHU, c\u00e1c ph\u00f2ng h\u1ed9i tr\u01b0\u1eddng, ph\u00f2ng h\u1ecdp.D\u1ea3i \u0111o: 0-2000PPMT\u00edn hi\u1ec7u ra: 4-20mA\/ 2-10VDC\/ Relay\" \/>\n<meta name=\"robots\" content=\"index, follow, max-snippet:-1, max-image-preview:large, max-video-preview:-1\" \/>\n<link rel=\"canonical\" href=\"https:\/\/hpltech.vn\/en\/product\/cam-bien-nong-do-khi-co2-cdt-series-dwyer\/\" \/>\n<meta property=\"og:locale\" content=\"en_US\" \/>\n<meta property=\"og:type\" content=\"article\" \/>\n<meta property=\"og:title\" content=\"C\u1ea3m bi\u1ebfn n\u1ed3ng \u0111\u1ed9 kh\u00ed CO2 CDT Series Dwyer - HPL TECH\" \/>\n<meta property=\"og:description\" content=\"C\u1ea3m bi\u1ebfn n\u1ed3ng \u0111\u1ed9 kh\u00ed CO2 CDT Series \u0111\u01b0\u1ee3c s\u1eed d\u1ee5ng trong vi\u1ec7c ki\u1ec3m so\u00e1t n\u1ed3ng \u0111\u1ed9 kh\u00ed CO2 t\u1ea1i m\u00f4i tr\u01b0\u1eddng l\u00e0m vi\u1ec7c. S\u1ea3n ph\u1ea9m \u1ee9ng d\u1ee5ng ki\u1ec3m so\u00e1t n\u1ed3ng \u0111\u1ed9 kh\u00ed CO2 t\u1ea1i AHU, c\u00e1c ph\u00f2ng h\u1ed9i tr\u01b0\u1eddng, ph\u00f2ng h\u1ecdp.D\u1ea3i \u0111o: 0-2000PPMT\u00edn hi\u1ec7u ra: 4-20mA\/ 2-10VDC\/ Relay\" \/>\n<meta property=\"og:url\" content=\"https:\/\/hpltech.vn\/en\/product\/cam-bien-nong-do-khi-co2-cdt-series-dwyer\/\" \/>\n<meta property=\"og:site_name\" content=\"HPL TECH\" \/>\n<meta property=\"article:publisher\" content=\"https:\/\/www.facebook.com\/HPLTECH\/\" \/>\n<meta property=\"article:modified_time\" content=\"2026-04-02T02:24:28+00:00\" \/>\n<meta property=\"og:image\" content=\"https:\/\/hpltech.vn\/wp-content\/uploads\/2023\/12\/CDT_Family_NoText.jpg\" \/>\n\t<meta property=\"og:image:width\" content=\"1000\" \/>\n\t<meta property=\"og:image:height\" content=\"1000\" \/>\n\t<meta property=\"og:image:type\" content=\"image\/jpeg\" \/>\n<meta name=\"twitter:card\" content=\"summary_large_image\" \/>\n<meta name=\"twitter:label1\" content=\"Est. reading time\" \/>\n\t<meta name=\"twitter:data1\" content=\"2 minutes\" \/>\n<script type=\"application\/ld+json\" class=\"yoast-schema-graph\">{\"@context\":\"https:\/\/schema.org\",\"@graph\":[{\"@type\":\"WebPage\",\"@id\":\"https:\/\/hpltech.vn\/san-pham\/cam-bien-nong-do-khi-co2-cdt-series-dwyer\/\",\"url\":\"https:\/\/hpltech.vn\/san-pham\/cam-bien-nong-do-khi-co2-cdt-series-dwyer\/\",\"name\":\"C\u1ea3m bi\u1ebfn n\u1ed3ng \u0111\u1ed9 kh\u00ed CO2 CDT Series Dwyer - HPL TECH\",\"isPartOf\":{\"@id\":\"https:\/\/hpltech.vn\/#website\"},\"primaryImageOfPage\":{\"@id\":\"https:\/\/hpltech.vn\/san-pham\/cam-bien-nong-do-khi-co2-cdt-series-dwyer\/#primaryimage\"},\"image\":{\"@id\":\"https:\/\/hpltech.vn\/san-pham\/cam-bien-nong-do-khi-co2-cdt-series-dwyer\/#primaryimage\"},\"thumbnailUrl\":\"https:\/\/hpltech.vn\/wp-content\/uploads\/2023\/12\/CDT_Family_NoText.jpg\",\"datePublished\":\"2023-12-17T04:18:58+00:00\",\"dateModified\":\"2026-04-02T02:24:28+00:00\",\"description\":\"C\u1ea3m bi\u1ebfn n\u1ed3ng \u0111\u1ed9 kh\u00ed CO2 CDT Series \u0111\u01b0\u1ee3c s\u1eed d\u1ee5ng trong vi\u1ec7c ki\u1ec3m so\u00e1t n\u1ed3ng \u0111\u1ed9 kh\u00ed CO2 t\u1ea1i m\u00f4i tr\u01b0\u1eddng l\u00e0m vi\u1ec7c. S\u1ea3n ph\u1ea9m \u1ee9ng d\u1ee5ng ki\u1ec3m so\u00e1t n\u1ed3ng \u0111\u1ed9 kh\u00ed CO2 t\u1ea1i AHU, c\u00e1c ph\u00f2ng h\u1ed9i tr\u01b0\u1eddng, ph\u00f2ng h\u1ecdp.D\u1ea3i \u0111o: 0-2000PPMT\u00edn hi\u1ec7u ra: 4-20mA\/ 2-10VDC\/ Relay\",\"breadcrumb\":{\"@id\":\"https:\/\/hpltech.vn\/san-pham\/cam-bien-nong-do-khi-co2-cdt-series-dwyer\/#breadcrumb\"},\"inLanguage\":\"en-US\",\"potentialAction\":[{\"@type\":\"ReadAction\",\"target\":[\"https:\/\/hpltech.vn\/san-pham\/cam-bien-nong-do-khi-co2-cdt-series-dwyer\/\"]}]},{\"@type\":\"ImageObject\",\"inLanguage\":\"en-US\",\"@id\":\"https:\/\/hpltech.vn\/san-pham\/cam-bien-nong-do-khi-co2-cdt-series-dwyer\/#primaryimage\",\"url\":\"https:\/\/hpltech.vn\/wp-content\/uploads\/2023\/12\/CDT_Family_NoText.jpg\",\"contentUrl\":\"https:\/\/hpltech.vn\/wp-content\/uploads\/2023\/12\/CDT_Family_NoText.jpg\",\"width\":1000,\"height\":1000},{\"@type\":\"BreadcrumbList\",\"@id\":\"https:\/\/hpltech.vn\/san-pham\/cam-bien-nong-do-khi-co2-cdt-series-dwyer\/#breadcrumb\",\"itemListElement\":[{\"@type\":\"ListItem\",\"position\":1,\"name\":\"Trang ch\u1ee7\",\"item\":\"https:\/\/hpltech.vn\/\"},{\"@type\":\"ListItem\",\"position\":2,\"name\":\"T\u1ea5t C\u1ea3 S\u1ea3n Ph\u1ea9m\",\"item\":\"https:\/\/hpltech.vn\/all-products\/\"},{\"@type\":\"ListItem\",\"position\":3,\"name\":\"C\u1ea3m bi\u1ebfn n\u1ed3ng \u0111\u1ed9 kh\u00ed CO2 CDT Series Dwyer\"}]},{\"@type\":\"WebSite\",\"@id\":\"https:\/\/hpltech.vn\/#website\",\"url\":\"https:\/\/hpltech.vn\/\",\"name\":\"HPL TECH\",\"description\":\"C\u00f4ng Ty TNHH Th\u01b0\u01a1ng M\u1ea1i K\u1ef9 Thu\u1eadt HPL\",\"publisher\":{\"@id\":\"https:\/\/hpltech.vn\/#organization\"},\"alternateName\":\"HPLTECH.VN\",\"potentialAction\":[{\"@type\":\"SearchAction\",\"target\":{\"@type\":\"EntryPoint\",\"urlTemplate\":\"https:\/\/hpltech.vn\/?s={search_term_string}\"},\"query-input\":{\"@type\":\"PropertyValueSpecification\",\"valueRequired\":true,\"valueName\":\"search_term_string\"}}],\"inLanguage\":\"en-US\"},{\"@type\":\"Organization\",\"@id\":\"https:\/\/hpltech.vn\/#organization\",\"name\":\"C\u00f4ng Ty THNN Th\u01b0\u01a1ng M\u1ea1i K\u1ef9 Thu\u1eadt HPL\",\"alternateName\":\"HPL Tech\",\"url\":\"https:\/\/hpltech.vn\/\",\"logo\":{\"@type\":\"ImageObject\",\"inLanguage\":\"en-US\",\"@id\":\"https:\/\/hpltech.vn\/#\/schema\/logo\/image\/\",\"url\":\"https:\/\/hpltech.vn\/wp-content\/uploads\/2023\/12\/Logo-HPL-512.png\",\"contentUrl\":\"https:\/\/hpltech.vn\/wp-content\/uploads\/2023\/12\/Logo-HPL-512.png\",\"width\":512,\"height\":512,\"caption\":\"C\u00f4ng Ty THNN Th\u01b0\u01a1ng M\u1ea1i K\u1ef9 Thu\u1eadt HPL\"},\"image\":{\"@id\":\"https:\/\/hpltech.vn\/#\/schema\/logo\/image\/\"},\"sameAs\":[\"https:\/\/www.facebook.com\/HPLTECH\/\"]}]}<\/script>\n<!-- \/ Yoast SEO plugin. -->","yoast_head_json":{"title":"C\u1ea3m bi\u1ebfn n\u1ed3ng \u0111\u1ed9 kh\u00ed CO2 CDT Series Dwyer - HPL TECH","description":"C\u1ea3m bi\u1ebfn n\u1ed3ng \u0111\u1ed9 kh\u00ed CO2 CDT Series \u0111\u01b0\u1ee3c s\u1eed d\u1ee5ng trong vi\u1ec7c ki\u1ec3m so\u00e1t n\u1ed3ng \u0111\u1ed9 kh\u00ed CO2 t\u1ea1i m\u00f4i tr\u01b0\u1eddng l\u00e0m vi\u1ec7c. S\u1ea3n ph\u1ea9m \u1ee9ng d\u1ee5ng ki\u1ec3m so\u00e1t n\u1ed3ng \u0111\u1ed9 kh\u00ed CO2 t\u1ea1i AHU, c\u00e1c ph\u00f2ng h\u1ed9i tr\u01b0\u1eddng, ph\u00f2ng h\u1ecdp.D\u1ea3i \u0111o: 0-2000PPMT\u00edn hi\u1ec7u ra: 4-20mA\/ 2-10VDC\/ Relay","robots":{"index":"index","follow":"follow","max-snippet":"max-snippet:-1","max-image-preview":"max-image-preview:large","max-video-preview":"max-video-preview:-1"},"canonical":"https:\/\/hpltech.vn\/en\/product\/cam-bien-nong-do-khi-co2-cdt-series-dwyer\/","og_locale":"en_US","og_type":"article","og_title":"C\u1ea3m bi\u1ebfn n\u1ed3ng \u0111\u1ed9 kh\u00ed CO2 CDT Series Dwyer - HPL TECH","og_description":"C\u1ea3m bi\u1ebfn n\u1ed3ng \u0111\u1ed9 kh\u00ed CO2 CDT Series \u0111\u01b0\u1ee3c s\u1eed d\u1ee5ng trong vi\u1ec7c ki\u1ec3m so\u00e1t n\u1ed3ng \u0111\u1ed9 kh\u00ed CO2 t\u1ea1i m\u00f4i tr\u01b0\u1eddng l\u00e0m vi\u1ec7c. S\u1ea3n ph\u1ea9m \u1ee9ng d\u1ee5ng ki\u1ec3m so\u00e1t n\u1ed3ng \u0111\u1ed9 kh\u00ed CO2 t\u1ea1i AHU, c\u00e1c ph\u00f2ng h\u1ed9i tr\u01b0\u1eddng, ph\u00f2ng h\u1ecdp.D\u1ea3i \u0111o: 0-2000PPMT\u00edn hi\u1ec7u ra: 4-20mA\/ 2-10VDC\/ Relay","og_url":"https:\/\/hpltech.vn\/en\/product\/cam-bien-nong-do-khi-co2-cdt-series-dwyer\/","og_site_name":"HPL TECH","article_publisher":"https:\/\/www.facebook.com\/HPLTECH\/","article_modified_time":"2026-04-02T02:24:28+00:00","og_image":[{"width":1000,"height":1000,"url":"https:\/\/hpltech.vn\/wp-content\/uploads\/2023\/12\/CDT_Family_NoText.jpg","type":"image\/jpeg"}],"twitter_card":"summary_large_image","twitter_misc":{"Est. reading time":"2 minutes"},"schema":{"@context":"https:\/\/schema.org","@graph":[{"@type":"WebPage","@id":"https:\/\/hpltech.vn\/san-pham\/cam-bien-nong-do-khi-co2-cdt-series-dwyer\/","url":"https:\/\/hpltech.vn\/san-pham\/cam-bien-nong-do-khi-co2-cdt-series-dwyer\/","name":"C\u1ea3m bi\u1ebfn n\u1ed3ng \u0111\u1ed9 kh\u00ed CO2 CDT Series Dwyer - HPL TECH","isPartOf":{"@id":"https:\/\/hpltech.vn\/#website"},"primaryImageOfPage":{"@id":"https:\/\/hpltech.vn\/san-pham\/cam-bien-nong-do-khi-co2-cdt-series-dwyer\/#primaryimage"},"image":{"@id":"https:\/\/hpltech.vn\/san-pham\/cam-bien-nong-do-khi-co2-cdt-series-dwyer\/#primaryimage"},"thumbnailUrl":"https:\/\/hpltech.vn\/wp-content\/uploads\/2023\/12\/CDT_Family_NoText.jpg","datePublished":"2023-12-17T04:18:58+00:00","dateModified":"2026-04-02T02:24:28+00:00","description":"C\u1ea3m bi\u1ebfn n\u1ed3ng \u0111\u1ed9 kh\u00ed CO2 CDT Series \u0111\u01b0\u1ee3c s\u1eed d\u1ee5ng trong vi\u1ec7c ki\u1ec3m so\u00e1t n\u1ed3ng \u0111\u1ed9 kh\u00ed CO2 t\u1ea1i m\u00f4i tr\u01b0\u1eddng l\u00e0m vi\u1ec7c. S\u1ea3n ph\u1ea9m \u1ee9ng d\u1ee5ng ki\u1ec3m so\u00e1t n\u1ed3ng \u0111\u1ed9 kh\u00ed CO2 t\u1ea1i AHU, c\u00e1c ph\u00f2ng h\u1ed9i tr\u01b0\u1eddng, ph\u00f2ng h\u1ecdp.D\u1ea3i \u0111o: 0-2000PPMT\u00edn hi\u1ec7u ra: 4-20mA\/ 2-10VDC\/ Relay","breadcrumb":{"@id":"https:\/\/hpltech.vn\/san-pham\/cam-bien-nong-do-khi-co2-cdt-series-dwyer\/#breadcrumb"},"inLanguage":"en-US","potentialAction":[{"@type":"ReadAction","target":["https:\/\/hpltech.vn\/san-pham\/cam-bien-nong-do-khi-co2-cdt-series-dwyer\/"]}]},{"@type":"ImageObject","inLanguage":"en-US","@id":"https:\/\/hpltech.vn\/san-pham\/cam-bien-nong-do-khi-co2-cdt-series-dwyer\/#primaryimage","url":"https:\/\/hpltech.vn\/wp-content\/uploads\/2023\/12\/CDT_Family_NoText.jpg","contentUrl":"https:\/\/hpltech.vn\/wp-content\/uploads\/2023\/12\/CDT_Family_NoText.jpg","width":1000,"height":1000},{"@type":"BreadcrumbList","@id":"https:\/\/hpltech.vn\/san-pham\/cam-bien-nong-do-khi-co2-cdt-series-dwyer\/#breadcrumb","itemListElement":[{"@type":"ListItem","position":1,"name":"Trang ch\u1ee7","item":"https:\/\/hpltech.vn\/"},{"@type":"ListItem","position":2,"name":"T\u1ea5t C\u1ea3 S\u1ea3n Ph\u1ea9m","item":"https:\/\/hpltech.vn\/all-products\/"},{"@type":"ListItem","position":3,"name":"C\u1ea3m bi\u1ebfn n\u1ed3ng \u0111\u1ed9 kh\u00ed CO2 CDT Series Dwyer"}]},{"@type":"WebSite","@id":"https:\/\/hpltech.vn\/#website","url":"https:\/\/hpltech.vn\/","name":"HPL TECH","description":"HPL TECHNICAL TRADING COMPANY LIMITED","publisher":{"@id":"https:\/\/hpltech.vn\/#organization"},"alternateName":"HPLTECH.VN","potentialAction":[{"@type":"SearchAction","target":{"@type":"EntryPoint","urlTemplate":"https:\/\/hpltech.vn\/?s={search_term_string}"},"query-input":{"@type":"PropertyValueSpecification","valueRequired":true,"valueName":"search_term_string"}}],"inLanguage":"en-US"},{"@type":"Organization","@id":"https:\/\/hpltech.vn\/#organization","name":"C\u00f4ng Ty THNN Th\u01b0\u01a1ng M\u1ea1i K\u1ef9 Thu\u1eadt HPL","alternateName":"HPL Tech","url":"https:\/\/hpltech.vn\/","logo":{"@type":"ImageObject","inLanguage":"en-US","@id":"https:\/\/hpltech.vn\/#\/schema\/logo\/image\/","url":"https:\/\/hpltech.vn\/wp-content\/uploads\/2023\/12\/Logo-HPL-512.png","contentUrl":"https:\/\/hpltech.vn\/wp-content\/uploads\/2023\/12\/Logo-HPL-512.png","width":512,"height":512,"caption":"C\u00f4ng Ty THNN Th\u01b0\u01a1ng M\u1ea1i K\u1ef9 Thu\u1eadt HPL"},"image":{"@id":"https:\/\/hpltech.vn\/#\/schema\/logo\/image\/"},"sameAs":["https:\/\/www.facebook.com\/HPLTECH\/"]}]}},"_links":{"self":[{"href":"https:\/\/hpltech.vn\/en\/wp-json\/wp\/v2\/product\/1301","targetHints":{"allow":["GET"]}}],"collection":[{"href":"https:\/\/hpltech.vn\/en\/wp-json\/wp\/v2\/product"}],"about":[{"href":"https:\/\/hpltech.vn\/en\/wp-json\/wp\/v2\/types\/product"}],"wp:featuredmedia":[{"embeddable":true,"href":"https:\/\/hpltech.vn\/en\/wp-json\/wp\/v2\/media\/1304"}],"wp:attachment":[{"href":"https:\/\/hpltech.vn\/en\/wp-json\/wp\/v2\/media?parent=1301"}],"wp:term":[{"taxonomy":"product_brand","embeddable":true,"href":"https:\/\/hpltech.vn\/en\/wp-json\/wp\/v2\/product_brand?post=1301"},{"taxonomy":"product_cat","embeddable":true,"href":"https:\/\/hpltech.vn\/en\/wp-json\/wp\/v2\/product_cat?post=1301"},{"taxonomy":"product_tag","embeddable":true,"href":"https:\/\/hpltech.vn\/en\/wp-json\/wp\/v2\/product_tag?post=1301"}],"curies":[{"name":"wp","href":"https:\/\/api.w.org\/{rel}","templated":true}]}}