{"id":1317,"date":"2023-12-17T04:27:48","date_gmt":"2023-12-17T04:27:48","guid":{"rendered":"https:\/\/hpltech.vn\/?post_type=product&#038;p=1317"},"modified":"2023-12-21T15:44:22","modified_gmt":"2023-12-21T15:44:22","slug":"bo-dieu-khien-t3-bb-temco","status":"publish","type":"product","link":"https:\/\/hpltech.vn\/en\/product\/bo-dieu-khien-t3-bb-temco\/","title":{"rendered":"Temco T3-BB Controller"},"content":{"rendered":"<p><span style=\"color: #000000; font-size: 90%;\"><strong>Product highlights:<\/strong><\/span><\/p>\n<ul>\n<li><span style=\"font-size: 90%; color: #000000;\">B\u1ed9 \u0111i\u1ec1u khi\u1ec3n DDC <strong>T3-BB <\/strong><\/span><span style=\"font-size: 90%; color: #000000;\">\u0111\u01b0\u1ee3c \u1ee9ng d\u1ee5ng r\u1ed9ng r\u00e3i trong c\u00e1c h\u1ec7 th\u1ed1ng \u0111i\u1ec1u khi\u1ec3n BMS, HVAC, ph\u00f2ng s\u1ea1ch v\u1edbi chi ph\u00ed \u0111\u1ea7u t\u01b0 th\u1ea5p. Th\u01b0\u1eddng \u1ee9ng d\u1ee5ng ph\u1ed5 bi\u1ebfn \u1edf c\u00e1c h\u1ec7 th\u1ed1ng \u0111i\u1ec1u khi\u1ec3n Chiller, AHU, PAU, gi\u00e1m s\u00e1t ch\u1ea5t l\u01b0\u1ee3ng kh\u00f4ng kh\u00ed b\u1ec7nh vi\u1ec7n v\u00e0 ph\u00f2ng s\u1ea1ch. S\u1ea3n ph\u1ea9m c\u00f3 th\u1ec3 k\u1ebft n\u1ed1i m\u00e0n h\u00ecnh HMI \u0111\u1ec3 \u0111i\u1ec1u khi\u1ec3n gi\u00e1m s\u00e1t t\u1ea1i ch\u1ed7 ho\u1eb7c k\u1ebft n\u1ed1i h\u1ec7 th\u1ed1ng \u0111i\u1ec1u khi\u1ec3n t\u00f2a nh\u00e0 cho ph\u00e9p v\u1eadn h\u00e0nh t\u1eeb xa b\u1eb1ng m\u00e1y t\u00ednh trung t\u00e2m.<\/span><\/li>\n<li><span style=\"font-size: 90%; color: #000000;\">Variety of input and output quantities:<\/span>\n<ul>\n<li><span style=\"font-size: 90%; color: #000000;\">32 \u0111\u1ea7u v\u00e0o \u0111a ch\u1ee9c n\u0103ng cho ph\u00e9p k\u1ebft n\u1ed1i b\u1ea5t k\u1ef3 thi\u1ebft b\u1ecb ngo\u1ea1i vi n\u00e0o, v\u1edbi \u0111\u1ea7y \u0111\u1ee7 t\u00edn hi\u1ec7u \u0111\u1ea7u v\u00e0o ph\u1ed5 bi\u1ebfn trong c\u00f4ng nghi\u1ec7p nh\u01b0 4-20mA\/0-10VDC\/ Thermistor\/ Drycontact.<\/span><\/li>\n<li><span style=\"font-size: 90%; color: #000000;\">12 \u0111\u1ea7u ra s\u1ed1 d\u1ea1ng r\u01a1 le cho ph\u00e9p \u0111i\u1ec1u khi\u1ec3n t\u1eaft\/b\u1eadt c\u00e1c thi\u1ebft ngo\u1ea1i vi nh\u01b0 \u0111\u1ed9ng c\u01a1 b\u01a1m, qu\u1ea1t.<\/span><\/li>\n<li><span style=\"font-size: 90%; color: #000000;\">12 \u0111\u1ea7u ra tuy\u1ebfn t\u00ednh 0-10VDC cho ph\u00e9p \u0111i\u1ec1u khi\u1ec3n t\u1ed1c \u0111\u1ed9 \u0111\u1ed9ng c\u01a1, v\u1ecb tr\u00ed van.<\/span><\/li>\n<li><span style=\"font-size: 90%; color: #000000;\">Cho ph\u00e9p k\u1ebft n\u1ed1i m\u1edf r\u1ed9ng l\u00ean t\u1edbi 64 \u0111\u1ea7u v\u00e0o, 64 \u0111\u1ea7u ra.<\/span><\/li>\n<\/ul>\n<\/li>\n<li><span style=\"color: #000000; font-size: 90%;\">S\u1ea3n ph\u1ea9m \u0111\u01b0\u1ee3c s\u1eed d\u1ee5ng nh\u01b0 b\u1ed9 \u0111i\u1ec1u khi\u1ec3n m\u1ea1ng:<\/span>\n<ul>\n<li><span style=\"font-size: 90%; color: #000000;\">Gi\u00e1m s\u00e1t b\u1eadc cao c\u00e1c thi\u1ebft b\u1ecb ngo\u1ea1i vi qua chu\u1ea9n truy\u1ec1n th\u00f4ng Bacnet MS\/TP, Modbus RTU. Cho ph\u00e9p k\u1ebft n\u1ed1i c\u00e1c thi\u1ebft b\u1ecb nh\u01b0 c\u00e1c b\u1ed9 \u0111i\u1ec1u khi\u1ec3n c\u1ea5p khu v\u1ef1c T3-OEM, Tstat10,.. v\u00e0 c\u00e1c thi\u1ebft b\u1ecb b\u00ean th\u1ee9 ba nh\u01b0 \u0111\u1ed3ng h\u1ed3 \u0111i\u1ec7n, m\u00e1y ph\u00e1t \u0111i\u1ec7n, bi\u1ebfn t\u1ea7n,&#8230;<\/span><\/li>\n<li><span style=\"font-size: 90%; color: #000000;\">K\u1ebft n\u1ed1i h\u1ec7 th\u1ed1ng \u0111i\u1ec1u khi\u1ec3n t\u00f2a nh\u00e0 BMS qua chu\u1ea9n truy\u1ec1n th\u00f4ng Bacnet IP, Modbus RTU. Chia s\u1ebb d\u1eef li\u1ec7u \u0111\u1ecdc t\u1eeb thi\u1ebft b\u1ecb c\u1ea5p khu v\u1ef1c v\u1ec1 h\u1ec7 th\u1ed1ng qu\u1ea3n l\u00fd t\u00f2a nh\u00e0 BMS \u0111\u1ec3 ph\u1ee5c v\u1ee5 c\u00f4ng t\u00e1c v\u1eadn h\u00e0nh v\u00e0 gi\u00e1m s\u00e1t t\u1eeb m\u00e1y t\u00ednh trung t\u00e2m.<\/span><\/li>\n<\/ul>\n<\/li>\n<li><span style=\"font-size: 90%; color: #000000;\">Free T3000 installation software from the manufacturer, with an open programming language in the form of familiar control basic, making it easy to implement complex algorithms.<\/span><\/li>\n<\/ul>\n<p><span style=\"color: #000000; font-size: 90%;\"><strong>Input\/output connection diagram:<\/strong><\/span><\/p>\n<p><img loading=\"lazy\" decoding=\"async\" class=\"alignnone wp-image-1381\" src=\"https:\/\/hpltech.vn\/wp-content\/uploads\/2023\/12\/t3-bb-300x232.png\" alt=\"\" width=\"528\" height=\"409\" srcset=\"https:\/\/hpltech.vn\/wp-content\/uploads\/2023\/12\/t3-bb-300x232.png 300w, https:\/\/hpltech.vn\/wp-content\/uploads\/2023\/12\/t3-bb-768x593.png 768w\" sizes=\"auto, (max-width: 528px) 100vw, 528px\" \/><\/p>\n<p><span style=\"color: #000000;\"><strong>HPLTECH<\/strong> is the direct and authorized distributor of Temco products in the Vietnamese market.<\/span><\/p>\n<p><span style=\"color: #000000;\">If you have any questions, please contact our Hotline. <span style=\"color: #d83131;\"><a style=\"color: #d83131;\" href=\"Tel:0964041518\">(+84) 964041518<\/a><\/span>\u00a0to receive free advice on using the product.<\/span><\/p>","protected":false},"excerpt":{"rendered":"<ul>\n<li><span style=\"font-size: 85%; color: #000000;\">The product is widely used in building management systems (BMS) and HVAC systems.<\/span><\/li>\n<li><span style=\"font-size: 85%; color: #000000;\">S\u1ed1 l\u01b0\u1ee3ng \u0111\u1ea7u v\u00e0o ra: 32UI\/12RO\/12AO.<\/span><\/li>\n<li><span style=\"font-size: 80%; color: #000000;\">Kh\u1ea3 n\u0103ng m\u1edf r\u1ed9ng \u0111\u1ea7u v\u00e0o ra l\u00ean t\u1edbi 64 \u0111\u1ea7u v\u00e0o, 64 \u0111\u1ea7u ra.<\/span><\/li>\n<li><span style=\"font-size: 85%; color: #000000;\">K\u1ebft n\u1ed1i h\u1ec7 th\u1ed1ng qu\u1ea3n l\u00fd t\u00f2a nh\u00e0 qua chu\u1ea9n Bacnet IP, Modbus TCP\/IP.<\/span><\/li>\n<li><span style=\"font-size: 85%; color: #000000;\">Free T3000 programming software.<\/span><\/li>\n<\/ul>\n<p><img loading=\"lazy\" decoding=\"async\" class=\"alignnone wp-image-1429\" src=\"https:\/\/hpltech.vn\/wp-content\/uploads\/2023\/12\/pdf-icon-300x300.png\" alt=\"\" width=\"24\" height=\"24\" srcset=\"https:\/\/hpltech.vn\/wp-content\/uploads\/2023\/12\/pdf-icon-300x300.png 300w, https:\/\/hpltech.vn\/wp-content\/uploads\/2023\/12\/pdf-icon-100x100.png 100w, https:\/\/hpltech.vn\/wp-content\/uploads\/2023\/12\/pdf-icon-150x150.png 150w, https:\/\/hpltech.vn\/wp-content\/uploads\/2023\/12\/pdf-icon.png 512w\" sizes=\"auto, (max-width: 24px) 100vw, 24px\" \/> <span style=\"text-decoration: underline;\"><span style=\"font-size: 90%;\"><a href=\"https:\/\/drive.google.com\/file\/d\/1_anozgRoPycvjbDBKJsgJ8mJwjfhNhhk\/view?usp=drive_link\" target=\"_blank\" rel=\"nofollow noopener noreferrer\"><span style=\"color: #d83131; text-decoration: underline;\">T3000-Catalog.pdf<\/span><\/a><\/span><\/span><\/p>","protected":false},"featured_media":1318,"template":"","meta":[],"product_brand":[],"product_cat":[35],"product_tag":[101,102,76],"class_list":{"0":"post-1317","1":"product","2":"type-product","3":"status-publish","4":"has-post-thumbnail","6":"product_cat-temco","7":"product_tag-bacnet-gateway","8":"product_tag-bo-dieu-khien-ddc","9":"product_tag-t3-bb","11":"first","12":"instock","13":"shipping-taxable","14":"product-type-simple"},"yoast_head":"<!-- This site is optimized with the Yoast SEO plugin v25.4 - https:\/\/yoast.com\/wordpress\/plugins\/seo\/ -->\n<title>B\u1ed9 \u0111i\u1ec1u khi\u1ec3n T3-BB Temco - HPL TECH<\/title>\n<meta name=\"description\" content=\"S\u1ea3n ph\u1ea9m \u1ee9ng d\u1ee5ng r\u1ed9ng r\u00e3i trong c\u00e1c h\u1ec7 th\u1ed1ng \u0111i\u1ec1u khi\u1ec3n t\u00f2a nh\u00e0 BMS, h\u1ec7 th\u1ed1ng HVAC.S\u1ed1 l\u01b0\u1ee3ng \u0111\u1ea7u v\u00e0o ra: 32UI\/12RO\/12AO.Kh\u1ea3 n\u0103ng m\u1edf r\u1ed9ng \u0111\u1ea7u v\u00e0o ra l\u00ean t\u1edbi 64 \u0111\u1ea7u v\u00e0o, 64 \u0111\u1ea7u ra.K\u1ebft n\u1ed1i h\u1ec7 th\u1ed1ng qu\u1ea3n l\u00fd t\u00f2a nh\u00e0 qua chu\u1ea9n Bacnet IP, Modbus TCP\/IP.Ph\u1ea7n m\u1ec1m l\u1eadp tr\u00ecnh T3000 mi\u1ec5n ph\u00ed.\" \/>\n<meta name=\"robots\" content=\"index, follow, max-snippet:-1, max-image-preview:large, max-video-preview:-1\" \/>\n<link rel=\"canonical\" href=\"https:\/\/hpltech.vn\/en\/product\/bo-dieu-khien-t3-bb-temco\/\" \/>\n<meta property=\"og:locale\" content=\"en_US\" \/>\n<meta property=\"og:type\" content=\"article\" \/>\n<meta property=\"og:title\" content=\"B\u1ed9 \u0111i\u1ec1u khi\u1ec3n T3-BB Temco - HPL TECH\" \/>\n<meta property=\"og:description\" content=\"S\u1ea3n ph\u1ea9m \u1ee9ng d\u1ee5ng r\u1ed9ng r\u00e3i trong c\u00e1c h\u1ec7 th\u1ed1ng \u0111i\u1ec1u khi\u1ec3n t\u00f2a nh\u00e0 BMS, h\u1ec7 th\u1ed1ng HVAC.S\u1ed1 l\u01b0\u1ee3ng \u0111\u1ea7u v\u00e0o ra: 32UI\/12RO\/12AO.Kh\u1ea3 n\u0103ng m\u1edf r\u1ed9ng \u0111\u1ea7u v\u00e0o ra l\u00ean t\u1edbi 64 \u0111\u1ea7u v\u00e0o, 64 \u0111\u1ea7u ra.K\u1ebft n\u1ed1i h\u1ec7 th\u1ed1ng qu\u1ea3n l\u00fd t\u00f2a nh\u00e0 qua chu\u1ea9n Bacnet IP, Modbus TCP\/IP.Ph\u1ea7n m\u1ec1m l\u1eadp tr\u00ecnh T3000 mi\u1ec5n ph\u00ed.\" \/>\n<meta property=\"og:url\" content=\"https:\/\/hpltech.vn\/en\/product\/bo-dieu-khien-t3-bb-temco\/\" \/>\n<meta property=\"og:site_name\" content=\"HPL TECH\" \/>\n<meta property=\"article:publisher\" content=\"https:\/\/www.facebook.com\/HPLTECH\/\" \/>\n<meta property=\"article:modified_time\" content=\"2023-12-21T15:44:22+00:00\" \/>\n<meta property=\"og:image\" content=\"https:\/\/hpltech.vn\/wp-content\/uploads\/2023\/12\/T3-BB.jpg\" \/>\n\t<meta property=\"og:image:width\" content=\"1704\" \/>\n\t<meta property=\"og:image:height\" content=\"2560\" \/>\n\t<meta property=\"og:image:type\" content=\"image\/jpeg\" \/>\n<meta name=\"twitter:card\" content=\"summary_large_image\" \/>\n<meta name=\"twitter:label1\" content=\"Est. reading time\" \/>\n\t<meta name=\"twitter:data1\" content=\"3 minutes\" \/>\n<script type=\"application\/ld+json\" class=\"yoast-schema-graph\">{\"@context\":\"https:\/\/schema.org\",\"@graph\":[{\"@type\":\"WebPage\",\"@id\":\"https:\/\/hpltech.vn\/san-pham\/bo-dieu-khien-t3-bb-temco\/\",\"url\":\"https:\/\/hpltech.vn\/san-pham\/bo-dieu-khien-t3-bb-temco\/\",\"name\":\"B\u1ed9 \u0111i\u1ec1u khi\u1ec3n T3-BB Temco - HPL TECH\",\"isPartOf\":{\"@id\":\"https:\/\/hpltech.vn\/#website\"},\"primaryImageOfPage\":{\"@id\":\"https:\/\/hpltech.vn\/san-pham\/bo-dieu-khien-t3-bb-temco\/#primaryimage\"},\"image\":{\"@id\":\"https:\/\/hpltech.vn\/san-pham\/bo-dieu-khien-t3-bb-temco\/#primaryimage\"},\"thumbnailUrl\":\"https:\/\/hpltech.vn\/wp-content\/uploads\/2023\/12\/T3-BB.jpg\",\"datePublished\":\"2023-12-17T04:27:48+00:00\",\"dateModified\":\"2023-12-21T15:44:22+00:00\",\"description\":\"S\u1ea3n ph\u1ea9m \u1ee9ng d\u1ee5ng r\u1ed9ng r\u00e3i trong c\u00e1c h\u1ec7 th\u1ed1ng \u0111i\u1ec1u khi\u1ec3n t\u00f2a nh\u00e0 BMS, h\u1ec7 th\u1ed1ng HVAC.S\u1ed1 l\u01b0\u1ee3ng \u0111\u1ea7u v\u00e0o ra: 32UI\/12RO\/12AO.Kh\u1ea3 n\u0103ng m\u1edf r\u1ed9ng \u0111\u1ea7u v\u00e0o ra l\u00ean t\u1edbi 64 \u0111\u1ea7u v\u00e0o, 64 \u0111\u1ea7u ra.K\u1ebft n\u1ed1i h\u1ec7 th\u1ed1ng qu\u1ea3n l\u00fd t\u00f2a nh\u00e0 qua chu\u1ea9n Bacnet IP, Modbus TCP\/IP.Ph\u1ea7n m\u1ec1m l\u1eadp tr\u00ecnh T3000 mi\u1ec5n ph\u00ed.\",\"breadcrumb\":{\"@id\":\"https:\/\/hpltech.vn\/san-pham\/bo-dieu-khien-t3-bb-temco\/#breadcrumb\"},\"inLanguage\":\"en-US\",\"potentialAction\":[{\"@type\":\"ReadAction\",\"target\":[\"https:\/\/hpltech.vn\/san-pham\/bo-dieu-khien-t3-bb-temco\/\"]}]},{\"@type\":\"ImageObject\",\"inLanguage\":\"en-US\",\"@id\":\"https:\/\/hpltech.vn\/san-pham\/bo-dieu-khien-t3-bb-temco\/#primaryimage\",\"url\":\"https:\/\/hpltech.vn\/wp-content\/uploads\/2023\/12\/T3-BB.jpg\",\"contentUrl\":\"https:\/\/hpltech.vn\/wp-content\/uploads\/2023\/12\/T3-BB.jpg\",\"width\":1704,\"height\":2560},{\"@type\":\"BreadcrumbList\",\"@id\":\"https:\/\/hpltech.vn\/san-pham\/bo-dieu-khien-t3-bb-temco\/#breadcrumb\",\"itemListElement\":[{\"@type\":\"ListItem\",\"position\":1,\"name\":\"Trang ch\u1ee7\",\"item\":\"https:\/\/hpltech.vn\/\"},{\"@type\":\"ListItem\",\"position\":2,\"name\":\"T\u1ea5t C\u1ea3 S\u1ea3n Ph\u1ea9m\",\"item\":\"https:\/\/hpltech.vn\/all-products\/\"},{\"@type\":\"ListItem\",\"position\":3,\"name\":\"B\u1ed9 \u0111i\u1ec1u khi\u1ec3n T3-BB Temco\"}]},{\"@type\":\"WebSite\",\"@id\":\"https:\/\/hpltech.vn\/#website\",\"url\":\"https:\/\/hpltech.vn\/\",\"name\":\"HPL TECH\",\"description\":\"C\u00f4ng Ty TNHH Th\u01b0\u01a1ng M\u1ea1i K\u1ef9 Thu\u1eadt HPL\",\"publisher\":{\"@id\":\"https:\/\/hpltech.vn\/#organization\"},\"alternateName\":\"HPLTECH.VN\",\"potentialAction\":[{\"@type\":\"SearchAction\",\"target\":{\"@type\":\"EntryPoint\",\"urlTemplate\":\"https:\/\/hpltech.vn\/?s={search_term_string}\"},\"query-input\":{\"@type\":\"PropertyValueSpecification\",\"valueRequired\":true,\"valueName\":\"search_term_string\"}}],\"inLanguage\":\"en-US\"},{\"@type\":\"Organization\",\"@id\":\"https:\/\/hpltech.vn\/#organization\",\"name\":\"C\u00f4ng Ty THNN Th\u01b0\u01a1ng M\u1ea1i K\u1ef9 Thu\u1eadt HPL\",\"alternateName\":\"HPL Tech\",\"url\":\"https:\/\/hpltech.vn\/\",\"logo\":{\"@type\":\"ImageObject\",\"inLanguage\":\"en-US\",\"@id\":\"https:\/\/hpltech.vn\/#\/schema\/logo\/image\/\",\"url\":\"https:\/\/hpltech.vn\/wp-content\/uploads\/2023\/12\/Logo-HPL-512.png\",\"contentUrl\":\"https:\/\/hpltech.vn\/wp-content\/uploads\/2023\/12\/Logo-HPL-512.png\",\"width\":512,\"height\":512,\"caption\":\"C\u00f4ng Ty THNN Th\u01b0\u01a1ng M\u1ea1i K\u1ef9 Thu\u1eadt HPL\"},\"image\":{\"@id\":\"https:\/\/hpltech.vn\/#\/schema\/logo\/image\/\"},\"sameAs\":[\"https:\/\/www.facebook.com\/HPLTECH\/\"]}]}<\/script>\n<!-- \/ Yoast SEO plugin. -->","yoast_head_json":{"title":"B\u1ed9 \u0111i\u1ec1u khi\u1ec3n T3-BB Temco - HPL TECH","description":"S\u1ea3n ph\u1ea9m \u1ee9ng d\u1ee5ng r\u1ed9ng r\u00e3i trong c\u00e1c h\u1ec7 th\u1ed1ng \u0111i\u1ec1u khi\u1ec3n t\u00f2a nh\u00e0 BMS, h\u1ec7 th\u1ed1ng HVAC.S\u1ed1 l\u01b0\u1ee3ng \u0111\u1ea7u v\u00e0o ra: 32UI\/12RO\/12AO.Kh\u1ea3 n\u0103ng m\u1edf r\u1ed9ng \u0111\u1ea7u v\u00e0o ra l\u00ean t\u1edbi 64 \u0111\u1ea7u v\u00e0o, 64 \u0111\u1ea7u ra.K\u1ebft n\u1ed1i h\u1ec7 th\u1ed1ng qu\u1ea3n l\u00fd t\u00f2a nh\u00e0 qua chu\u1ea9n Bacnet IP, Modbus TCP\/IP.Ph\u1ea7n m\u1ec1m l\u1eadp tr\u00ecnh T3000 mi\u1ec5n ph\u00ed.","robots":{"index":"index","follow":"follow","max-snippet":"max-snippet:-1","max-image-preview":"max-image-preview:large","max-video-preview":"max-video-preview:-1"},"canonical":"https:\/\/hpltech.vn\/en\/product\/bo-dieu-khien-t3-bb-temco\/","og_locale":"en_US","og_type":"article","og_title":"B\u1ed9 \u0111i\u1ec1u khi\u1ec3n T3-BB Temco - HPL TECH","og_description":"S\u1ea3n ph\u1ea9m \u1ee9ng d\u1ee5ng r\u1ed9ng r\u00e3i trong c\u00e1c h\u1ec7 th\u1ed1ng \u0111i\u1ec1u khi\u1ec3n t\u00f2a nh\u00e0 BMS, h\u1ec7 th\u1ed1ng HVAC.S\u1ed1 l\u01b0\u1ee3ng \u0111\u1ea7u v\u00e0o ra: 32UI\/12RO\/12AO.Kh\u1ea3 n\u0103ng m\u1edf r\u1ed9ng \u0111\u1ea7u v\u00e0o ra l\u00ean t\u1edbi 64 \u0111\u1ea7u v\u00e0o, 64 \u0111\u1ea7u ra.K\u1ebft n\u1ed1i h\u1ec7 th\u1ed1ng qu\u1ea3n l\u00fd t\u00f2a nh\u00e0 qua chu\u1ea9n Bacnet IP, Modbus TCP\/IP.Ph\u1ea7n m\u1ec1m l\u1eadp tr\u00ecnh T3000 mi\u1ec5n ph\u00ed.","og_url":"https:\/\/hpltech.vn\/en\/product\/bo-dieu-khien-t3-bb-temco\/","og_site_name":"HPL TECH","article_publisher":"https:\/\/www.facebook.com\/HPLTECH\/","article_modified_time":"2023-12-21T15:44:22+00:00","og_image":[{"width":1704,"height":2560,"url":"https:\/\/hpltech.vn\/wp-content\/uploads\/2023\/12\/T3-BB.jpg","type":"image\/jpeg"}],"twitter_card":"summary_large_image","twitter_misc":{"Est. reading time":"3 minutes"},"schema":{"@context":"https:\/\/schema.org","@graph":[{"@type":"WebPage","@id":"https:\/\/hpltech.vn\/san-pham\/bo-dieu-khien-t3-bb-temco\/","url":"https:\/\/hpltech.vn\/san-pham\/bo-dieu-khien-t3-bb-temco\/","name":"B\u1ed9 \u0111i\u1ec1u khi\u1ec3n T3-BB Temco - HPL TECH","isPartOf":{"@id":"https:\/\/hpltech.vn\/#website"},"primaryImageOfPage":{"@id":"https:\/\/hpltech.vn\/san-pham\/bo-dieu-khien-t3-bb-temco\/#primaryimage"},"image":{"@id":"https:\/\/hpltech.vn\/san-pham\/bo-dieu-khien-t3-bb-temco\/#primaryimage"},"thumbnailUrl":"https:\/\/hpltech.vn\/wp-content\/uploads\/2023\/12\/T3-BB.jpg","datePublished":"2023-12-17T04:27:48+00:00","dateModified":"2023-12-21T15:44:22+00:00","description":"S\u1ea3n ph\u1ea9m \u1ee9ng d\u1ee5ng r\u1ed9ng r\u00e3i trong c\u00e1c h\u1ec7 th\u1ed1ng \u0111i\u1ec1u khi\u1ec3n t\u00f2a nh\u00e0 BMS, h\u1ec7 th\u1ed1ng HVAC.S\u1ed1 l\u01b0\u1ee3ng \u0111\u1ea7u v\u00e0o ra: 32UI\/12RO\/12AO.Kh\u1ea3 n\u0103ng m\u1edf r\u1ed9ng \u0111\u1ea7u v\u00e0o ra l\u00ean t\u1edbi 64 \u0111\u1ea7u v\u00e0o, 64 \u0111\u1ea7u ra.K\u1ebft n\u1ed1i h\u1ec7 th\u1ed1ng qu\u1ea3n l\u00fd t\u00f2a nh\u00e0 qua chu\u1ea9n Bacnet IP, Modbus TCP\/IP.Ph\u1ea7n m\u1ec1m l\u1eadp tr\u00ecnh T3000 mi\u1ec5n ph\u00ed.","breadcrumb":{"@id":"https:\/\/hpltech.vn\/san-pham\/bo-dieu-khien-t3-bb-temco\/#breadcrumb"},"inLanguage":"en-US","potentialAction":[{"@type":"ReadAction","target":["https:\/\/hpltech.vn\/san-pham\/bo-dieu-khien-t3-bb-temco\/"]}]},{"@type":"ImageObject","inLanguage":"en-US","@id":"https:\/\/hpltech.vn\/san-pham\/bo-dieu-khien-t3-bb-temco\/#primaryimage","url":"https:\/\/hpltech.vn\/wp-content\/uploads\/2023\/12\/T3-BB.jpg","contentUrl":"https:\/\/hpltech.vn\/wp-content\/uploads\/2023\/12\/T3-BB.jpg","width":1704,"height":2560},{"@type":"BreadcrumbList","@id":"https:\/\/hpltech.vn\/san-pham\/bo-dieu-khien-t3-bb-temco\/#breadcrumb","itemListElement":[{"@type":"ListItem","position":1,"name":"Trang ch\u1ee7","item":"https:\/\/hpltech.vn\/"},{"@type":"ListItem","position":2,"name":"T\u1ea5t C\u1ea3 S\u1ea3n Ph\u1ea9m","item":"https:\/\/hpltech.vn\/all-products\/"},{"@type":"ListItem","position":3,"name":"B\u1ed9 \u0111i\u1ec1u khi\u1ec3n T3-BB Temco"}]},{"@type":"WebSite","@id":"https:\/\/hpltech.vn\/#website","url":"https:\/\/hpltech.vn\/","name":"HPL TECH","description":"HPL TECHNICAL TRADING COMPANY LIMITED","publisher":{"@id":"https:\/\/hpltech.vn\/#organization"},"alternateName":"HPLTECH.VN","potentialAction":[{"@type":"SearchAction","target":{"@type":"EntryPoint","urlTemplate":"https:\/\/hpltech.vn\/?s={search_term_string}"},"query-input":{"@type":"PropertyValueSpecification","valueRequired":true,"valueName":"search_term_string"}}],"inLanguage":"en-US"},{"@type":"Organization","@id":"https:\/\/hpltech.vn\/#organization","name":"C\u00f4ng Ty THNN Th\u01b0\u01a1ng M\u1ea1i K\u1ef9 Thu\u1eadt HPL","alternateName":"HPL Tech","url":"https:\/\/hpltech.vn\/","logo":{"@type":"ImageObject","inLanguage":"en-US","@id":"https:\/\/hpltech.vn\/#\/schema\/logo\/image\/","url":"https:\/\/hpltech.vn\/wp-content\/uploads\/2023\/12\/Logo-HPL-512.png","contentUrl":"https:\/\/hpltech.vn\/wp-content\/uploads\/2023\/12\/Logo-HPL-512.png","width":512,"height":512,"caption":"C\u00f4ng Ty THNN Th\u01b0\u01a1ng M\u1ea1i K\u1ef9 Thu\u1eadt HPL"},"image":{"@id":"https:\/\/hpltech.vn\/#\/schema\/logo\/image\/"},"sameAs":["https:\/\/www.facebook.com\/HPLTECH\/"]}]}},"_links":{"self":[{"href":"https:\/\/hpltech.vn\/en\/wp-json\/wp\/v2\/product\/1317","targetHints":{"allow":["GET"]}}],"collection":[{"href":"https:\/\/hpltech.vn\/en\/wp-json\/wp\/v2\/product"}],"about":[{"href":"https:\/\/hpltech.vn\/en\/wp-json\/wp\/v2\/types\/product"}],"wp:featuredmedia":[{"embeddable":true,"href":"https:\/\/hpltech.vn\/en\/wp-json\/wp\/v2\/media\/1318"}],"wp:attachment":[{"href":"https:\/\/hpltech.vn\/en\/wp-json\/wp\/v2\/media?parent=1317"}],"wp:term":[{"taxonomy":"product_brand","embeddable":true,"href":"https:\/\/hpltech.vn\/en\/wp-json\/wp\/v2\/product_brand?post=1317"},{"taxonomy":"product_cat","embeddable":true,"href":"https:\/\/hpltech.vn\/en\/wp-json\/wp\/v2\/product_cat?post=1317"},{"taxonomy":"product_tag","embeddable":true,"href":"https:\/\/hpltech.vn\/en\/wp-json\/wp\/v2\/product_tag?post=1317"}],"curies":[{"name":"wp","href":"https:\/\/api.w.org\/{rel}","templated":true}]}}