{"id":2546,"date":"2024-05-26T02:28:08","date_gmt":"2024-05-26T02:28:08","guid":{"rendered":"https:\/\/hpltech.vn\/?post_type=product&#038;p=2546"},"modified":"2026-04-02T09:09:51","modified_gmt":"2026-04-02T02:09:51","slug":"cam-bien-nhiet-do-va-do-am-rhpx-series-dwyer","status":"publish","type":"product","link":"https:\/\/hpltech.vn\/en\/product\/cam-bien-nhiet-do-va-do-am-rhpx-series-dwyer\/","title":{"rendered":"Dwyer RHPX Series Temperature and Humidity Sensors"},"content":{"rendered":"<p><span style=\"color: #000000; font-size: 90%;\"><strong><span style=\"vertical-align: inherit;\"><span style=\"vertical-align: inherit;\">Product highlights:<\/span><\/span><\/strong><\/span><\/p>\n<ul>\n<li><span style=\"font-size: 90%; color: #000000;\">Temperature and humidity sensor <strong>RHPX Series Dwyer<\/strong> \u0111\u01b0\u1ee3c \u1ee9ng d\u1ee5ng ph\u1ed5 bi\u1ebfn trong vi\u1ec7c \u0111o ki\u1ec3m ch\u1ea5t l\u01b0\u1ee3ng kh\u00f4ng kh\u00ed trong t\u00f2a nh\u00e0, nh\u00e0 m\u00e1y, ph\u00f2ng s\u1ea1ch v\u00e0 h\u1ec7 th\u1ed1ng m\u00e1y \u0111i\u1ec1u h\u00f2a AHU, PAU.<\/span><\/li>\n<li><span style=\"color: #000000; font-size: 85%;\"><span style=\"vertical-align: inherit;\"><span style=\"vertical-align: inherit;\">S\u1ea3n ph\u1ea9m \u0111\u01b0\u1ee3c l\u1eafp \u0111\u1eb7t \u1edf nhi\u1ec1u v\u1ecb tr\u00ed kh\u00e1c nhau nh\u01b0: \u1ed1ng gi\u00f3, g\u1eafn trong ph\u00f2ng, g\u1eafn ngo\u00e0i tr\u1eddi.<\/span><\/span><\/span><\/li>\n<li><span style=\"font-size: 90%; color: #000000;\"><span style=\"vertical-align: inherit;\"><span style=\"vertical-align: inherit;\">S\u1ea3n ph\u1ea9m v\u1edbi nhi\u1ec1u lo\u1ea1i \u0111\u1ea7u ra 4-20mA\/ 0-10VDC\/ Thermistor\/ RTD\/ Modbus RTU\/ Bacnet MSTP ph\u00f9 h\u1ee3p v\u1edbi h\u1ea7u h\u1ebft c\u00e1c thi\u1ebft b\u1ecb \u0111i\u1ec1u khi\u1ec3n DDC, PLC c\u00e1c h\u00e3ng tr\u00ean th\u1ecb tr\u01b0\u1eddng.<\/span><\/span><\/span><\/li>\n<li><span style=\"font-size: 90%; color: #000000;\"><span style=\"vertical-align: inherit;\"><span style=\"vertical-align: inherit;\">Additionally, the product features an LCD display that allows for the visual monitoring of accurate measurement values at the sensor installation location.<\/span><\/span><\/span><\/li>\n<\/ul>\n<p><span style=\"color: #000000; font-size: 90%;\"><strong><span style=\"vertical-align: inherit;\"><span style=\"vertical-align: inherit;\">Detailed specifications:<\/span><\/span><\/strong><\/span><\/p>\n<p><span style=\"font-size: 90%; color: #000000;\">Temperature and humidity sensor <strong>RHPX Series Dwyer<\/strong><\/span><\/p>\n<p><span style=\"font-size: 90%; color: #000000;\"><span style=\"vertical-align: inherit;\"><span style=\"vertical-align: inherit;\">\n<table id=\"tablepress-RHPX\" class=\"tablepress tablepress-id-RHPX\">\n<thead>\n<tr class=\"row-1\">\n\t<th class=\"column-1\">Specifications<\/th><th class=\"column-2\">Detailed description<\/th>\n<\/tr>\n<\/thead>\n<tbody class=\"row-striping row-hover\">\n<tr class=\"row-2\">\n\t<td class=\"column-1\">Sensor type<\/td><td class=\"column-2\">Temperature and humidity sensor<\/td>\n<\/tr>\n<tr class=\"row-3\">\n\t<td class=\"column-1\">Power supply<\/td><td class=\"column-2\">15-35 VDC \/ 15-29 VAC<\/td>\n<\/tr>\n<tr class=\"row-4\">\n\t<td class=\"column-1\">Measuring range<\/td><td class=\"column-2\">-40 - 60\u00b0C\/ 0-100%Rh<\/td>\n<\/tr>\n<tr class=\"row-5\">\n\t<td class=\"column-1\">Output signal<\/td><td class=\"column-2\">4-20mA\/ 0-10VDC\/ Thermistor\/ RTD\/ Modbus RTU\/ Bacnet MSTP<\/td>\n<\/tr>\n<tr class=\"row-6\">\n\t<td class=\"column-1\">Accuracy<\/td><td class=\"column-2\">\u00b10.2(0.3)\u00b0C, 2(3)%RH<\/td>\n<\/tr>\n<tr class=\"row-7\">\n\t<td class=\"column-1\">Operating temperature <\/td><td class=\"column-2\">-40 to 60\u00b0C<\/td>\n<\/tr>\n<tr class=\"row-8\">\n\t<td class=\"column-1\">Operating humidity <\/td><td class=\"column-2\">0-100%Rh<\/td>\n<\/tr>\n<tr class=\"row-9\">\n\t<td class=\"column-1\">Protection level<\/td><td class=\"column-2\">IP66<\/td>\n<\/tr>\n<tr class=\"row-10\">\n\t<td class=\"column-1\">Origin<\/td><td class=\"column-2\">Dwyer\/ USA<\/td>\n<\/tr>\n<\/tbody>\n<\/table>\n<!-- #tablepress-RHPX from cache --><\/span><\/span><\/span><\/p>\n<p><span style=\"font-size: 90%; color: #000000;\"><strong><span style=\"vertical-align: inherit;\"><span style=\"vertical-align: inherit;\">HPLTECH<\/span><\/span><\/strong><span style=\"vertical-align: inherit;\"><span style=\"vertical-align: inherit;\"> is the official distributor of Dwyer products in the Vietnamese market.<\/span><\/span><\/span><\/p>\n<p><span style=\"font-size: 90%; color: #000000;\"><span style=\"vertical-align: inherit;\"><span style=\"vertical-align: inherit;\">If you have any questions, please contact our Hotline.\u00a0<\/span><\/span><span style=\"color: #ff0000;\"><a style=\"color: #ff0000;\" href=\"tel:+84964041518\"><span style=\"vertical-align: inherit;\"><span style=\"vertical-align: inherit;\">(+84) 964041518<\/span><\/span><\/a>\u00a0<\/span><span style=\"vertical-align: inherit;\"><span style=\"vertical-align: inherit;\">to receive free advice on using the product.<\/span><\/span><\/span><\/p>","protected":false},"excerpt":{"rendered":"<ul>\n<li><span style=\"font-size: 85%; color: #000000;\"><span style=\"vertical-align: inherit;\"><span style=\"vertical-align: inherit;\">Temperature and humidity sensor <\/span><\/span><strong><span style=\"vertical-align: inherit;\"><span style=\"vertical-align: inherit;\">RHPX Series<\/span><\/span><\/strong><span style=\"vertical-align: inherit;\"><span style=\"vertical-align: inherit;\"> \u0111\u01b0\u1ee3c \u1ee9ng d\u1ee5ng ph\u1ed5 bi\u1ebfn trong vi\u1ec7c \u0111o ki\u1ec3m ch\u1ea5t l\u01b0\u1ee3ng kh\u00f4ng kh\u00ed trong t\u00f2a nh\u00e0, nh\u00e0 m\u00e1y, ph\u00f2ng s\u1ea1ch v\u00e0 h\u1ec7 th\u1ed1ng m\u00e1y \u0111i\u1ec1u h\u00f2a AHU, PAU.<\/span><\/span><\/span><\/li>\n<li><span style=\"color: #000000; font-size: 85%;\"><span style=\"vertical-align: inherit;\"><span style=\"vertical-align: inherit;\">V\u1ecb tr\u00ed l\u1eafp \u0111\u1eb7t: \u1ed1ng gi\u00f3, g\u1eafn trong ph\u00f2ng, g\u1eafn ngo\u00e0i tr\u1eddi.<\/span><\/span><\/span><\/li>\n<li><span style=\"color: #000000; font-size: 85%;\"><span style=\"vertical-align: inherit;\"><span style=\"vertical-align: inherit;\">Measurement range: -40 \u2013 60\u00b0C\/ 0-100%Rh.<\/span><\/span><\/span><\/li>\n<li><span style=\"color: #000000; font-size: 85%;\"><span style=\"vertical-align: inherit;\"><span style=\"vertical-align: inherit;\">T\u00edn hi\u1ec7u ra: 4-20mA\/ 0-10VDC\/ Thermistor\/ RTD\/ Modbus RTU\/ Bacnet MSTP<\/span><\/span><\/span><\/li>\n<\/ul>\n<p><img loading=\"lazy\" decoding=\"async\" class=\"alignnone wp-image-1429\" src=\"https:\/\/hpltech.vn\/wp-content\/uploads\/2023\/12\/pdf-icon-300x300.png\" alt=\"\" width=\"24\" height=\"24\" srcset=\"https:\/\/hpltech.vn\/wp-content\/uploads\/2023\/12\/pdf-icon-300x300.png 300w, https:\/\/hpltech.vn\/wp-content\/uploads\/2023\/12\/pdf-icon-100x100.png 100w, https:\/\/hpltech.vn\/wp-content\/uploads\/2023\/12\/pdf-icon-150x150.png 150w, https:\/\/hpltech.vn\/wp-content\/uploads\/2023\/12\/pdf-icon.png 512w\" sizes=\"auto, (max-width: 24px) 100vw, 24px\" \/> <span style=\"text-decoration: underline;\"><span style=\"font-size: 90%;\"><a href=\"https:\/\/drive.google.com\/file\/d\/1-FmWq2M8dckH_6SbVaimGcmWSqQNqzdd\/view?usp=drive_link\" target=\"_blank\" rel=\"nofollow noopener noreferrer\"><span style=\"color: #d83131; text-decoration: underline;\"><span style=\"vertical-align: inherit;\"><span style=\"vertical-align: inherit;\">RHPX_Series.pdf<\/span><\/span><\/span><\/a><\/span><\/span><\/p>","protected":false},"featured_media":2549,"template":"","meta":[],"product_brand":[],"product_cat":[32],"product_tag":[264,167,171,169,166,170,168],"class_list":{"0":"post-2546","1":"product","2":"type-product","3":"status-publish","4":"has-post-thumbnail","6":"product_cat-dwyer","7":"product_tag-nhiet-do-do-am","8":"product_tag-rhpx-2sda0-00","9":"product_tag-rhpx-2sdc0-00","10":"product_tag-rhpx-2ssa0-00","11":"product_tag-rhpx-3sda0-00","12":"product_tag-rhpx-3sdc0-00","13":"product_tag-rhpx-3ssa0-00","15":"first","16":"instock","17":"shipping-taxable","18":"product-type-simple"},"yoast_head":"<!-- This site is optimized with the Yoast SEO plugin v25.4 - https:\/\/yoast.com\/wordpress\/plugins\/seo\/ -->\n<title>C\u1ea3m bi\u1ebfn nhi\u1ec7t \u0111\u1ed9 v\u00e0 \u0111\u1ed9 \u1ea9m RHPX Series Dwyer - HPL TECH<\/title>\n<meta name=\"description\" content=\"C\u1ea3m bi\u1ebfn nhi\u1ec7t \u0111\u1ed9 v\u00e0 \u0111\u1ed9 \u1ea9m RHPX Series Dwyer \u1ee9ng d\u1ee5ng ph\u1ed5 bi\u1ebfn trong \u0111o ki\u1ec3m ch\u1ea5t l\u01b0\u1ee3ng kh\u00f4ng kh\u00ed t\u00f2a nh\u00e0, nh\u00e0 m\u00e1y, ph\u00f2ng s\u1ea1ch v\u00e0 h\u1ec7 th\u1ed1ng m\u00e1y \u0111i\u1ec1u h\u00f2a AHU, PAU. D\u1ea3i \u0111o: -40 - 60\u00b0C\/ 0-100%Rh.T\u00edn hi\u1ec7u ra: 4-20mA\/ 0-10VDC\/ Thermistor\/ RTD. V\u1ecb tr\u00ed l\u1eafp \u0111\u1eb7t: \u1ed1ng gi\u00f3, g\u1eafn trong ph\u00f2ng, g\u1eafn ngo\u00e0i tr\u1eddi.\" \/>\n<meta name=\"robots\" content=\"index, follow, max-snippet:-1, max-image-preview:large, max-video-preview:-1\" \/>\n<link rel=\"canonical\" href=\"https:\/\/hpltech.vn\/en\/product\/cam-bien-nhiet-do-va-do-am-rhpx-series-dwyer\/\" \/>\n<meta property=\"og:locale\" content=\"en_US\" \/>\n<meta property=\"og:type\" content=\"article\" \/>\n<meta property=\"og:title\" content=\"C\u1ea3m bi\u1ebfn nhi\u1ec7t \u0111\u1ed9 v\u00e0 \u0111\u1ed9 \u1ea9m RHPX Series Dwyer - HPL TECH\" \/>\n<meta property=\"og:description\" content=\"C\u1ea3m bi\u1ebfn nhi\u1ec7t \u0111\u1ed9 v\u00e0 \u0111\u1ed9 \u1ea9m RHPX Series Dwyer \u1ee9ng d\u1ee5ng ph\u1ed5 bi\u1ebfn trong \u0111o ki\u1ec3m ch\u1ea5t l\u01b0\u1ee3ng kh\u00f4ng kh\u00ed t\u00f2a nh\u00e0, nh\u00e0 m\u00e1y, ph\u00f2ng s\u1ea1ch v\u00e0 h\u1ec7 th\u1ed1ng m\u00e1y \u0111i\u1ec1u h\u00f2a AHU, PAU. D\u1ea3i \u0111o: -40 - 60\u00b0C\/ 0-100%Rh.T\u00edn hi\u1ec7u ra: 4-20mA\/ 0-10VDC\/ Thermistor\/ RTD. V\u1ecb tr\u00ed l\u1eafp \u0111\u1eb7t: \u1ed1ng gi\u00f3, g\u1eafn trong ph\u00f2ng, g\u1eafn ngo\u00e0i tr\u1eddi.\" \/>\n<meta property=\"og:url\" content=\"https:\/\/hpltech.vn\/en\/product\/cam-bien-nhiet-do-va-do-am-rhpx-series-dwyer\/\" \/>\n<meta property=\"og:site_name\" content=\"HPL TECH\" \/>\n<meta property=\"article:publisher\" content=\"https:\/\/www.facebook.com\/HPLTECH\/\" \/>\n<meta property=\"article:modified_time\" content=\"2026-04-02T02:09:51+00:00\" \/>\n<meta property=\"og:image\" content=\"https:\/\/hpltech.vn\/wp-content\/uploads\/2024\/05\/RHPX-Series-01-.jpg\" \/>\n\t<meta property=\"og:image:width\" content=\"632\" \/>\n\t<meta property=\"og:image:height\" content=\"632\" \/>\n\t<meta property=\"og:image:type\" content=\"image\/jpeg\" \/>\n<meta name=\"twitter:card\" content=\"summary_large_image\" \/>\n<meta name=\"twitter:label1\" content=\"Est. reading time\" \/>\n\t<meta name=\"twitter:data1\" content=\"2 minutes\" \/>\n<script type=\"application\/ld+json\" class=\"yoast-schema-graph\">{\"@context\":\"https:\/\/schema.org\",\"@graph\":[{\"@type\":\"WebPage\",\"@id\":\"https:\/\/hpltech.vn\/san-pham\/cam-bien-nhiet-do-va-do-am-rhpx-series-dwyer\/\",\"url\":\"https:\/\/hpltech.vn\/san-pham\/cam-bien-nhiet-do-va-do-am-rhpx-series-dwyer\/\",\"name\":\"C\u1ea3m bi\u1ebfn nhi\u1ec7t \u0111\u1ed9 v\u00e0 \u0111\u1ed9 \u1ea9m RHPX Series Dwyer - HPL TECH\",\"isPartOf\":{\"@id\":\"https:\/\/hpltech.vn\/#website\"},\"primaryImageOfPage\":{\"@id\":\"https:\/\/hpltech.vn\/san-pham\/cam-bien-nhiet-do-va-do-am-rhpx-series-dwyer\/#primaryimage\"},\"image\":{\"@id\":\"https:\/\/hpltech.vn\/san-pham\/cam-bien-nhiet-do-va-do-am-rhpx-series-dwyer\/#primaryimage\"},\"thumbnailUrl\":\"https:\/\/hpltech.vn\/wp-content\/uploads\/2024\/05\/RHPX-Series-01-.jpg\",\"datePublished\":\"2024-05-26T02:28:08+00:00\",\"dateModified\":\"2026-04-02T02:09:51+00:00\",\"description\":\"C\u1ea3m bi\u1ebfn nhi\u1ec7t \u0111\u1ed9 v\u00e0 \u0111\u1ed9 \u1ea9m RHPX Series Dwyer \u1ee9ng d\u1ee5ng ph\u1ed5 bi\u1ebfn trong \u0111o ki\u1ec3m ch\u1ea5t l\u01b0\u1ee3ng kh\u00f4ng kh\u00ed t\u00f2a nh\u00e0, nh\u00e0 m\u00e1y, ph\u00f2ng s\u1ea1ch v\u00e0 h\u1ec7 th\u1ed1ng m\u00e1y \u0111i\u1ec1u h\u00f2a AHU, PAU. D\u1ea3i \u0111o: -40 - 60\u00b0C\/ 0-100%Rh.T\u00edn hi\u1ec7u ra: 4-20mA\/ 0-10VDC\/ Thermistor\/ RTD. V\u1ecb tr\u00ed l\u1eafp \u0111\u1eb7t: \u1ed1ng gi\u00f3, g\u1eafn trong ph\u00f2ng, g\u1eafn ngo\u00e0i tr\u1eddi.\",\"breadcrumb\":{\"@id\":\"https:\/\/hpltech.vn\/san-pham\/cam-bien-nhiet-do-va-do-am-rhpx-series-dwyer\/#breadcrumb\"},\"inLanguage\":\"en-US\",\"potentialAction\":[{\"@type\":\"ReadAction\",\"target\":[\"https:\/\/hpltech.vn\/san-pham\/cam-bien-nhiet-do-va-do-am-rhpx-series-dwyer\/\"]}]},{\"@type\":\"ImageObject\",\"inLanguage\":\"en-US\",\"@id\":\"https:\/\/hpltech.vn\/san-pham\/cam-bien-nhiet-do-va-do-am-rhpx-series-dwyer\/#primaryimage\",\"url\":\"https:\/\/hpltech.vn\/wp-content\/uploads\/2024\/05\/RHPX-Series-01-.jpg\",\"contentUrl\":\"https:\/\/hpltech.vn\/wp-content\/uploads\/2024\/05\/RHPX-Series-01-.jpg\",\"width\":632,\"height\":632},{\"@type\":\"BreadcrumbList\",\"@id\":\"https:\/\/hpltech.vn\/san-pham\/cam-bien-nhiet-do-va-do-am-rhpx-series-dwyer\/#breadcrumb\",\"itemListElement\":[{\"@type\":\"ListItem\",\"position\":1,\"name\":\"Trang ch\u1ee7\",\"item\":\"https:\/\/hpltech.vn\/\"},{\"@type\":\"ListItem\",\"position\":2,\"name\":\"T\u1ea5t C\u1ea3 S\u1ea3n Ph\u1ea9m\",\"item\":\"https:\/\/hpltech.vn\/all-products\/\"},{\"@type\":\"ListItem\",\"position\":3,\"name\":\"C\u1ea3m bi\u1ebfn nhi\u1ec7t \u0111\u1ed9 v\u00e0 \u0111\u1ed9 \u1ea9m RHPX Series Dwyer\"}]},{\"@type\":\"WebSite\",\"@id\":\"https:\/\/hpltech.vn\/#website\",\"url\":\"https:\/\/hpltech.vn\/\",\"name\":\"HPL TECH\",\"description\":\"C\u00f4ng Ty TNHH Th\u01b0\u01a1ng M\u1ea1i K\u1ef9 Thu\u1eadt HPL\",\"publisher\":{\"@id\":\"https:\/\/hpltech.vn\/#organization\"},\"alternateName\":\"HPLTECH.VN\",\"potentialAction\":[{\"@type\":\"SearchAction\",\"target\":{\"@type\":\"EntryPoint\",\"urlTemplate\":\"https:\/\/hpltech.vn\/?s={search_term_string}\"},\"query-input\":{\"@type\":\"PropertyValueSpecification\",\"valueRequired\":true,\"valueName\":\"search_term_string\"}}],\"inLanguage\":\"en-US\"},{\"@type\":\"Organization\",\"@id\":\"https:\/\/hpltech.vn\/#organization\",\"name\":\"C\u00f4ng Ty THNN Th\u01b0\u01a1ng M\u1ea1i K\u1ef9 Thu\u1eadt HPL\",\"alternateName\":\"HPL Tech\",\"url\":\"https:\/\/hpltech.vn\/\",\"logo\":{\"@type\":\"ImageObject\",\"inLanguage\":\"en-US\",\"@id\":\"https:\/\/hpltech.vn\/#\/schema\/logo\/image\/\",\"url\":\"https:\/\/hpltech.vn\/wp-content\/uploads\/2023\/12\/Logo-HPL-512.png\",\"contentUrl\":\"https:\/\/hpltech.vn\/wp-content\/uploads\/2023\/12\/Logo-HPL-512.png\",\"width\":512,\"height\":512,\"caption\":\"C\u00f4ng Ty THNN Th\u01b0\u01a1ng M\u1ea1i K\u1ef9 Thu\u1eadt HPL\"},\"image\":{\"@id\":\"https:\/\/hpltech.vn\/#\/schema\/logo\/image\/\"},\"sameAs\":[\"https:\/\/www.facebook.com\/HPLTECH\/\"]}]}<\/script>\n<!-- \/ Yoast SEO plugin. -->","yoast_head_json":{"title":"C\u1ea3m bi\u1ebfn nhi\u1ec7t \u0111\u1ed9 v\u00e0 \u0111\u1ed9 \u1ea9m RHPX Series Dwyer - HPL TECH","description":"C\u1ea3m bi\u1ebfn nhi\u1ec7t \u0111\u1ed9 v\u00e0 \u0111\u1ed9 \u1ea9m RHPX Series Dwyer \u1ee9ng d\u1ee5ng ph\u1ed5 bi\u1ebfn trong \u0111o ki\u1ec3m ch\u1ea5t l\u01b0\u1ee3ng kh\u00f4ng kh\u00ed t\u00f2a nh\u00e0, nh\u00e0 m\u00e1y, ph\u00f2ng s\u1ea1ch v\u00e0 h\u1ec7 th\u1ed1ng m\u00e1y \u0111i\u1ec1u h\u00f2a AHU, PAU. D\u1ea3i \u0111o: -40 - 60\u00b0C\/ 0-100%Rh.T\u00edn hi\u1ec7u ra: 4-20mA\/ 0-10VDC\/ Thermistor\/ RTD. V\u1ecb tr\u00ed l\u1eafp \u0111\u1eb7t: \u1ed1ng gi\u00f3, g\u1eafn trong ph\u00f2ng, g\u1eafn ngo\u00e0i tr\u1eddi.","robots":{"index":"index","follow":"follow","max-snippet":"max-snippet:-1","max-image-preview":"max-image-preview:large","max-video-preview":"max-video-preview:-1"},"canonical":"https:\/\/hpltech.vn\/en\/product\/cam-bien-nhiet-do-va-do-am-rhpx-series-dwyer\/","og_locale":"en_US","og_type":"article","og_title":"C\u1ea3m bi\u1ebfn nhi\u1ec7t \u0111\u1ed9 v\u00e0 \u0111\u1ed9 \u1ea9m RHPX Series Dwyer - HPL TECH","og_description":"C\u1ea3m bi\u1ebfn nhi\u1ec7t \u0111\u1ed9 v\u00e0 \u0111\u1ed9 \u1ea9m RHPX Series Dwyer \u1ee9ng d\u1ee5ng ph\u1ed5 bi\u1ebfn trong \u0111o ki\u1ec3m ch\u1ea5t l\u01b0\u1ee3ng kh\u00f4ng kh\u00ed t\u00f2a nh\u00e0, nh\u00e0 m\u00e1y, ph\u00f2ng s\u1ea1ch v\u00e0 h\u1ec7 th\u1ed1ng m\u00e1y \u0111i\u1ec1u h\u00f2a AHU, PAU. D\u1ea3i \u0111o: -40 - 60\u00b0C\/ 0-100%Rh.T\u00edn hi\u1ec7u ra: 4-20mA\/ 0-10VDC\/ Thermistor\/ RTD. V\u1ecb tr\u00ed l\u1eafp \u0111\u1eb7t: \u1ed1ng gi\u00f3, g\u1eafn trong ph\u00f2ng, g\u1eafn ngo\u00e0i tr\u1eddi.","og_url":"https:\/\/hpltech.vn\/en\/product\/cam-bien-nhiet-do-va-do-am-rhpx-series-dwyer\/","og_site_name":"HPL TECH","article_publisher":"https:\/\/www.facebook.com\/HPLTECH\/","article_modified_time":"2026-04-02T02:09:51+00:00","og_image":[{"width":632,"height":632,"url":"https:\/\/hpltech.vn\/wp-content\/uploads\/2024\/05\/RHPX-Series-01-.jpg","type":"image\/jpeg"}],"twitter_card":"summary_large_image","twitter_misc":{"Est. reading time":"2 minutes"},"schema":{"@context":"https:\/\/schema.org","@graph":[{"@type":"WebPage","@id":"https:\/\/hpltech.vn\/san-pham\/cam-bien-nhiet-do-va-do-am-rhpx-series-dwyer\/","url":"https:\/\/hpltech.vn\/san-pham\/cam-bien-nhiet-do-va-do-am-rhpx-series-dwyer\/","name":"C\u1ea3m bi\u1ebfn nhi\u1ec7t \u0111\u1ed9 v\u00e0 \u0111\u1ed9 \u1ea9m RHPX Series Dwyer - HPL TECH","isPartOf":{"@id":"https:\/\/hpltech.vn\/#website"},"primaryImageOfPage":{"@id":"https:\/\/hpltech.vn\/san-pham\/cam-bien-nhiet-do-va-do-am-rhpx-series-dwyer\/#primaryimage"},"image":{"@id":"https:\/\/hpltech.vn\/san-pham\/cam-bien-nhiet-do-va-do-am-rhpx-series-dwyer\/#primaryimage"},"thumbnailUrl":"https:\/\/hpltech.vn\/wp-content\/uploads\/2024\/05\/RHPX-Series-01-.jpg","datePublished":"2024-05-26T02:28:08+00:00","dateModified":"2026-04-02T02:09:51+00:00","description":"C\u1ea3m bi\u1ebfn nhi\u1ec7t \u0111\u1ed9 v\u00e0 \u0111\u1ed9 \u1ea9m RHPX Series Dwyer \u1ee9ng d\u1ee5ng ph\u1ed5 bi\u1ebfn trong \u0111o ki\u1ec3m ch\u1ea5t l\u01b0\u1ee3ng kh\u00f4ng kh\u00ed t\u00f2a nh\u00e0, nh\u00e0 m\u00e1y, ph\u00f2ng s\u1ea1ch v\u00e0 h\u1ec7 th\u1ed1ng m\u00e1y \u0111i\u1ec1u h\u00f2a AHU, PAU. D\u1ea3i \u0111o: -40 - 60\u00b0C\/ 0-100%Rh.T\u00edn hi\u1ec7u ra: 4-20mA\/ 0-10VDC\/ Thermistor\/ RTD. V\u1ecb tr\u00ed l\u1eafp \u0111\u1eb7t: \u1ed1ng gi\u00f3, g\u1eafn trong ph\u00f2ng, g\u1eafn ngo\u00e0i tr\u1eddi.","breadcrumb":{"@id":"https:\/\/hpltech.vn\/san-pham\/cam-bien-nhiet-do-va-do-am-rhpx-series-dwyer\/#breadcrumb"},"inLanguage":"en-US","potentialAction":[{"@type":"ReadAction","target":["https:\/\/hpltech.vn\/san-pham\/cam-bien-nhiet-do-va-do-am-rhpx-series-dwyer\/"]}]},{"@type":"ImageObject","inLanguage":"en-US","@id":"https:\/\/hpltech.vn\/san-pham\/cam-bien-nhiet-do-va-do-am-rhpx-series-dwyer\/#primaryimage","url":"https:\/\/hpltech.vn\/wp-content\/uploads\/2024\/05\/RHPX-Series-01-.jpg","contentUrl":"https:\/\/hpltech.vn\/wp-content\/uploads\/2024\/05\/RHPX-Series-01-.jpg","width":632,"height":632},{"@type":"BreadcrumbList","@id":"https:\/\/hpltech.vn\/san-pham\/cam-bien-nhiet-do-va-do-am-rhpx-series-dwyer\/#breadcrumb","itemListElement":[{"@type":"ListItem","position":1,"name":"Trang ch\u1ee7","item":"https:\/\/hpltech.vn\/"},{"@type":"ListItem","position":2,"name":"T\u1ea5t C\u1ea3 S\u1ea3n Ph\u1ea9m","item":"https:\/\/hpltech.vn\/all-products\/"},{"@type":"ListItem","position":3,"name":"C\u1ea3m bi\u1ebfn nhi\u1ec7t \u0111\u1ed9 v\u00e0 \u0111\u1ed9 \u1ea9m RHPX Series Dwyer"}]},{"@type":"WebSite","@id":"https:\/\/hpltech.vn\/#website","url":"https:\/\/hpltech.vn\/","name":"HPL TECH","description":"HPL TECHNICAL TRADING COMPANY LIMITED","publisher":{"@id":"https:\/\/hpltech.vn\/#organization"},"alternateName":"HPLTECH.VN","potentialAction":[{"@type":"SearchAction","target":{"@type":"EntryPoint","urlTemplate":"https:\/\/hpltech.vn\/?s={search_term_string}"},"query-input":{"@type":"PropertyValueSpecification","valueRequired":true,"valueName":"search_term_string"}}],"inLanguage":"en-US"},{"@type":"Organization","@id":"https:\/\/hpltech.vn\/#organization","name":"C\u00f4ng Ty THNN Th\u01b0\u01a1ng M\u1ea1i K\u1ef9 Thu\u1eadt HPL","alternateName":"HPL Tech","url":"https:\/\/hpltech.vn\/","logo":{"@type":"ImageObject","inLanguage":"en-US","@id":"https:\/\/hpltech.vn\/#\/schema\/logo\/image\/","url":"https:\/\/hpltech.vn\/wp-content\/uploads\/2023\/12\/Logo-HPL-512.png","contentUrl":"https:\/\/hpltech.vn\/wp-content\/uploads\/2023\/12\/Logo-HPL-512.png","width":512,"height":512,"caption":"C\u00f4ng Ty THNN Th\u01b0\u01a1ng M\u1ea1i K\u1ef9 Thu\u1eadt HPL"},"image":{"@id":"https:\/\/hpltech.vn\/#\/schema\/logo\/image\/"},"sameAs":["https:\/\/www.facebook.com\/HPLTECH\/"]}]}},"_links":{"self":[{"href":"https:\/\/hpltech.vn\/en\/wp-json\/wp\/v2\/product\/2546","targetHints":{"allow":["GET"]}}],"collection":[{"href":"https:\/\/hpltech.vn\/en\/wp-json\/wp\/v2\/product"}],"about":[{"href":"https:\/\/hpltech.vn\/en\/wp-json\/wp\/v2\/types\/product"}],"wp:featuredmedia":[{"embeddable":true,"href":"https:\/\/hpltech.vn\/en\/wp-json\/wp\/v2\/media\/2549"}],"wp:attachment":[{"href":"https:\/\/hpltech.vn\/en\/wp-json\/wp\/v2\/media?parent=2546"}],"wp:term":[{"taxonomy":"product_brand","embeddable":true,"href":"https:\/\/hpltech.vn\/en\/wp-json\/wp\/v2\/product_brand?post=2546"},{"taxonomy":"product_cat","embeddable":true,"href":"https:\/\/hpltech.vn\/en\/wp-json\/wp\/v2\/product_cat?post=2546"},{"taxonomy":"product_tag","embeddable":true,"href":"https:\/\/hpltech.vn\/en\/wp-json\/wp\/v2\/product_tag?post=2546"}],"curies":[{"name":"wp","href":"https:\/\/api.w.org\/{rel}","templated":true}]}}