{"id":2558,"date":"2024-10-28T13:14:35","date_gmt":"2024-10-28T13:14:35","guid":{"rendered":"https:\/\/hpltech.vn\/?post_type=product&#038;p=2558"},"modified":"2026-04-02T09:09:26","modified_gmt":"2026-04-02T02:09:26","slug":"cam-bien-do-muc-dau-tl400-i-novus","status":"publish","type":"product","link":"https:\/\/hpltech.vn\/en\/product\/cam-bien-do-muc-dau-tl400-i-novus\/","title":{"rendered":"Novus TL400-I Oil Level Sensor"},"content":{"rendered":"<p><span style=\"color: #000000; font-size: 90%;\">Product highlights:<\/span><\/p>\n<ul>\n<li><span style=\"font-size: 90%; color: #000000;\">Oil level sensor <strong>TL400-I<\/strong>, Novus\/Brasil manufacturers are widely used in measuring water levels, oil tank levels, and levels of various types of solids.<\/span><\/li>\n<li><span style=\"color: #000000; font-size: 90%;\">The sensor uses non-contact laser measurement technology.<\/span><\/li>\n<li><span style=\"color: #000000; font-size: 90%;\">Measuring range: 0-4m.<\/span><\/li>\n<li><span style=\"color: #000000; font-size: 90%;\">Output signal: 4-20mA.<\/span><\/li>\n<li><span style=\"font-size: 90%; color: #000000;\">Accuracy: \u00b13mm.<\/span><\/li>\n<li><span style=\"color: #000000; font-size: 90%;\">Allow customization of the measurement range, declare non-linear measurement tanks with up to 20 measurement points using software.<\/span><\/li>\n<\/ul>\n<p><span style=\"color: #000000; font-size: 90%;\">Detailed specifications:<\/span><\/p>\n<p><span style=\"font-size: 90%; color: #000000;\">\n<table id=\"tablepress-TL400-I\" class=\"tablepress tablepress-id-TL400-I\">\n<thead>\n<tr class=\"row-1\">\n\t<th class=\"column-1\">Specifications<\/th><th class=\"column-2\">Detailed description<\/th>\n<\/tr>\n<\/thead>\n<tbody class=\"row-striping row-hover\">\n<tr class=\"row-2\">\n\t<td class=\"column-1\">Sensor type<\/td><td class=\"column-2\">Level sensor<\/td>\n<\/tr>\n<tr class=\"row-3\">\n\t<td class=\"column-1\">Power supply<\/td><td class=\"column-2\">8-33 VDC<\/td>\n<\/tr>\n<tr class=\"row-4\">\n\t<td class=\"column-1\">Measuring range<\/td><td class=\"column-2\">0-4 meters<\/td>\n<\/tr>\n<tr class=\"row-5\">\n\t<td class=\"column-1\">Output signal<\/td><td class=\"column-2\">4-20mA<\/td>\n<\/tr>\n<tr class=\"row-6\">\n\t<td class=\"column-1\">Accuracy<\/td><td class=\"column-2\">\u00b13mm<\/td>\n<\/tr>\n<tr class=\"row-7\">\n\t<td class=\"column-1\">Operating temperature <\/td><td class=\"column-2\">-20 to 80\u00b0C<\/td>\n<\/tr>\n<tr class=\"row-8\">\n\t<td class=\"column-1\">Operating pressure <\/td><td class=\"column-2\"><\/td>\n<\/tr>\n<tr class=\"row-9\">\n\t<td class=\"column-1\">Protection level<\/td><td class=\"column-2\">IP68<\/td>\n<\/tr>\n<tr class=\"row-10\">\n\t<td class=\"column-1\">Origin<\/td><td class=\"column-2\">Novus\/Brazil<\/td>\n<\/tr>\n<\/tbody>\n<\/table>\n<!-- #tablepress-TL400-I from cache --><\/span><\/p>\n<p><span style=\"font-size: 90%; color: #000000;\">HPLTECH is the authorized distributor of Novus products in the Vietnamese market.<\/span><\/p>\n<p><span style=\"font-size: 90%; color: #000000;\">If you have any questions, please contact our Hotline.\u00a0<span style=\"color: #ff0000;\"><a style=\"color: #ff0000;\" href=\"tel:+84964041518\">(+84) 964041518<\/a>\u00a0<\/span>to receive free advice on using the product.<\/span><\/p>","protected":false},"excerpt":{"rendered":"<ul>\n<li><span style=\"font-size: 80%; color: #000000;\">The TL400-I oil level sensor, manufactured by Novus\/Brazil, is widely used for measuring water levels, oil tank levels, and levels of various solids.<\/span><\/li>\n<li><span style=\"color: #000000; font-size: 80%;\">The sensor uses non-contact laser measurement technology.<\/span><\/li>\n<li><span style=\"color: #000000; font-size: 80%;\">Measuring range: 0-4m.<\/span><\/li>\n<li><span style=\"color: #000000; font-size: 80%;\">Output signal: 4-20mA.<\/span><\/li>\n<li><span style=\"font-size: 80%; color: #000000;\">Accuracy: \u00b13mm.<\/span><\/li>\n<li><span style=\"color: #000000; font-size: 80%;\">Allow customization of the measurement range, declare non-linear measurement tanks with up to 20 measurement points using software<\/span><\/li>\n<\/ul>","protected":false},"featured_media":1818,"template":"","meta":[],"product_brand":[],"product_cat":[34],"product_tag":[262,120,122,121],"class_list":{"0":"post-2558","1":"product","2":"type-product","3":"status-publish","4":"has-post-thumbnail","6":"product_cat-novus","7":"product_tag-cam-bien-do-muc","8":"product_tag-cambienmucdau","9":"product_tag-cambienmucnuoc","10":"product_tag-tl400-i","12":"first","13":"instock","14":"shipping-taxable","15":"product-type-simple"},"yoast_head":"<!-- This site is optimized with the Yoast SEO plugin v25.4 - https:\/\/yoast.com\/wordpress\/plugins\/seo\/ -->\n<title>C\u1ea3m bi\u1ebfn \u0111o m\u1ee9c d\u1ea7u TL400-I Novus - HPL TECH<\/title>\n<meta name=\"description\" content=\"C\u1ea3m bi\u1ebfn \u0111o m\u1ee9c d\u1ea7u TL400-I, h\u00e3ng s\u1ea3n xu\u1ea5t Novus\/Brasil \u0111\u01b0\u1ee3c \u1ee9ng d\u1ee5ng r\u1ed9ng r\u00e3i trong vi\u1ec7c \u0111o m\u1ee9c n\u01b0\u1edbc, m\u1ee9c b\u1ed3n d\u1ea7u, m\u1ee9c c\u00e1c lo\u1ea1i ch\u1ea5t r\u1eafn.C\u1ea3m bi\u1ebfn s\u1eed d\u1ee5ng c\u00f4ng ngh\u1ec7 \u0111o Laser kh\u00f4ng ti\u1ebfp x\u00fac.D\u1ea3i \u0111o: 0-4m.T\u00edn hi\u1ec7u ra: 4-20mA.\u0110\u1ed9 ch\u00ednh x\u00e1c: \u00b13mm.Cho ph\u00e9p t\u00f9y ch\u1ec9nh d\u1ea3i \u0111o, khai b\u00e1o c\u00e1c lo\u1ea1i b\u1ed3n \u0111o phi tuy\u1ebfn l\u00ean t\u1edbi 20 \u0111i\u1ec3m \u0111o b\u1eb1ng ph\u1ea7n m\u1ec1m\" \/>\n<meta name=\"robots\" content=\"index, follow, max-snippet:-1, max-image-preview:large, max-video-preview:-1\" \/>\n<link rel=\"canonical\" href=\"https:\/\/hpltech.vn\/en\/product\/cam-bien-do-muc-dau-tl400-i-novus\/\" \/>\n<meta property=\"og:locale\" content=\"en_US\" \/>\n<meta property=\"og:type\" content=\"article\" \/>\n<meta property=\"og:title\" content=\"C\u1ea3m bi\u1ebfn \u0111o m\u1ee9c d\u1ea7u TL400-I Novus - HPL TECH\" \/>\n<meta property=\"og:description\" content=\"C\u1ea3m bi\u1ebfn \u0111o m\u1ee9c d\u1ea7u TL400-I, h\u00e3ng s\u1ea3n xu\u1ea5t Novus\/Brasil \u0111\u01b0\u1ee3c \u1ee9ng d\u1ee5ng r\u1ed9ng r\u00e3i trong vi\u1ec7c \u0111o m\u1ee9c n\u01b0\u1edbc, m\u1ee9c b\u1ed3n d\u1ea7u, m\u1ee9c c\u00e1c lo\u1ea1i ch\u1ea5t r\u1eafn.C\u1ea3m bi\u1ebfn s\u1eed d\u1ee5ng c\u00f4ng ngh\u1ec7 \u0111o Laser kh\u00f4ng ti\u1ebfp x\u00fac.D\u1ea3i \u0111o: 0-4m.T\u00edn hi\u1ec7u ra: 4-20mA.\u0110\u1ed9 ch\u00ednh x\u00e1c: \u00b13mm.Cho ph\u00e9p t\u00f9y ch\u1ec9nh d\u1ea3i \u0111o, khai b\u00e1o c\u00e1c lo\u1ea1i b\u1ed3n \u0111o phi tuy\u1ebfn l\u00ean t\u1edbi 20 \u0111i\u1ec3m \u0111o b\u1eb1ng ph\u1ea7n m\u1ec1m\" \/>\n<meta property=\"og:url\" content=\"https:\/\/hpltech.vn\/en\/product\/cam-bien-do-muc-dau-tl400-i-novus\/\" \/>\n<meta property=\"og:site_name\" content=\"HPL TECH\" \/>\n<meta property=\"article:publisher\" content=\"https:\/\/www.facebook.com\/HPLTECH\/\" \/>\n<meta property=\"article:modified_time\" content=\"2026-04-02T02:09:26+00:00\" \/>\n<meta property=\"og:image\" content=\"https:\/\/hpltech.vn\/wp-content\/uploads\/2024\/01\/z5037961819044_21020a00872afcbe0e3f9f0954d0ce63.jpg\" \/>\n\t<meta property=\"og:image:width\" content=\"733\" \/>\n\t<meta property=\"og:image:height\" content=\"733\" \/>\n\t<meta property=\"og:image:type\" content=\"image\/jpeg\" \/>\n<meta name=\"twitter:card\" content=\"summary_large_image\" \/>\n<meta name=\"twitter:label1\" content=\"Est. reading time\" \/>\n\t<meta name=\"twitter:data1\" content=\"1 minute\" \/>\n<script type=\"application\/ld+json\" class=\"yoast-schema-graph\">{\"@context\":\"https:\/\/schema.org\",\"@graph\":[{\"@type\":\"WebPage\",\"@id\":\"https:\/\/hpltech.vn\/san-pham\/cam-bien-do-muc-dau-tl400-i-novus\/\",\"url\":\"https:\/\/hpltech.vn\/san-pham\/cam-bien-do-muc-dau-tl400-i-novus\/\",\"name\":\"C\u1ea3m bi\u1ebfn \u0111o m\u1ee9c d\u1ea7u TL400-I Novus - HPL TECH\",\"isPartOf\":{\"@id\":\"https:\/\/hpltech.vn\/#website\"},\"primaryImageOfPage\":{\"@id\":\"https:\/\/hpltech.vn\/san-pham\/cam-bien-do-muc-dau-tl400-i-novus\/#primaryimage\"},\"image\":{\"@id\":\"https:\/\/hpltech.vn\/san-pham\/cam-bien-do-muc-dau-tl400-i-novus\/#primaryimage\"},\"thumbnailUrl\":\"https:\/\/hpltech.vn\/wp-content\/uploads\/2024\/01\/z5037961819044_21020a00872afcbe0e3f9f0954d0ce63.jpg\",\"datePublished\":\"2024-10-28T13:14:35+00:00\",\"dateModified\":\"2026-04-02T02:09:26+00:00\",\"description\":\"C\u1ea3m bi\u1ebfn \u0111o m\u1ee9c d\u1ea7u TL400-I, h\u00e3ng s\u1ea3n xu\u1ea5t Novus\/Brasil \u0111\u01b0\u1ee3c \u1ee9ng d\u1ee5ng r\u1ed9ng r\u00e3i trong vi\u1ec7c \u0111o m\u1ee9c n\u01b0\u1edbc, m\u1ee9c b\u1ed3n d\u1ea7u, m\u1ee9c c\u00e1c lo\u1ea1i ch\u1ea5t r\u1eafn.C\u1ea3m bi\u1ebfn s\u1eed d\u1ee5ng c\u00f4ng ngh\u1ec7 \u0111o Laser kh\u00f4ng ti\u1ebfp x\u00fac.D\u1ea3i \u0111o: 0-4m.T\u00edn hi\u1ec7u ra: 4-20mA.\u0110\u1ed9 ch\u00ednh x\u00e1c: \u00b13mm.Cho ph\u00e9p t\u00f9y ch\u1ec9nh d\u1ea3i \u0111o, khai b\u00e1o c\u00e1c lo\u1ea1i b\u1ed3n \u0111o phi tuy\u1ebfn l\u00ean t\u1edbi 20 \u0111i\u1ec3m \u0111o b\u1eb1ng ph\u1ea7n m\u1ec1m\",\"breadcrumb\":{\"@id\":\"https:\/\/hpltech.vn\/san-pham\/cam-bien-do-muc-dau-tl400-i-novus\/#breadcrumb\"},\"inLanguage\":\"en-US\",\"potentialAction\":[{\"@type\":\"ReadAction\",\"target\":[\"https:\/\/hpltech.vn\/san-pham\/cam-bien-do-muc-dau-tl400-i-novus\/\"]}]},{\"@type\":\"ImageObject\",\"inLanguage\":\"en-US\",\"@id\":\"https:\/\/hpltech.vn\/san-pham\/cam-bien-do-muc-dau-tl400-i-novus\/#primaryimage\",\"url\":\"https:\/\/hpltech.vn\/wp-content\/uploads\/2024\/01\/z5037961819044_21020a00872afcbe0e3f9f0954d0ce63.jpg\",\"contentUrl\":\"https:\/\/hpltech.vn\/wp-content\/uploads\/2024\/01\/z5037961819044_21020a00872afcbe0e3f9f0954d0ce63.jpg\",\"width\":733,\"height\":733},{\"@type\":\"BreadcrumbList\",\"@id\":\"https:\/\/hpltech.vn\/san-pham\/cam-bien-do-muc-dau-tl400-i-novus\/#breadcrumb\",\"itemListElement\":[{\"@type\":\"ListItem\",\"position\":1,\"name\":\"Trang ch\u1ee7\",\"item\":\"https:\/\/hpltech.vn\/\"},{\"@type\":\"ListItem\",\"position\":2,\"name\":\"T\u1ea5t C\u1ea3 S\u1ea3n Ph\u1ea9m\",\"item\":\"https:\/\/hpltech.vn\/all-products\/\"},{\"@type\":\"ListItem\",\"position\":3,\"name\":\"C\u1ea3m bi\u1ebfn \u0111o m\u1ee9c d\u1ea7u TL400-I Novus\"}]},{\"@type\":\"WebSite\",\"@id\":\"https:\/\/hpltech.vn\/#website\",\"url\":\"https:\/\/hpltech.vn\/\",\"name\":\"HPL TECH\",\"description\":\"C\u00f4ng Ty TNHH Th\u01b0\u01a1ng M\u1ea1i K\u1ef9 Thu\u1eadt HPL\",\"publisher\":{\"@id\":\"https:\/\/hpltech.vn\/#organization\"},\"alternateName\":\"HPLTECH.VN\",\"potentialAction\":[{\"@type\":\"SearchAction\",\"target\":{\"@type\":\"EntryPoint\",\"urlTemplate\":\"https:\/\/hpltech.vn\/?s={search_term_string}\"},\"query-input\":{\"@type\":\"PropertyValueSpecification\",\"valueRequired\":true,\"valueName\":\"search_term_string\"}}],\"inLanguage\":\"en-US\"},{\"@type\":\"Organization\",\"@id\":\"https:\/\/hpltech.vn\/#organization\",\"name\":\"C\u00f4ng Ty THNN Th\u01b0\u01a1ng M\u1ea1i K\u1ef9 Thu\u1eadt HPL\",\"alternateName\":\"HPL Tech\",\"url\":\"https:\/\/hpltech.vn\/\",\"logo\":{\"@type\":\"ImageObject\",\"inLanguage\":\"en-US\",\"@id\":\"https:\/\/hpltech.vn\/#\/schema\/logo\/image\/\",\"url\":\"https:\/\/hpltech.vn\/wp-content\/uploads\/2023\/12\/Logo-HPL-512.png\",\"contentUrl\":\"https:\/\/hpltech.vn\/wp-content\/uploads\/2023\/12\/Logo-HPL-512.png\",\"width\":512,\"height\":512,\"caption\":\"C\u00f4ng Ty THNN Th\u01b0\u01a1ng M\u1ea1i K\u1ef9 Thu\u1eadt HPL\"},\"image\":{\"@id\":\"https:\/\/hpltech.vn\/#\/schema\/logo\/image\/\"},\"sameAs\":[\"https:\/\/www.facebook.com\/HPLTECH\/\"]}]}<\/script>\n<!-- \/ Yoast SEO plugin. -->","yoast_head_json":{"title":"C\u1ea3m bi\u1ebfn \u0111o m\u1ee9c d\u1ea7u TL400-I Novus - HPL TECH","description":"C\u1ea3m bi\u1ebfn \u0111o m\u1ee9c d\u1ea7u TL400-I, h\u00e3ng s\u1ea3n xu\u1ea5t Novus\/Brasil \u0111\u01b0\u1ee3c \u1ee9ng d\u1ee5ng r\u1ed9ng r\u00e3i trong vi\u1ec7c \u0111o m\u1ee9c n\u01b0\u1edbc, m\u1ee9c b\u1ed3n d\u1ea7u, m\u1ee9c c\u00e1c lo\u1ea1i ch\u1ea5t r\u1eafn.C\u1ea3m bi\u1ebfn s\u1eed d\u1ee5ng c\u00f4ng ngh\u1ec7 \u0111o Laser kh\u00f4ng ti\u1ebfp x\u00fac.D\u1ea3i \u0111o: 0-4m.T\u00edn hi\u1ec7u ra: 4-20mA.\u0110\u1ed9 ch\u00ednh x\u00e1c: \u00b13mm.Cho ph\u00e9p t\u00f9y ch\u1ec9nh d\u1ea3i \u0111o, khai b\u00e1o c\u00e1c lo\u1ea1i b\u1ed3n \u0111o phi tuy\u1ebfn l\u00ean t\u1edbi 20 \u0111i\u1ec3m \u0111o b\u1eb1ng ph\u1ea7n m\u1ec1m","robots":{"index":"index","follow":"follow","max-snippet":"max-snippet:-1","max-image-preview":"max-image-preview:large","max-video-preview":"max-video-preview:-1"},"canonical":"https:\/\/hpltech.vn\/en\/product\/cam-bien-do-muc-dau-tl400-i-novus\/","og_locale":"en_US","og_type":"article","og_title":"C\u1ea3m bi\u1ebfn \u0111o m\u1ee9c d\u1ea7u TL400-I Novus - HPL TECH","og_description":"C\u1ea3m bi\u1ebfn \u0111o m\u1ee9c d\u1ea7u TL400-I, h\u00e3ng s\u1ea3n xu\u1ea5t Novus\/Brasil \u0111\u01b0\u1ee3c \u1ee9ng d\u1ee5ng r\u1ed9ng r\u00e3i trong vi\u1ec7c \u0111o m\u1ee9c n\u01b0\u1edbc, m\u1ee9c b\u1ed3n d\u1ea7u, m\u1ee9c c\u00e1c lo\u1ea1i ch\u1ea5t r\u1eafn.C\u1ea3m bi\u1ebfn s\u1eed d\u1ee5ng c\u00f4ng ngh\u1ec7 \u0111o Laser kh\u00f4ng ti\u1ebfp x\u00fac.D\u1ea3i \u0111o: 0-4m.T\u00edn hi\u1ec7u ra: 4-20mA.\u0110\u1ed9 ch\u00ednh x\u00e1c: \u00b13mm.Cho ph\u00e9p t\u00f9y ch\u1ec9nh d\u1ea3i \u0111o, khai b\u00e1o c\u00e1c lo\u1ea1i b\u1ed3n \u0111o phi tuy\u1ebfn l\u00ean t\u1edbi 20 \u0111i\u1ec3m \u0111o b\u1eb1ng ph\u1ea7n m\u1ec1m","og_url":"https:\/\/hpltech.vn\/en\/product\/cam-bien-do-muc-dau-tl400-i-novus\/","og_site_name":"HPL TECH","article_publisher":"https:\/\/www.facebook.com\/HPLTECH\/","article_modified_time":"2026-04-02T02:09:26+00:00","og_image":[{"width":733,"height":733,"url":"https:\/\/hpltech.vn\/wp-content\/uploads\/2024\/01\/z5037961819044_21020a00872afcbe0e3f9f0954d0ce63.jpg","type":"image\/jpeg"}],"twitter_card":"summary_large_image","twitter_misc":{"Est. reading time":"1 minute"},"schema":{"@context":"https:\/\/schema.org","@graph":[{"@type":"WebPage","@id":"https:\/\/hpltech.vn\/san-pham\/cam-bien-do-muc-dau-tl400-i-novus\/","url":"https:\/\/hpltech.vn\/san-pham\/cam-bien-do-muc-dau-tl400-i-novus\/","name":"C\u1ea3m bi\u1ebfn \u0111o m\u1ee9c d\u1ea7u TL400-I Novus - HPL TECH","isPartOf":{"@id":"https:\/\/hpltech.vn\/#website"},"primaryImageOfPage":{"@id":"https:\/\/hpltech.vn\/san-pham\/cam-bien-do-muc-dau-tl400-i-novus\/#primaryimage"},"image":{"@id":"https:\/\/hpltech.vn\/san-pham\/cam-bien-do-muc-dau-tl400-i-novus\/#primaryimage"},"thumbnailUrl":"https:\/\/hpltech.vn\/wp-content\/uploads\/2024\/01\/z5037961819044_21020a00872afcbe0e3f9f0954d0ce63.jpg","datePublished":"2024-10-28T13:14:35+00:00","dateModified":"2026-04-02T02:09:26+00:00","description":"C\u1ea3m bi\u1ebfn \u0111o m\u1ee9c d\u1ea7u TL400-I, h\u00e3ng s\u1ea3n xu\u1ea5t Novus\/Brasil \u0111\u01b0\u1ee3c \u1ee9ng d\u1ee5ng r\u1ed9ng r\u00e3i trong vi\u1ec7c \u0111o m\u1ee9c n\u01b0\u1edbc, m\u1ee9c b\u1ed3n d\u1ea7u, m\u1ee9c c\u00e1c lo\u1ea1i ch\u1ea5t r\u1eafn.C\u1ea3m bi\u1ebfn s\u1eed d\u1ee5ng c\u00f4ng ngh\u1ec7 \u0111o Laser kh\u00f4ng ti\u1ebfp x\u00fac.D\u1ea3i \u0111o: 0-4m.T\u00edn hi\u1ec7u ra: 4-20mA.\u0110\u1ed9 ch\u00ednh x\u00e1c: \u00b13mm.Cho ph\u00e9p t\u00f9y ch\u1ec9nh d\u1ea3i \u0111o, khai b\u00e1o c\u00e1c lo\u1ea1i b\u1ed3n \u0111o phi tuy\u1ebfn l\u00ean t\u1edbi 20 \u0111i\u1ec3m \u0111o b\u1eb1ng ph\u1ea7n m\u1ec1m","breadcrumb":{"@id":"https:\/\/hpltech.vn\/san-pham\/cam-bien-do-muc-dau-tl400-i-novus\/#breadcrumb"},"inLanguage":"en-US","potentialAction":[{"@type":"ReadAction","target":["https:\/\/hpltech.vn\/san-pham\/cam-bien-do-muc-dau-tl400-i-novus\/"]}]},{"@type":"ImageObject","inLanguage":"en-US","@id":"https:\/\/hpltech.vn\/san-pham\/cam-bien-do-muc-dau-tl400-i-novus\/#primaryimage","url":"https:\/\/hpltech.vn\/wp-content\/uploads\/2024\/01\/z5037961819044_21020a00872afcbe0e3f9f0954d0ce63.jpg","contentUrl":"https:\/\/hpltech.vn\/wp-content\/uploads\/2024\/01\/z5037961819044_21020a00872afcbe0e3f9f0954d0ce63.jpg","width":733,"height":733},{"@type":"BreadcrumbList","@id":"https:\/\/hpltech.vn\/san-pham\/cam-bien-do-muc-dau-tl400-i-novus\/#breadcrumb","itemListElement":[{"@type":"ListItem","position":1,"name":"Trang ch\u1ee7","item":"https:\/\/hpltech.vn\/"},{"@type":"ListItem","position":2,"name":"T\u1ea5t C\u1ea3 S\u1ea3n Ph\u1ea9m","item":"https:\/\/hpltech.vn\/all-products\/"},{"@type":"ListItem","position":3,"name":"C\u1ea3m bi\u1ebfn \u0111o m\u1ee9c d\u1ea7u TL400-I Novus"}]},{"@type":"WebSite","@id":"https:\/\/hpltech.vn\/#website","url":"https:\/\/hpltech.vn\/","name":"HPL TECH","description":"HPL TECHNICAL TRADING COMPANY LIMITED","publisher":{"@id":"https:\/\/hpltech.vn\/#organization"},"alternateName":"HPLTECH.VN","potentialAction":[{"@type":"SearchAction","target":{"@type":"EntryPoint","urlTemplate":"https:\/\/hpltech.vn\/?s={search_term_string}"},"query-input":{"@type":"PropertyValueSpecification","valueRequired":true,"valueName":"search_term_string"}}],"inLanguage":"en-US"},{"@type":"Organization","@id":"https:\/\/hpltech.vn\/#organization","name":"C\u00f4ng Ty THNN Th\u01b0\u01a1ng M\u1ea1i K\u1ef9 Thu\u1eadt HPL","alternateName":"HPL Tech","url":"https:\/\/hpltech.vn\/","logo":{"@type":"ImageObject","inLanguage":"en-US","@id":"https:\/\/hpltech.vn\/#\/schema\/logo\/image\/","url":"https:\/\/hpltech.vn\/wp-content\/uploads\/2023\/12\/Logo-HPL-512.png","contentUrl":"https:\/\/hpltech.vn\/wp-content\/uploads\/2023\/12\/Logo-HPL-512.png","width":512,"height":512,"caption":"C\u00f4ng Ty THNN Th\u01b0\u01a1ng M\u1ea1i K\u1ef9 Thu\u1eadt HPL"},"image":{"@id":"https:\/\/hpltech.vn\/#\/schema\/logo\/image\/"},"sameAs":["https:\/\/www.facebook.com\/HPLTECH\/"]}]}},"_links":{"self":[{"href":"https:\/\/hpltech.vn\/en\/wp-json\/wp\/v2\/product\/2558","targetHints":{"allow":["GET"]}}],"collection":[{"href":"https:\/\/hpltech.vn\/en\/wp-json\/wp\/v2\/product"}],"about":[{"href":"https:\/\/hpltech.vn\/en\/wp-json\/wp\/v2\/types\/product"}],"wp:featuredmedia":[{"embeddable":true,"href":"https:\/\/hpltech.vn\/en\/wp-json\/wp\/v2\/media\/1818"}],"wp:attachment":[{"href":"https:\/\/hpltech.vn\/en\/wp-json\/wp\/v2\/media?parent=2558"}],"wp:term":[{"taxonomy":"product_brand","embeddable":true,"href":"https:\/\/hpltech.vn\/en\/wp-json\/wp\/v2\/product_brand?post=2558"},{"taxonomy":"product_cat","embeddable":true,"href":"https:\/\/hpltech.vn\/en\/wp-json\/wp\/v2\/product_cat?post=2558"},{"taxonomy":"product_tag","embeddable":true,"href":"https:\/\/hpltech.vn\/en\/wp-json\/wp\/v2\/product_tag?post=2558"}],"curies":[{"name":"wp","href":"https:\/\/api.w.org\/{rel}","templated":true}]}}