{"id":2709,"date":"2025-06-20T14:38:00","date_gmt":"2025-06-20T07:38:00","guid":{"rendered":"https:\/\/hpltech.vn\/?post_type=product&#038;p=2709"},"modified":"2025-07-21T18:14:53","modified_gmt":"2025-07-21T11:14:53","slug":"cam-bien-chenh-ap-ddp-series-sense","status":"publish","type":"product","link":"https:\/\/hpltech.vn\/en\/product\/cam-bien-chenh-ap-ddp-series-sense\/","title":{"rendered":"DDP Series Differential Pressure Sensor"},"content":{"rendered":"<p><span style=\"color: #000000; font-size: 90%;\"><strong>Product highlights:<\/strong><\/span><\/p>\n<ul>\n<li><span style=\"font-size: 90%; color: #000000;\">Differential pressure sensor <strong>DDP Series<\/strong> Used in measuring air pressure differentials. The product is widely used to alert for filter pressure differentials in AHU, industrial machinery, clean rooms, and elevator shaft pressure control.<\/span><\/li>\n<li><span style=\"color: #000000; font-size: 90%;\">Measurement range: \u00b1250Pa, 1kPa, \u00b11kPa, 2.5kPa, 6kPa, \u00b16kPa, 10kPa, \u00b110kPa<\/span><\/li>\n<li><span style=\"color: #000000; font-size: 90%;\">Output signal: 4-20 mA, 0-10 VDC, 0-5 VDC, 2-10 VDC, 1-5 VDC<\/span><\/li>\n<li><span style=\"color: #000000; font-size: 90%;\"> Options: Modbus\/RS485, display, relay, alarm bell<\/span><\/li>\n<\/ul>\n<p><span style=\"color: #000000; font-size: 90%;\"><strong>Detailed specifications:<\/strong><\/span><\/p>\n<p><span style=\"font-size: 90%; color: #000000;\">\n<table id=\"tablepress-DDP\" class=\"tablepress tablepress-id-DDP\">\n<thead>\n<tr class=\"row-1\">\n\t<th class=\"column-1\">Specifications<\/th><th class=\"column-2\">Detailed description<\/th>\n<\/tr>\n<\/thead>\n<tbody class=\"row-striping row-hover\">\n<tr class=\"row-2\">\n\t<td class=\"column-1\">Sensor type<\/td><td class=\"column-2\">Differential pressure sensor<\/td>\n<\/tr>\n<tr class=\"row-3\">\n\t<td class=\"column-1\">Power supply<\/td><td class=\"column-2\">24V AC\/DC<\/td>\n<\/tr>\n<tr class=\"row-4\">\n\t<td class=\"column-1\">Settings bar<\/td><td class=\"column-2\">\u00b1250 Pa, 1 kPa, \u00b11 kPa, 2.5 kPa, 6 kPa, \u00b16 kPa, 10 kPa, \u00b110 kPa<\/td>\n<\/tr>\n<tr class=\"row-5\">\n\t<td class=\"column-1\">Output signal<\/td><td class=\"column-2\">4-20 mA, 0-10 VDC, 0-5 VDC, 2-10 VDC, 1-5 VDC<\/td>\n<\/tr>\n<tr class=\"row-6\">\n\t<td class=\"column-1\">Options<\/td><td class=\"column-2\">Modbus\/RS485, display, relay, alarm bell<\/td>\n<\/tr>\n<tr class=\"row-7\">\n\t<td class=\"column-1\">Accuracy<\/td><td class=\"column-2\">\u00b10.25 %FSS<\/td>\n<\/tr>\n<tr class=\"row-8\">\n\t<td class=\"column-1\">Operating temperature <\/td><td class=\"column-2\">-25 to 70\u00b0C<\/td>\n<\/tr>\n<tr class=\"row-9\">\n\t<td class=\"column-1\">Operating pressure <\/td><td class=\"column-2\">37.5 kPa<\/td>\n<\/tr>\n<tr class=\"row-10\">\n\t<td class=\"column-1\">Protection level<\/td><td class=\"column-2\">IP54<\/td>\n<\/tr>\n<tr class=\"row-11\">\n\t<td class=\"column-1\">Origin<\/td><td class=\"column-2\">Sense\/ Turkey<\/td>\n<\/tr>\n<\/tbody>\n<\/table>\n<!-- #tablepress-DDP from cache --><\/span><\/p>\n<p><span style=\"font-size: 90%; color: #000000;\"><strong>HPLTECH<\/strong> is the official distributor of SENSE products in the Vietnamese market.<\/span><\/p>\n<p><span style=\"font-size: 90%; color: #000000;\">If you have any questions, please contact our Hotline.\u00a0<span style=\"color: #ff0000;\"><a style=\"color: #ff0000;\" href=\"tel:+84964041518\">(+84) 964041518<\/a>\u00a0<\/span>to receive free advice on using the product.<\/span><\/p>","protected":false},"excerpt":{"rendered":"<ul>\n<li><span style=\"font-size: 85%; color: #000000;\">Differential pressure sensor <strong>DDP Series<\/strong> Used in measuring air pressure differentials. The product is widely used to alert for filter pressure differentials in AHU, industrial machinery, clean rooms, and elevator shaft pressure control.<\/span><\/li>\n<li><span style=\"color: #000000; font-size: 85%;\">Measurement range: \u00b1250Pa, 1kPa, \u00b11kPa, 2.5kPa, 6kPa, \u00b16kPa, 10kPa, \u00b110kPa<\/span><\/li>\n<li><span style=\"color: #000000; font-size: 85%;\">Output signal: -20 mA, 0-10 VDC, 0-5 VDC, 2-10 VDC, 1-5 VDC<\/span><\/li>\n<li><span style=\"color: #000000; font-size: 85%;\"> Options: Modbus\/RS485, display, relay, alarm bell for monitoring or directly turning on\/off devices such as warning horns, pressure relief valves, etc.<\/span><\/li>\n<\/ul>\n<p><img loading=\"lazy\" decoding=\"async\" class=\"alignnone wp-image-1429\" src=\"https:\/\/hpltech.vn\/wp-content\/uploads\/2023\/12\/pdf-icon-300x300.png\" alt=\"\" width=\"24\" height=\"24\" srcset=\"https:\/\/hpltech.vn\/wp-content\/uploads\/2023\/12\/pdf-icon-300x300.png 300w, https:\/\/hpltech.vn\/wp-content\/uploads\/2023\/12\/pdf-icon-100x100.png 100w, https:\/\/hpltech.vn\/wp-content\/uploads\/2023\/12\/pdf-icon-150x150.png 150w, https:\/\/hpltech.vn\/wp-content\/uploads\/2023\/12\/pdf-icon.png 512w\" sizes=\"auto, (max-width: 24px) 100vw, 24px\" \/> <span style=\"text-decoration: underline;\"><span style=\"font-size: 90%;\"><a href=\"https:\/\/drive.google.com\/file\/d\/1kIWhb_bY94AbxUsEUnfkgwF3W2thm69U\/view?usp=drive_link\" target=\"_blank\" rel=\"nofollow noopener noreferrer\"><span style=\"color: #d83131; text-decoration: underline;\">DDP_Series.pdf<\/span><\/a><\/span><\/span><\/p>","protected":false},"featured_media":2710,"template":"","meta":[],"product_brand":[],"product_cat":[180],"product_tag":[185,181,184,183,221,182],"class_list":{"0":"post-2709","1":"product","2":"type-product","3":"status-publish","4":"has-post-thumbnail","6":"product_cat-sense","7":"product_tag-ddp","8":"product_tag-ddp-4051","9":"product_tag-sdp","10":"product_tag-sdp-451","11":"product_tag-sdp-451-mddrrb","12":"product_tag-sdp-451-mdrrb","14":"first","15":"instock","16":"shipping-taxable","17":"product-type-simple"},"yoast_head":"<!-- This site is optimized with the Yoast SEO plugin v25.4 - https:\/\/yoast.com\/wordpress\/plugins\/seo\/ -->\n<title>C\u1ea3m bi\u1ebfn ch\u00eanh \u00e1p DDP Series Sense - HPL TECH<\/title>\n<meta name=\"description\" content=\"C\u1ea3m bi\u1ebfn ch\u00eanh \u00e1p DDP\u00a0Series \u0111\u01b0\u1ee3c \u1ee9ng d\u1ee5ng trong vi\u1ec7c \u0111o ki\u1ec3m ch\u00eanh \u00e1p su\u1ea5t kh\u00f4ng kh\u00ed. S\u1ea3n ph\u1ea9m \u0111\u01b0\u1ee3c s\u1eed d\u1ee5ng ph\u1ed5 bi\u1ebfn \u0111\u1ec3 c\u1ea3nh b\u00e1o ch\u00eanh \u00e1p l\u1ecdc AHU, m\u00e1y c\u00f4ng ngh\u1ec7, ph\u00f2ng s\u1ea1ch, \u0111i\u1ec1u khi\u1ec3n ch\u00eanh \u00e1p bu\u1ed3ng thang.D\u1ea3i \u0111o: \u00b1250Pa, 1kPa, \u00b11kPa, 2.5kPa, 6kPa, \u00b16kPa, 10kPa, \u00b110kPaT\u00edn hi\u1ec7u ra: 0-10V, 4-20mA.\u00a0T\u00f9y ch\u1ecdn: Modbus\/RS485, m\u00e0n h\u00ecnh, r\u01a1le, chu\u00f4ng b\u00e1o \u0111\u1ec3 gi\u00e1m s\u00e1t ho\u1eb7c b\u1eadt\/t\u1eaft tr\u1ef1c ti\u1ebfp thi\u1ebft b\u1ecb nh\u01b0 c\u00f2i c\u1ea3nh b\u00e1o, van x\u1ea3 \u00e1p..\" \/>\n<meta name=\"robots\" content=\"index, follow, max-snippet:-1, max-image-preview:large, max-video-preview:-1\" \/>\n<link rel=\"canonical\" href=\"https:\/\/hpltech.vn\/en\/product\/cam-bien-chenh-ap-ddp-series-sense\/\" \/>\n<meta property=\"og:locale\" content=\"en_US\" \/>\n<meta property=\"og:type\" content=\"article\" \/>\n<meta property=\"og:title\" content=\"C\u1ea3m bi\u1ebfn ch\u00eanh \u00e1p DDP Series Sense - HPL TECH\" \/>\n<meta property=\"og:description\" content=\"C\u1ea3m bi\u1ebfn ch\u00eanh \u00e1p DDP\u00a0Series \u0111\u01b0\u1ee3c \u1ee9ng d\u1ee5ng trong vi\u1ec7c \u0111o ki\u1ec3m ch\u00eanh \u00e1p su\u1ea5t kh\u00f4ng kh\u00ed. S\u1ea3n ph\u1ea9m \u0111\u01b0\u1ee3c s\u1eed d\u1ee5ng ph\u1ed5 bi\u1ebfn \u0111\u1ec3 c\u1ea3nh b\u00e1o ch\u00eanh \u00e1p l\u1ecdc AHU, m\u00e1y c\u00f4ng ngh\u1ec7, ph\u00f2ng s\u1ea1ch, \u0111i\u1ec1u khi\u1ec3n ch\u00eanh \u00e1p bu\u1ed3ng thang.D\u1ea3i \u0111o: \u00b1250Pa, 1kPa, \u00b11kPa, 2.5kPa, 6kPa, \u00b16kPa, 10kPa, \u00b110kPaT\u00edn hi\u1ec7u ra: 0-10V, 4-20mA.\u00a0T\u00f9y ch\u1ecdn: Modbus\/RS485, m\u00e0n h\u00ecnh, r\u01a1le, chu\u00f4ng b\u00e1o \u0111\u1ec3 gi\u00e1m s\u00e1t ho\u1eb7c b\u1eadt\/t\u1eaft tr\u1ef1c ti\u1ebfp thi\u1ebft b\u1ecb nh\u01b0 c\u00f2i c\u1ea3nh b\u00e1o, van x\u1ea3 \u00e1p..\" \/>\n<meta property=\"og:url\" content=\"https:\/\/hpltech.vn\/en\/product\/cam-bien-chenh-ap-ddp-series-sense\/\" \/>\n<meta property=\"og:site_name\" content=\"HPL TECH\" \/>\n<meta property=\"article:publisher\" content=\"https:\/\/www.facebook.com\/HPLTECH\/\" \/>\n<meta property=\"article:modified_time\" content=\"2025-07-21T11:14:53+00:00\" \/>\n<meta property=\"og:image\" content=\"https:\/\/hpltech.vn\/wp-content\/uploads\/2025\/06\/ddp.png\" \/>\n\t<meta property=\"og:image:width\" content=\"500\" \/>\n\t<meta property=\"og:image:height\" content=\"500\" \/>\n\t<meta property=\"og:image:type\" content=\"image\/png\" \/>\n<meta name=\"twitter:card\" content=\"summary_large_image\" \/>\n<meta name=\"twitter:label1\" content=\"Est. reading time\" \/>\n\t<meta name=\"twitter:data1\" content=\"1 minute\" \/>\n<script type=\"application\/ld+json\" class=\"yoast-schema-graph\">{\"@context\":\"https:\/\/schema.org\",\"@graph\":[{\"@type\":\"WebPage\",\"@id\":\"https:\/\/hpltech.vn\/san-pham\/cam-bien-chenh-ap-ddp-series-sense\/\",\"url\":\"https:\/\/hpltech.vn\/san-pham\/cam-bien-chenh-ap-ddp-series-sense\/\",\"name\":\"C\u1ea3m bi\u1ebfn ch\u00eanh \u00e1p DDP Series Sense - HPL TECH\",\"isPartOf\":{\"@id\":\"https:\/\/hpltech.vn\/#website\"},\"primaryImageOfPage\":{\"@id\":\"https:\/\/hpltech.vn\/san-pham\/cam-bien-chenh-ap-ddp-series-sense\/#primaryimage\"},\"image\":{\"@id\":\"https:\/\/hpltech.vn\/san-pham\/cam-bien-chenh-ap-ddp-series-sense\/#primaryimage\"},\"thumbnailUrl\":\"https:\/\/hpltech.vn\/wp-content\/uploads\/2025\/06\/ddp.png\",\"datePublished\":\"2025-06-20T07:38:00+00:00\",\"dateModified\":\"2025-07-21T11:14:53+00:00\",\"description\":\"C\u1ea3m bi\u1ebfn ch\u00eanh \u00e1p DDP\u00a0Series \u0111\u01b0\u1ee3c \u1ee9ng d\u1ee5ng trong vi\u1ec7c \u0111o ki\u1ec3m ch\u00eanh \u00e1p su\u1ea5t kh\u00f4ng kh\u00ed. S\u1ea3n ph\u1ea9m \u0111\u01b0\u1ee3c s\u1eed d\u1ee5ng ph\u1ed5 bi\u1ebfn \u0111\u1ec3 c\u1ea3nh b\u00e1o ch\u00eanh \u00e1p l\u1ecdc AHU, m\u00e1y c\u00f4ng ngh\u1ec7, ph\u00f2ng s\u1ea1ch, \u0111i\u1ec1u khi\u1ec3n ch\u00eanh \u00e1p bu\u1ed3ng thang.D\u1ea3i \u0111o: \u00b1250Pa, 1kPa, \u00b11kPa, 2.5kPa, 6kPa, \u00b16kPa, 10kPa, \u00b110kPaT\u00edn hi\u1ec7u ra: 0-10V, 4-20mA.\u00a0T\u00f9y ch\u1ecdn: Modbus\/RS485, m\u00e0n h\u00ecnh, r\u01a1le, chu\u00f4ng b\u00e1o \u0111\u1ec3 gi\u00e1m s\u00e1t ho\u1eb7c b\u1eadt\/t\u1eaft tr\u1ef1c ti\u1ebfp thi\u1ebft b\u1ecb nh\u01b0 c\u00f2i c\u1ea3nh b\u00e1o, van x\u1ea3 \u00e1p..\",\"breadcrumb\":{\"@id\":\"https:\/\/hpltech.vn\/san-pham\/cam-bien-chenh-ap-ddp-series-sense\/#breadcrumb\"},\"inLanguage\":\"en-US\",\"potentialAction\":[{\"@type\":\"ReadAction\",\"target\":[\"https:\/\/hpltech.vn\/san-pham\/cam-bien-chenh-ap-ddp-series-sense\/\"]}]},{\"@type\":\"ImageObject\",\"inLanguage\":\"en-US\",\"@id\":\"https:\/\/hpltech.vn\/san-pham\/cam-bien-chenh-ap-ddp-series-sense\/#primaryimage\",\"url\":\"https:\/\/hpltech.vn\/wp-content\/uploads\/2025\/06\/ddp.png\",\"contentUrl\":\"https:\/\/hpltech.vn\/wp-content\/uploads\/2025\/06\/ddp.png\",\"width\":500,\"height\":500,\"caption\":\"C\u1ea3m bi\u1ebfn ch\u00eanh \u00e1p DDP Sense Turkey\"},{\"@type\":\"BreadcrumbList\",\"@id\":\"https:\/\/hpltech.vn\/san-pham\/cam-bien-chenh-ap-ddp-series-sense\/#breadcrumb\",\"itemListElement\":[{\"@type\":\"ListItem\",\"position\":1,\"name\":\"Trang ch\u1ee7\",\"item\":\"https:\/\/hpltech.vn\/\"},{\"@type\":\"ListItem\",\"position\":2,\"name\":\"T\u1ea5t C\u1ea3 S\u1ea3n Ph\u1ea9m\",\"item\":\"https:\/\/hpltech.vn\/all-products\/\"},{\"@type\":\"ListItem\",\"position\":3,\"name\":\"C\u1ea3m bi\u1ebfn ch\u00eanh \u00e1p DDP Series Sense\"}]},{\"@type\":\"WebSite\",\"@id\":\"https:\/\/hpltech.vn\/#website\",\"url\":\"https:\/\/hpltech.vn\/\",\"name\":\"HPL TECH\",\"description\":\"C\u00f4ng Ty TNHH Th\u01b0\u01a1ng M\u1ea1i K\u1ef9 Thu\u1eadt HPL\",\"publisher\":{\"@id\":\"https:\/\/hpltech.vn\/#organization\"},\"alternateName\":\"HPLTECH.VN\",\"potentialAction\":[{\"@type\":\"SearchAction\",\"target\":{\"@type\":\"EntryPoint\",\"urlTemplate\":\"https:\/\/hpltech.vn\/?s={search_term_string}\"},\"query-input\":{\"@type\":\"PropertyValueSpecification\",\"valueRequired\":true,\"valueName\":\"search_term_string\"}}],\"inLanguage\":\"en-US\"},{\"@type\":\"Organization\",\"@id\":\"https:\/\/hpltech.vn\/#organization\",\"name\":\"C\u00f4ng Ty THNN Th\u01b0\u01a1ng M\u1ea1i K\u1ef9 Thu\u1eadt HPL\",\"alternateName\":\"HPL Tech\",\"url\":\"https:\/\/hpltech.vn\/\",\"logo\":{\"@type\":\"ImageObject\",\"inLanguage\":\"en-US\",\"@id\":\"https:\/\/hpltech.vn\/#\/schema\/logo\/image\/\",\"url\":\"https:\/\/hpltech.vn\/wp-content\/uploads\/2023\/12\/Logo-HPL-512.png\",\"contentUrl\":\"https:\/\/hpltech.vn\/wp-content\/uploads\/2023\/12\/Logo-HPL-512.png\",\"width\":512,\"height\":512,\"caption\":\"C\u00f4ng Ty THNN Th\u01b0\u01a1ng M\u1ea1i K\u1ef9 Thu\u1eadt HPL\"},\"image\":{\"@id\":\"https:\/\/hpltech.vn\/#\/schema\/logo\/image\/\"},\"sameAs\":[\"https:\/\/www.facebook.com\/HPLTECH\/\"]}]}<\/script>\n<!-- \/ Yoast SEO plugin. -->","yoast_head_json":{"title":"C\u1ea3m bi\u1ebfn ch\u00eanh \u00e1p DDP Series Sense - HPL TECH","description":"C\u1ea3m bi\u1ebfn ch\u00eanh \u00e1p DDP\u00a0Series \u0111\u01b0\u1ee3c \u1ee9ng d\u1ee5ng trong vi\u1ec7c \u0111o ki\u1ec3m ch\u00eanh \u00e1p su\u1ea5t kh\u00f4ng kh\u00ed. S\u1ea3n ph\u1ea9m \u0111\u01b0\u1ee3c s\u1eed d\u1ee5ng ph\u1ed5 bi\u1ebfn \u0111\u1ec3 c\u1ea3nh b\u00e1o ch\u00eanh \u00e1p l\u1ecdc AHU, m\u00e1y c\u00f4ng ngh\u1ec7, ph\u00f2ng s\u1ea1ch, \u0111i\u1ec1u khi\u1ec3n ch\u00eanh \u00e1p bu\u1ed3ng thang.D\u1ea3i \u0111o: \u00b1250Pa, 1kPa, \u00b11kPa, 2.5kPa, 6kPa, \u00b16kPa, 10kPa, \u00b110kPaT\u00edn hi\u1ec7u ra: 0-10V, 4-20mA.\u00a0T\u00f9y ch\u1ecdn: Modbus\/RS485, m\u00e0n h\u00ecnh, r\u01a1le, chu\u00f4ng b\u00e1o \u0111\u1ec3 gi\u00e1m s\u00e1t ho\u1eb7c b\u1eadt\/t\u1eaft tr\u1ef1c ti\u1ebfp thi\u1ebft b\u1ecb nh\u01b0 c\u00f2i c\u1ea3nh b\u00e1o, van x\u1ea3 \u00e1p..","robots":{"index":"index","follow":"follow","max-snippet":"max-snippet:-1","max-image-preview":"max-image-preview:large","max-video-preview":"max-video-preview:-1"},"canonical":"https:\/\/hpltech.vn\/en\/product\/cam-bien-chenh-ap-ddp-series-sense\/","og_locale":"en_US","og_type":"article","og_title":"C\u1ea3m bi\u1ebfn ch\u00eanh \u00e1p DDP Series Sense - HPL TECH","og_description":"C\u1ea3m bi\u1ebfn ch\u00eanh \u00e1p DDP\u00a0Series \u0111\u01b0\u1ee3c \u1ee9ng d\u1ee5ng trong vi\u1ec7c \u0111o ki\u1ec3m ch\u00eanh \u00e1p su\u1ea5t kh\u00f4ng kh\u00ed. S\u1ea3n ph\u1ea9m \u0111\u01b0\u1ee3c s\u1eed d\u1ee5ng ph\u1ed5 bi\u1ebfn \u0111\u1ec3 c\u1ea3nh b\u00e1o ch\u00eanh \u00e1p l\u1ecdc AHU, m\u00e1y c\u00f4ng ngh\u1ec7, ph\u00f2ng s\u1ea1ch, \u0111i\u1ec1u khi\u1ec3n ch\u00eanh \u00e1p bu\u1ed3ng thang.D\u1ea3i \u0111o: \u00b1250Pa, 1kPa, \u00b11kPa, 2.5kPa, 6kPa, \u00b16kPa, 10kPa, \u00b110kPaT\u00edn hi\u1ec7u ra: 0-10V, 4-20mA.\u00a0T\u00f9y ch\u1ecdn: Modbus\/RS485, m\u00e0n h\u00ecnh, r\u01a1le, chu\u00f4ng b\u00e1o \u0111\u1ec3 gi\u00e1m s\u00e1t ho\u1eb7c b\u1eadt\/t\u1eaft tr\u1ef1c ti\u1ebfp thi\u1ebft b\u1ecb nh\u01b0 c\u00f2i c\u1ea3nh b\u00e1o, van x\u1ea3 \u00e1p..","og_url":"https:\/\/hpltech.vn\/en\/product\/cam-bien-chenh-ap-ddp-series-sense\/","og_site_name":"HPL TECH","article_publisher":"https:\/\/www.facebook.com\/HPLTECH\/","article_modified_time":"2025-07-21T11:14:53+00:00","og_image":[{"width":500,"height":500,"url":"https:\/\/hpltech.vn\/wp-content\/uploads\/2025\/06\/ddp.png","type":"image\/png"}],"twitter_card":"summary_large_image","twitter_misc":{"Est. reading time":"1 minute"},"schema":{"@context":"https:\/\/schema.org","@graph":[{"@type":"WebPage","@id":"https:\/\/hpltech.vn\/san-pham\/cam-bien-chenh-ap-ddp-series-sense\/","url":"https:\/\/hpltech.vn\/san-pham\/cam-bien-chenh-ap-ddp-series-sense\/","name":"C\u1ea3m bi\u1ebfn ch\u00eanh \u00e1p DDP Series Sense - HPL TECH","isPartOf":{"@id":"https:\/\/hpltech.vn\/#website"},"primaryImageOfPage":{"@id":"https:\/\/hpltech.vn\/san-pham\/cam-bien-chenh-ap-ddp-series-sense\/#primaryimage"},"image":{"@id":"https:\/\/hpltech.vn\/san-pham\/cam-bien-chenh-ap-ddp-series-sense\/#primaryimage"},"thumbnailUrl":"https:\/\/hpltech.vn\/wp-content\/uploads\/2025\/06\/ddp.png","datePublished":"2025-06-20T07:38:00+00:00","dateModified":"2025-07-21T11:14:53+00:00","description":"C\u1ea3m bi\u1ebfn ch\u00eanh \u00e1p DDP\u00a0Series \u0111\u01b0\u1ee3c \u1ee9ng d\u1ee5ng trong vi\u1ec7c \u0111o ki\u1ec3m ch\u00eanh \u00e1p su\u1ea5t kh\u00f4ng kh\u00ed. S\u1ea3n ph\u1ea9m \u0111\u01b0\u1ee3c s\u1eed d\u1ee5ng ph\u1ed5 bi\u1ebfn \u0111\u1ec3 c\u1ea3nh b\u00e1o ch\u00eanh \u00e1p l\u1ecdc AHU, m\u00e1y c\u00f4ng ngh\u1ec7, ph\u00f2ng s\u1ea1ch, \u0111i\u1ec1u khi\u1ec3n ch\u00eanh \u00e1p bu\u1ed3ng thang.D\u1ea3i \u0111o: \u00b1250Pa, 1kPa, \u00b11kPa, 2.5kPa, 6kPa, \u00b16kPa, 10kPa, \u00b110kPaT\u00edn hi\u1ec7u ra: 0-10V, 4-20mA.\u00a0T\u00f9y ch\u1ecdn: Modbus\/RS485, m\u00e0n h\u00ecnh, r\u01a1le, chu\u00f4ng b\u00e1o \u0111\u1ec3 gi\u00e1m s\u00e1t ho\u1eb7c b\u1eadt\/t\u1eaft tr\u1ef1c ti\u1ebfp thi\u1ebft b\u1ecb nh\u01b0 c\u00f2i c\u1ea3nh b\u00e1o, van x\u1ea3 \u00e1p..","breadcrumb":{"@id":"https:\/\/hpltech.vn\/san-pham\/cam-bien-chenh-ap-ddp-series-sense\/#breadcrumb"},"inLanguage":"en-US","potentialAction":[{"@type":"ReadAction","target":["https:\/\/hpltech.vn\/san-pham\/cam-bien-chenh-ap-ddp-series-sense\/"]}]},{"@type":"ImageObject","inLanguage":"en-US","@id":"https:\/\/hpltech.vn\/san-pham\/cam-bien-chenh-ap-ddp-series-sense\/#primaryimage","url":"https:\/\/hpltech.vn\/wp-content\/uploads\/2025\/06\/ddp.png","contentUrl":"https:\/\/hpltech.vn\/wp-content\/uploads\/2025\/06\/ddp.png","width":500,"height":500,"caption":"C\u1ea3m bi\u1ebfn ch\u00eanh \u00e1p DDP Sense Turkey"},{"@type":"BreadcrumbList","@id":"https:\/\/hpltech.vn\/san-pham\/cam-bien-chenh-ap-ddp-series-sense\/#breadcrumb","itemListElement":[{"@type":"ListItem","position":1,"name":"Trang ch\u1ee7","item":"https:\/\/hpltech.vn\/"},{"@type":"ListItem","position":2,"name":"T\u1ea5t C\u1ea3 S\u1ea3n Ph\u1ea9m","item":"https:\/\/hpltech.vn\/all-products\/"},{"@type":"ListItem","position":3,"name":"C\u1ea3m bi\u1ebfn ch\u00eanh \u00e1p DDP Series Sense"}]},{"@type":"WebSite","@id":"https:\/\/hpltech.vn\/#website","url":"https:\/\/hpltech.vn\/","name":"HPL TECH","description":"HPL TECHNICAL TRADING COMPANY LIMITED","publisher":{"@id":"https:\/\/hpltech.vn\/#organization"},"alternateName":"HPLTECH.VN","potentialAction":[{"@type":"SearchAction","target":{"@type":"EntryPoint","urlTemplate":"https:\/\/hpltech.vn\/?s={search_term_string}"},"query-input":{"@type":"PropertyValueSpecification","valueRequired":true,"valueName":"search_term_string"}}],"inLanguage":"en-US"},{"@type":"Organization","@id":"https:\/\/hpltech.vn\/#organization","name":"C\u00f4ng Ty THNN Th\u01b0\u01a1ng M\u1ea1i K\u1ef9 Thu\u1eadt HPL","alternateName":"HPL Tech","url":"https:\/\/hpltech.vn\/","logo":{"@type":"ImageObject","inLanguage":"en-US","@id":"https:\/\/hpltech.vn\/#\/schema\/logo\/image\/","url":"https:\/\/hpltech.vn\/wp-content\/uploads\/2023\/12\/Logo-HPL-512.png","contentUrl":"https:\/\/hpltech.vn\/wp-content\/uploads\/2023\/12\/Logo-HPL-512.png","width":512,"height":512,"caption":"C\u00f4ng Ty THNN Th\u01b0\u01a1ng M\u1ea1i K\u1ef9 Thu\u1eadt HPL"},"image":{"@id":"https:\/\/hpltech.vn\/#\/schema\/logo\/image\/"},"sameAs":["https:\/\/www.facebook.com\/HPLTECH\/"]}]}},"_links":{"self":[{"href":"https:\/\/hpltech.vn\/en\/wp-json\/wp\/v2\/product\/2709","targetHints":{"allow":["GET"]}}],"collection":[{"href":"https:\/\/hpltech.vn\/en\/wp-json\/wp\/v2\/product"}],"about":[{"href":"https:\/\/hpltech.vn\/en\/wp-json\/wp\/v2\/types\/product"}],"wp:featuredmedia":[{"embeddable":true,"href":"https:\/\/hpltech.vn\/en\/wp-json\/wp\/v2\/media\/2710"}],"wp:attachment":[{"href":"https:\/\/hpltech.vn\/en\/wp-json\/wp\/v2\/media?parent=2709"}],"wp:term":[{"taxonomy":"product_brand","embeddable":true,"href":"https:\/\/hpltech.vn\/en\/wp-json\/wp\/v2\/product_brand?post=2709"},{"taxonomy":"product_cat","embeddable":true,"href":"https:\/\/hpltech.vn\/en\/wp-json\/wp\/v2\/product_cat?post=2709"},{"taxonomy":"product_tag","embeddable":true,"href":"https:\/\/hpltech.vn\/en\/wp-json\/wp\/v2\/product_tag?post=2709"}],"curies":[{"name":"wp","href":"https:\/\/api.w.org\/{rel}","templated":true}]}}