{"id":2874,"date":"2025-12-25T09:03:21","date_gmt":"2025-12-25T02:03:21","guid":{"rendered":"https:\/\/hpltech.vn\/?post_type=product&#038;p=2874"},"modified":"2025-12-25T12:29:09","modified_gmt":"2025-12-25T05:29:09","slug":"bo-do-nang-luong-btu-bang-song-sieu-am-series-tuf","status":"publish","type":"product","link":"https:\/\/hpltech.vn\/en\/product\/bo-do-nang-luong-btu-bang-song-sieu-am-series-tuf\/","title":{"rendered":"TUF Series Ultrasonic BTU Energy Meter"},"content":{"rendered":"<p><span style=\"color: #000000; font-size: 90%;\"><strong><span style=\"vertical-align: inherit;\"><span style=\"vertical-align: inherit;\">Product highlights:<\/span><\/span><\/strong><\/span><\/p>\n<ul>\n<li><span style=\"font-size: 90%; color: #000000;\"><strong>Series TUF Dwyer<\/strong> l\u00e0 \u0111\u1ed3ng h\u1ed3 \u0111o n\u0103ng l\u01b0\u1ee3ng si\u00eau \u00e2m c\u00f3 \u0111\u1ed9 ch\u00ednh x\u00e1c v\u00e0 \u1ed5n \u0111\u1ecbnh cao, s\u1eed d\u1ee5ng c\u00f4ng ngh\u1ec7 si\u00eau \u00e2m \u0111\u1ec3 \u0111o m\u1ee9c ti\u00eau th\u1ee5 n\u0103ng l\u01b0\u1ee3ng s\u01b0\u1edfi \u1ea5m v\u00e0 l\u00e0m m\u00e1t.\u00a0<\/span><\/li>\n<li><span style=\"font-size: 90%; color: #000000;\">T\u00edch h\u1ee3p l\u01b0u l\u01b0\u1ee3ng k\u1ebf v\u00e0 b\u1ed9 t\u00ednh to\u00e1n n\u0103ng l\u01b0\u1ee3ng trong m\u1ed9t thi\u1ebft b\u1ecb nh\u1ecf g\u1ecdn, l\u00fd t\u01b0\u1edfng \u0111\u1ec3 l\u1eafp \u0111\u1eb7t tr\u00ean m\u00e1y l\u00e0m l\u1ea1nh v\u00e0 n\u1ed3i h\u01a1i.<\/span><\/li>\n<li><span style=\"color: #000000; font-size: 90%;\"><span style=\"vertical-align: inherit;\"><span style=\"vertical-align: inherit;\">Chi ph\u00ed b\u1ea3o tr\u00ec th\u1ea5p nh\u1edd hi\u1ec3n th\u1ecb th\u00f4ng s\u1ed1 tr\u1ef1c ti\u1ebfp t\u1ea1i thi\u1ebft b\u1ecb v\u00e0 kh\u00f4ng c\u00f3 b\u1ed9 ph\u1eadn chuy\u1ec3n \u0111\u1ed9ng.<\/span><\/span><\/span><\/li>\n<li><span style=\"color: #000000; font-size: 90%;\"><span style=\"vertical-align: inherit;\">Ng\u00f5 ra truy\u1ec1n th\u00f4ng n\u1ed1i ti\u1ebfp cho ph\u00e9p truy\u1ec1n v\u00e0 thu th\u1eadp d\u1eef li\u1ec7u d\u1ec5 d\u00e0ng.<\/span><\/span><\/li>\n<\/ul>\n<p><span style=\"color: #000000; font-size: 90%;\"><strong><span style=\"vertical-align: inherit;\"><span style=\"vertical-align: inherit;\">Detailed specifications:<\/span><\/span><\/strong><\/span><\/p>\n<p><span style=\"font-size: 90%; color: #000000;\">C\u1ea3m bi\u1ebfn nhi\u1ec7t \u0111\u1ed9 <strong>Series TUF Dwyer<\/strong><\/span><\/p>\n<p><span style=\"font-size: 90%; color: #000000;\"><span style=\"vertical-align: inherit;\"><span style=\"vertical-align: inherit;\">\n<table id=\"tablepress-SeriesTUF\" class=\"tablepress tablepress-id-SeriesTUF\">\n<thead>\n<tr class=\"row-1\">\n\t<th class=\"column-1\">Specifications<\/th><th class=\"column-2\">Detailed description<\/th>\n<\/tr>\n<\/thead>\n<tbody class=\"row-striping row-hover\">\n<tr class=\"row-2\">\n\t<td class=\"column-1\">Lo\u1ea1i thi\u1ebft b\u1ecb<\/td><td class=\"column-2\">L\u01b0u L\u01b0\u1ee3ng K\u1ebf Si\u00eau \u00c2m.<\/td>\n<\/tr>\n<tr class=\"row-3\">\n\t<td class=\"column-1\">V\u1eadt li\u1ec7u ti\u1ebfp x\u00fac l\u01b0u ch\u1ea5t<\/td><td class=\"column-2\">\u0110\u1ed3ng thau v\u00e0 inox 316L.<\/td>\n<\/tr>\n<tr class=\"row-4\">\n\t<td class=\"column-1\">Power supply<\/td><td class=\"column-2\">24 VAC\/VDC, t\u00f9y thu\u1ed9c v\u00e0o model.<\/td>\n<\/tr>\n<tr class=\"row-5\">\n\t<td class=\"column-1\">M\u00e0n h\u00ecnh hi\u1ec3n th\u1ecb<\/td><td class=\"column-2\">LED 8 ch\u1eef s\u1ed1.<\/td>\n<\/tr>\n<tr class=\"row-6\">\n\t<td class=\"column-1\">Output signal<\/td><td class=\"column-2\">4-20 mA\/ xung\/ r\u01a1le.<\/td>\n<\/tr>\n<tr class=\"row-7\">\n\t<td class=\"column-1\">Giao ti\u1ebfp\/ Truy\u1ec1n th\u00f4ng<\/td><td class=\"column-2\">RS-485 Modbus RTU \/ BACnet MSTP.<\/td>\n<\/tr>\n<tr class=\"row-8\">\n\t<td class=\"column-1\">Accuracy<\/td><td class=\"column-2\">\u00b10.5 \u0111\u1ebfn 1%, t\u00f9y thu\u1ed9c v\u00e0o model.<\/td>\n<\/tr>\n<tr class=\"row-9\">\n\t<td class=\"column-1\">Gi\u1edbi h\u1ea1n nhi\u1ec7t \u0111\u1ed9<\/td><td class=\"column-2\">M\u00f4i tr\u01b0\u1eddng: 5 to 55\u00b0C. M\u00f4i ch\u1ea5t: 2 to 95\u00b0C.<\/td>\n<\/tr>\n<tr class=\"row-10\">\n\t<td class=\"column-1\">Gi\u1edbi h\u1ea1n \u00e1p su\u1ea5t<\/td><td class=\"column-2\">16 bar cho DN15 \u0111\u1ebfn DN40; 25 bar cho >DN50.<\/td>\n<\/tr>\n<tr class=\"row-11\">\n\t<td class=\"column-1\">Gi\u1edbi h\u1ea1n \u0111\u1ed9 \u1ea9m<\/td><td class=\"column-2\">< 93%.<\/td>\n<\/tr>\n<tr class=\"row-12\">\n\t<td class=\"column-1\">Protection level<\/td><td class=\"column-2\">IP65.<\/td>\n<\/tr>\n<tr class=\"row-13\">\n\t<td class=\"column-1\">Origin<\/td><td class=\"column-2\">Dwyer\/ USA.<\/td>\n<\/tr>\n<\/tbody>\n<\/table>\n<!-- #tablepress-SeriesTUF from cache --><\/span><\/span><\/span><\/p>\n<p><span style=\"font-size: 90%; color: #000000;\"><strong><span style=\"vertical-align: inherit;\"><span style=\"vertical-align: inherit;\">HPLTECH<\/span><\/span><\/strong><span style=\"vertical-align: inherit;\"><span style=\"vertical-align: inherit;\"> is the official distributor of Dwyer products in the Vietnamese market.<\/span><\/span><\/span><\/p>\n<p><span style=\"font-size: 90%; color: #000000;\"><span style=\"vertical-align: inherit;\"><span style=\"vertical-align: inherit;\">If you have any questions, please contact our Hotline.\u00a0<\/span><\/span><span style=\"color: #ff0000;\"><a style=\"color: #ff0000;\" href=\"tel:+84964041518\"><span style=\"vertical-align: inherit;\"><span style=\"vertical-align: inherit;\">(+84) 964041518<\/span><\/span><\/a>\u00a0<\/span><span style=\"vertical-align: inherit;\"><span style=\"vertical-align: inherit;\">to receive free advice on using the product.<\/span><\/span><\/span><\/p>","protected":false},"excerpt":{"rendered":"<ul>\n<li><span style=\"font-size: 85%; color: #000000;\"><strong>Series TUF Dwyer<\/strong> l\u00e0 \u0111\u1ed3ng h\u1ed3 \u0111o n\u0103ng l\u01b0\u1ee3ng si\u00eau \u00e2m c\u00f3 \u0111\u1ed9 ch\u00ednh x\u00e1c v\u00e0 \u1ed5n \u0111\u1ecbnh cao, s\u1eed d\u1ee5ng c\u00f4ng ngh\u1ec7 si\u00eau \u00e2m \u0111\u1ec3 \u0111o m\u1ee9c ti\u00eau th\u1ee5 n\u0103ng l\u01b0\u1ee3ng s\u01b0\u1edfi \u1ea5m v\u00e0 l\u00e0m m\u00e1t.\u00a0<\/span><\/li>\n<li><span style=\"font-size: 85%; color: #000000;\">T\u00edch h\u1ee3p l\u01b0u l\u01b0\u1ee3ng k\u1ebf v\u00e0 b\u1ed9 t\u00ednh to\u00e1n n\u0103ng l\u01b0\u1ee3ng trong m\u1ed9t thi\u1ebft b\u1ecb nh\u1ecf g\u1ecdn, l\u00fd t\u01b0\u1edfng \u0111\u1ec3 l\u1eafp \u0111\u1eb7t tr\u00ean m\u00e1y l\u00e0m l\u1ea1nh v\u00e0 n\u1ed3i h\u01a1i.<\/span><\/li>\n<li><span style=\"color: #000000; font-size: 85%;\"><span style=\"vertical-align: inherit;\"><span style=\"vertical-align: inherit;\">Chi ph\u00ed b\u1ea3o tr\u00ec th\u1ea5p nh\u1edd hi\u1ec3n th\u1ecb th\u00f4ng s\u1ed1 tr\u1ef1c ti\u1ebfp t\u1ea1i thi\u1ebft b\u1ecb v\u00e0 kh\u00f4ng c\u00f3 b\u1ed9 ph\u1eadn chuy\u1ec3n \u0111\u1ed9ng.<\/span><\/span><\/span><\/li>\n<li><span style=\"color: #000000; font-size: 85%;\"><span style=\"vertical-align: inherit;\">Ng\u00f5 ra truy\u1ec1n th\u00f4ng n\u1ed1i ti\u1ebfp cho ph\u00e9p truy\u1ec1n v\u00e0 thu th\u1eadp d\u1eef li\u1ec7u d\u1ec5 d\u00e0ng.<\/span><\/span><\/li>\n<\/ul>\n<p><img loading=\"lazy\" decoding=\"async\" class=\"alignnone wp-image-1429\" src=\"https:\/\/hpltech.vn\/wp-content\/uploads\/2023\/12\/pdf-icon-300x300.png\" alt=\"\" width=\"24\" height=\"24\" srcset=\"https:\/\/hpltech.vn\/wp-content\/uploads\/2023\/12\/pdf-icon-300x300.png 300w, https:\/\/hpltech.vn\/wp-content\/uploads\/2023\/12\/pdf-icon-100x100.png 100w, https:\/\/hpltech.vn\/wp-content\/uploads\/2023\/12\/pdf-icon-150x150.png 150w, https:\/\/hpltech.vn\/wp-content\/uploads\/2023\/12\/pdf-icon.png 512w\" sizes=\"auto, (max-width: 24px) 100vw, 24px\" \/> <span style=\"text-decoration: underline;\"><span style=\"font-size: 90%;\"><a href=\"https:\/\/drive.google.com\/file\/d\/1sWufT6I4DY53A2ApXh-19SjQbWSKrWn1\/view?usp=drive_link\" target=\"_blank\" rel=\"nofollow noopener noreferrer\"><span style=\"color: #d83131; text-decoration: underline;\"><span style=\"vertical-align: inherit;\"><span style=\"vertical-align: inherit;\">Series TUF.pdf<\/span><\/span><\/span><\/a><\/span><\/span><\/p>","protected":false},"featured_media":2877,"template":"","meta":[],"product_brand":[],"product_cat":[32],"product_tag":[237],"class_list":{"0":"post-2874","1":"product","2":"type-product","3":"status-publish","4":"has-post-thumbnail","6":"product_cat-dwyer","7":"product_tag-series-tuf","9":"first","10":"instock","11":"shipping-taxable","12":"product-type-simple"},"yoast_head":"<!-- This site is optimized with the Yoast SEO plugin v25.4 - https:\/\/yoast.com\/wordpress\/plugins\/seo\/ -->\n<title>B\u1ed9 \u0111o n\u0103ng l\u01b0\u1ee3ng BTU b\u1eb1ng s\u00f3ng si\u00eau \u00e2m Series TUF - HPL TECH<\/title>\n<meta name=\"description\" content=\"Series TUF Dwyer l\u00e0 \u0111\u1ed3ng h\u1ed3 \u0111o n\u0103ng l\u01b0\u1ee3ng si\u00eau \u00e2m c\u00f3 \u0111\u1ed9 ch\u00ednh x\u00e1c v\u00e0 \u1ed5n \u0111\u1ecbnh cao, s\u1eed d\u1ee5ng c\u00f4ng ngh\u1ec7 si\u00eau \u00e2m \u0111\u1ec3 \u0111o m\u1ee9c ti\u00eau th\u1ee5 n\u0103ng l\u01b0\u1ee3ng s\u01b0\u1edfi \u1ea5m v\u00e0 l\u00e0m m\u00e1t.\u00a0T\u00edch h\u1ee3p l\u01b0u l\u01b0\u1ee3ng k\u1ebf v\u00e0 b\u1ed9 t\u00ednh to\u00e1n n\u0103ng l\u01b0\u1ee3ng trong m\u1ed9t thi\u1ebft b\u1ecb nh\u1ecf g\u1ecdn, l\u00fd t\u01b0\u1edfng \u0111\u1ec3 l\u1eafp \u0111\u1eb7t tr\u00ean m\u00e1y l\u00e0m l\u1ea1nh v\u00e0 n\u1ed3i h\u01a1i.Chi ph\u00ed b\u1ea3o tr\u00ec th\u1ea5p nh\u1edd hi\u1ec3n th\u1ecb th\u00f4ng s\u1ed1 tr\u1ef1c ti\u1ebfp t\u1ea1i thi\u1ebft b\u1ecb v\u00e0 kh\u00f4ng c\u00f3 b\u1ed9 ph\u1eadn chuy\u1ec3n \u0111\u1ed9ng.Ng\u00f5 ra truy\u1ec1n th\u00f4ng n\u1ed1i ti\u1ebfp cho ph\u00e9p truy\u1ec1n v\u00e0 thu th\u1eadp d\u1eef li\u1ec7u d\u1ec5 d\u00e0ng.\" \/>\n<meta name=\"robots\" content=\"index, follow, max-snippet:-1, max-image-preview:large, max-video-preview:-1\" \/>\n<link rel=\"canonical\" href=\"https:\/\/hpltech.vn\/en\/product\/bo-do-nang-luong-btu-bang-song-sieu-am-series-tuf\/\" \/>\n<meta property=\"og:locale\" content=\"en_US\" \/>\n<meta property=\"og:type\" content=\"article\" \/>\n<meta property=\"og:title\" content=\"B\u1ed9 \u0111o n\u0103ng l\u01b0\u1ee3ng BTU b\u1eb1ng s\u00f3ng si\u00eau \u00e2m Series TUF - HPL TECH\" \/>\n<meta property=\"og:description\" content=\"Series TUF Dwyer l\u00e0 \u0111\u1ed3ng h\u1ed3 \u0111o n\u0103ng l\u01b0\u1ee3ng si\u00eau \u00e2m c\u00f3 \u0111\u1ed9 ch\u00ednh x\u00e1c v\u00e0 \u1ed5n \u0111\u1ecbnh cao, s\u1eed d\u1ee5ng c\u00f4ng ngh\u1ec7 si\u00eau \u00e2m \u0111\u1ec3 \u0111o m\u1ee9c ti\u00eau th\u1ee5 n\u0103ng l\u01b0\u1ee3ng s\u01b0\u1edfi \u1ea5m v\u00e0 l\u00e0m m\u00e1t.\u00a0T\u00edch h\u1ee3p l\u01b0u l\u01b0\u1ee3ng k\u1ebf v\u00e0 b\u1ed9 t\u00ednh to\u00e1n n\u0103ng l\u01b0\u1ee3ng trong m\u1ed9t thi\u1ebft b\u1ecb nh\u1ecf g\u1ecdn, l\u00fd t\u01b0\u1edfng \u0111\u1ec3 l\u1eafp \u0111\u1eb7t tr\u00ean m\u00e1y l\u00e0m l\u1ea1nh v\u00e0 n\u1ed3i h\u01a1i.Chi ph\u00ed b\u1ea3o tr\u00ec th\u1ea5p nh\u1edd hi\u1ec3n th\u1ecb th\u00f4ng s\u1ed1 tr\u1ef1c ti\u1ebfp t\u1ea1i thi\u1ebft b\u1ecb v\u00e0 kh\u00f4ng c\u00f3 b\u1ed9 ph\u1eadn chuy\u1ec3n \u0111\u1ed9ng.Ng\u00f5 ra truy\u1ec1n th\u00f4ng n\u1ed1i ti\u1ebfp cho ph\u00e9p truy\u1ec1n v\u00e0 thu th\u1eadp d\u1eef li\u1ec7u d\u1ec5 d\u00e0ng.\" \/>\n<meta property=\"og:url\" content=\"https:\/\/hpltech.vn\/en\/product\/bo-do-nang-luong-btu-bang-song-sieu-am-series-tuf\/\" \/>\n<meta property=\"og:site_name\" content=\"HPL TECH\" \/>\n<meta property=\"article:publisher\" content=\"https:\/\/www.facebook.com\/HPLTECH\/\" \/>\n<meta property=\"article:modified_time\" content=\"2025-12-25T05:29:09+00:00\" \/>\n<meta property=\"og:image\" content=\"https:\/\/hpltech.vn\/wp-content\/uploads\/2025\/12\/SERIES-TUF-01.jpg\" \/>\n\t<meta property=\"og:image:width\" content=\"800\" \/>\n\t<meta property=\"og:image:height\" content=\"800\" \/>\n\t<meta property=\"og:image:type\" content=\"image\/jpeg\" \/>\n<meta name=\"twitter:card\" content=\"summary_large_image\" \/>\n<meta name=\"twitter:label1\" content=\"Est. reading time\" \/>\n\t<meta name=\"twitter:data1\" content=\"2 minutes\" \/>\n<script type=\"application\/ld+json\" class=\"yoast-schema-graph\">{\"@context\":\"https:\/\/schema.org\",\"@graph\":[{\"@type\":\"WebPage\",\"@id\":\"https:\/\/hpltech.vn\/san-pham\/bo-do-nang-luong-btu-bang-song-sieu-am-series-tuf\/\",\"url\":\"https:\/\/hpltech.vn\/san-pham\/bo-do-nang-luong-btu-bang-song-sieu-am-series-tuf\/\",\"name\":\"B\u1ed9 \u0111o n\u0103ng l\u01b0\u1ee3ng BTU b\u1eb1ng s\u00f3ng si\u00eau \u00e2m Series TUF - HPL TECH\",\"isPartOf\":{\"@id\":\"https:\/\/hpltech.vn\/#website\"},\"primaryImageOfPage\":{\"@id\":\"https:\/\/hpltech.vn\/san-pham\/bo-do-nang-luong-btu-bang-song-sieu-am-series-tuf\/#primaryimage\"},\"image\":{\"@id\":\"https:\/\/hpltech.vn\/san-pham\/bo-do-nang-luong-btu-bang-song-sieu-am-series-tuf\/#primaryimage\"},\"thumbnailUrl\":\"https:\/\/hpltech.vn\/wp-content\/uploads\/2025\/12\/SERIES-TUF-01.jpg\",\"datePublished\":\"2025-12-25T02:03:21+00:00\",\"dateModified\":\"2025-12-25T05:29:09+00:00\",\"description\":\"Series TUF Dwyer l\u00e0 \u0111\u1ed3ng h\u1ed3 \u0111o n\u0103ng l\u01b0\u1ee3ng si\u00eau \u00e2m c\u00f3 \u0111\u1ed9 ch\u00ednh x\u00e1c v\u00e0 \u1ed5n \u0111\u1ecbnh cao, s\u1eed d\u1ee5ng c\u00f4ng ngh\u1ec7 si\u00eau \u00e2m \u0111\u1ec3 \u0111o m\u1ee9c ti\u00eau th\u1ee5 n\u0103ng l\u01b0\u1ee3ng s\u01b0\u1edfi \u1ea5m v\u00e0 l\u00e0m m\u00e1t.\u00a0T\u00edch h\u1ee3p l\u01b0u l\u01b0\u1ee3ng k\u1ebf v\u00e0 b\u1ed9 t\u00ednh to\u00e1n n\u0103ng l\u01b0\u1ee3ng trong m\u1ed9t thi\u1ebft b\u1ecb nh\u1ecf g\u1ecdn, l\u00fd t\u01b0\u1edfng \u0111\u1ec3 l\u1eafp \u0111\u1eb7t tr\u00ean m\u00e1y l\u00e0m l\u1ea1nh v\u00e0 n\u1ed3i h\u01a1i.Chi ph\u00ed b\u1ea3o tr\u00ec th\u1ea5p nh\u1edd hi\u1ec3n th\u1ecb th\u00f4ng s\u1ed1 tr\u1ef1c ti\u1ebfp t\u1ea1i thi\u1ebft b\u1ecb v\u00e0 kh\u00f4ng c\u00f3 b\u1ed9 ph\u1eadn chuy\u1ec3n \u0111\u1ed9ng.Ng\u00f5 ra truy\u1ec1n th\u00f4ng n\u1ed1i ti\u1ebfp cho ph\u00e9p truy\u1ec1n v\u00e0 thu th\u1eadp d\u1eef li\u1ec7u d\u1ec5 d\u00e0ng.\",\"breadcrumb\":{\"@id\":\"https:\/\/hpltech.vn\/san-pham\/bo-do-nang-luong-btu-bang-song-sieu-am-series-tuf\/#breadcrumb\"},\"inLanguage\":\"en-US\",\"potentialAction\":[{\"@type\":\"ReadAction\",\"target\":[\"https:\/\/hpltech.vn\/san-pham\/bo-do-nang-luong-btu-bang-song-sieu-am-series-tuf\/\"]}]},{\"@type\":\"ImageObject\",\"inLanguage\":\"en-US\",\"@id\":\"https:\/\/hpltech.vn\/san-pham\/bo-do-nang-luong-btu-bang-song-sieu-am-series-tuf\/#primaryimage\",\"url\":\"https:\/\/hpltech.vn\/wp-content\/uploads\/2025\/12\/SERIES-TUF-01.jpg\",\"contentUrl\":\"https:\/\/hpltech.vn\/wp-content\/uploads\/2025\/12\/SERIES-TUF-01.jpg\",\"width\":800,\"height\":800,\"caption\":\"B\u1ed9 \u0111o n\u0103ng l\u01b0\u1ee3ng BTU b\u1eb1ng s\u00f3ng si\u00eau \u00e2m Series TUF Dwyer\"},{\"@type\":\"BreadcrumbList\",\"@id\":\"https:\/\/hpltech.vn\/san-pham\/bo-do-nang-luong-btu-bang-song-sieu-am-series-tuf\/#breadcrumb\",\"itemListElement\":[{\"@type\":\"ListItem\",\"position\":1,\"name\":\"Trang ch\u1ee7\",\"item\":\"https:\/\/hpltech.vn\/\"},{\"@type\":\"ListItem\",\"position\":2,\"name\":\"T\u1ea5t C\u1ea3 S\u1ea3n Ph\u1ea9m\",\"item\":\"https:\/\/hpltech.vn\/all-products\/\"},{\"@type\":\"ListItem\",\"position\":3,\"name\":\"B\u1ed9 \u0111o n\u0103ng l\u01b0\u1ee3ng BTU b\u1eb1ng s\u00f3ng si\u00eau \u00e2m Series TUF\"}]},{\"@type\":\"WebSite\",\"@id\":\"https:\/\/hpltech.vn\/#website\",\"url\":\"https:\/\/hpltech.vn\/\",\"name\":\"HPL TECH\",\"description\":\"C\u00f4ng Ty TNHH Th\u01b0\u01a1ng M\u1ea1i K\u1ef9 Thu\u1eadt HPL\",\"publisher\":{\"@id\":\"https:\/\/hpltech.vn\/#organization\"},\"alternateName\":\"HPLTECH.VN\",\"potentialAction\":[{\"@type\":\"SearchAction\",\"target\":{\"@type\":\"EntryPoint\",\"urlTemplate\":\"https:\/\/hpltech.vn\/?s={search_term_string}\"},\"query-input\":{\"@type\":\"PropertyValueSpecification\",\"valueRequired\":true,\"valueName\":\"search_term_string\"}}],\"inLanguage\":\"en-US\"},{\"@type\":\"Organization\",\"@id\":\"https:\/\/hpltech.vn\/#organization\",\"name\":\"C\u00f4ng Ty THNN Th\u01b0\u01a1ng M\u1ea1i K\u1ef9 Thu\u1eadt HPL\",\"alternateName\":\"HPL Tech\",\"url\":\"https:\/\/hpltech.vn\/\",\"logo\":{\"@type\":\"ImageObject\",\"inLanguage\":\"en-US\",\"@id\":\"https:\/\/hpltech.vn\/#\/schema\/logo\/image\/\",\"url\":\"https:\/\/hpltech.vn\/wp-content\/uploads\/2023\/12\/Logo-HPL-512.png\",\"contentUrl\":\"https:\/\/hpltech.vn\/wp-content\/uploads\/2023\/12\/Logo-HPL-512.png\",\"width\":512,\"height\":512,\"caption\":\"C\u00f4ng Ty THNN Th\u01b0\u01a1ng M\u1ea1i K\u1ef9 Thu\u1eadt HPL\"},\"image\":{\"@id\":\"https:\/\/hpltech.vn\/#\/schema\/logo\/image\/\"},\"sameAs\":[\"https:\/\/www.facebook.com\/HPLTECH\/\"]}]}<\/script>\n<!-- \/ Yoast SEO plugin. -->","yoast_head_json":{"title":"B\u1ed9 \u0111o n\u0103ng l\u01b0\u1ee3ng BTU b\u1eb1ng s\u00f3ng si\u00eau \u00e2m Series TUF - HPL TECH","description":"Series TUF Dwyer l\u00e0 \u0111\u1ed3ng h\u1ed3 \u0111o n\u0103ng l\u01b0\u1ee3ng si\u00eau \u00e2m c\u00f3 \u0111\u1ed9 ch\u00ednh x\u00e1c v\u00e0 \u1ed5n \u0111\u1ecbnh cao, s\u1eed d\u1ee5ng c\u00f4ng ngh\u1ec7 si\u00eau \u00e2m \u0111\u1ec3 \u0111o m\u1ee9c ti\u00eau th\u1ee5 n\u0103ng l\u01b0\u1ee3ng s\u01b0\u1edfi \u1ea5m v\u00e0 l\u00e0m m\u00e1t.\u00a0T\u00edch h\u1ee3p l\u01b0u l\u01b0\u1ee3ng k\u1ebf v\u00e0 b\u1ed9 t\u00ednh to\u00e1n n\u0103ng l\u01b0\u1ee3ng trong m\u1ed9t thi\u1ebft b\u1ecb nh\u1ecf g\u1ecdn, l\u00fd t\u01b0\u1edfng \u0111\u1ec3 l\u1eafp \u0111\u1eb7t tr\u00ean m\u00e1y l\u00e0m l\u1ea1nh v\u00e0 n\u1ed3i h\u01a1i.Chi ph\u00ed b\u1ea3o tr\u00ec th\u1ea5p nh\u1edd hi\u1ec3n th\u1ecb th\u00f4ng s\u1ed1 tr\u1ef1c ti\u1ebfp t\u1ea1i thi\u1ebft b\u1ecb v\u00e0 kh\u00f4ng c\u00f3 b\u1ed9 ph\u1eadn chuy\u1ec3n \u0111\u1ed9ng.Ng\u00f5 ra truy\u1ec1n th\u00f4ng n\u1ed1i ti\u1ebfp cho ph\u00e9p truy\u1ec1n v\u00e0 thu th\u1eadp d\u1eef li\u1ec7u d\u1ec5 d\u00e0ng.","robots":{"index":"index","follow":"follow","max-snippet":"max-snippet:-1","max-image-preview":"max-image-preview:large","max-video-preview":"max-video-preview:-1"},"canonical":"https:\/\/hpltech.vn\/en\/product\/bo-do-nang-luong-btu-bang-song-sieu-am-series-tuf\/","og_locale":"en_US","og_type":"article","og_title":"B\u1ed9 \u0111o n\u0103ng l\u01b0\u1ee3ng BTU b\u1eb1ng s\u00f3ng si\u00eau \u00e2m Series TUF - HPL TECH","og_description":"Series TUF Dwyer l\u00e0 \u0111\u1ed3ng h\u1ed3 \u0111o n\u0103ng l\u01b0\u1ee3ng si\u00eau \u00e2m c\u00f3 \u0111\u1ed9 ch\u00ednh x\u00e1c v\u00e0 \u1ed5n \u0111\u1ecbnh cao, s\u1eed d\u1ee5ng c\u00f4ng ngh\u1ec7 si\u00eau \u00e2m \u0111\u1ec3 \u0111o m\u1ee9c ti\u00eau th\u1ee5 n\u0103ng l\u01b0\u1ee3ng s\u01b0\u1edfi \u1ea5m v\u00e0 l\u00e0m m\u00e1t.\u00a0T\u00edch h\u1ee3p l\u01b0u l\u01b0\u1ee3ng k\u1ebf v\u00e0 b\u1ed9 t\u00ednh to\u00e1n n\u0103ng l\u01b0\u1ee3ng trong m\u1ed9t thi\u1ebft b\u1ecb nh\u1ecf g\u1ecdn, l\u00fd t\u01b0\u1edfng \u0111\u1ec3 l\u1eafp \u0111\u1eb7t tr\u00ean m\u00e1y l\u00e0m l\u1ea1nh v\u00e0 n\u1ed3i h\u01a1i.Chi ph\u00ed b\u1ea3o tr\u00ec th\u1ea5p nh\u1edd hi\u1ec3n th\u1ecb th\u00f4ng s\u1ed1 tr\u1ef1c ti\u1ebfp t\u1ea1i thi\u1ebft b\u1ecb v\u00e0 kh\u00f4ng c\u00f3 b\u1ed9 ph\u1eadn chuy\u1ec3n \u0111\u1ed9ng.Ng\u00f5 ra truy\u1ec1n th\u00f4ng n\u1ed1i ti\u1ebfp cho ph\u00e9p truy\u1ec1n v\u00e0 thu th\u1eadp d\u1eef li\u1ec7u d\u1ec5 d\u00e0ng.","og_url":"https:\/\/hpltech.vn\/en\/product\/bo-do-nang-luong-btu-bang-song-sieu-am-series-tuf\/","og_site_name":"HPL TECH","article_publisher":"https:\/\/www.facebook.com\/HPLTECH\/","article_modified_time":"2025-12-25T05:29:09+00:00","og_image":[{"width":800,"height":800,"url":"https:\/\/hpltech.vn\/wp-content\/uploads\/2025\/12\/SERIES-TUF-01.jpg","type":"image\/jpeg"}],"twitter_card":"summary_large_image","twitter_misc":{"Est. reading time":"2 minutes"},"schema":{"@context":"https:\/\/schema.org","@graph":[{"@type":"WebPage","@id":"https:\/\/hpltech.vn\/san-pham\/bo-do-nang-luong-btu-bang-song-sieu-am-series-tuf\/","url":"https:\/\/hpltech.vn\/san-pham\/bo-do-nang-luong-btu-bang-song-sieu-am-series-tuf\/","name":"B\u1ed9 \u0111o n\u0103ng l\u01b0\u1ee3ng BTU b\u1eb1ng s\u00f3ng si\u00eau \u00e2m Series TUF - HPL TECH","isPartOf":{"@id":"https:\/\/hpltech.vn\/#website"},"primaryImageOfPage":{"@id":"https:\/\/hpltech.vn\/san-pham\/bo-do-nang-luong-btu-bang-song-sieu-am-series-tuf\/#primaryimage"},"image":{"@id":"https:\/\/hpltech.vn\/san-pham\/bo-do-nang-luong-btu-bang-song-sieu-am-series-tuf\/#primaryimage"},"thumbnailUrl":"https:\/\/hpltech.vn\/wp-content\/uploads\/2025\/12\/SERIES-TUF-01.jpg","datePublished":"2025-12-25T02:03:21+00:00","dateModified":"2025-12-25T05:29:09+00:00","description":"Series TUF Dwyer l\u00e0 \u0111\u1ed3ng h\u1ed3 \u0111o n\u0103ng l\u01b0\u1ee3ng si\u00eau \u00e2m c\u00f3 \u0111\u1ed9 ch\u00ednh x\u00e1c v\u00e0 \u1ed5n \u0111\u1ecbnh cao, s\u1eed d\u1ee5ng c\u00f4ng ngh\u1ec7 si\u00eau \u00e2m \u0111\u1ec3 \u0111o m\u1ee9c ti\u00eau th\u1ee5 n\u0103ng l\u01b0\u1ee3ng s\u01b0\u1edfi \u1ea5m v\u00e0 l\u00e0m m\u00e1t.\u00a0T\u00edch h\u1ee3p l\u01b0u l\u01b0\u1ee3ng k\u1ebf v\u00e0 b\u1ed9 t\u00ednh to\u00e1n n\u0103ng l\u01b0\u1ee3ng trong m\u1ed9t thi\u1ebft b\u1ecb nh\u1ecf g\u1ecdn, l\u00fd t\u01b0\u1edfng \u0111\u1ec3 l\u1eafp \u0111\u1eb7t tr\u00ean m\u00e1y l\u00e0m l\u1ea1nh v\u00e0 n\u1ed3i h\u01a1i.Chi ph\u00ed b\u1ea3o tr\u00ec th\u1ea5p nh\u1edd hi\u1ec3n th\u1ecb th\u00f4ng s\u1ed1 tr\u1ef1c ti\u1ebfp t\u1ea1i thi\u1ebft b\u1ecb v\u00e0 kh\u00f4ng c\u00f3 b\u1ed9 ph\u1eadn chuy\u1ec3n \u0111\u1ed9ng.Ng\u00f5 ra truy\u1ec1n th\u00f4ng n\u1ed1i ti\u1ebfp cho ph\u00e9p truy\u1ec1n v\u00e0 thu th\u1eadp d\u1eef li\u1ec7u d\u1ec5 d\u00e0ng.","breadcrumb":{"@id":"https:\/\/hpltech.vn\/san-pham\/bo-do-nang-luong-btu-bang-song-sieu-am-series-tuf\/#breadcrumb"},"inLanguage":"en-US","potentialAction":[{"@type":"ReadAction","target":["https:\/\/hpltech.vn\/san-pham\/bo-do-nang-luong-btu-bang-song-sieu-am-series-tuf\/"]}]},{"@type":"ImageObject","inLanguage":"en-US","@id":"https:\/\/hpltech.vn\/san-pham\/bo-do-nang-luong-btu-bang-song-sieu-am-series-tuf\/#primaryimage","url":"https:\/\/hpltech.vn\/wp-content\/uploads\/2025\/12\/SERIES-TUF-01.jpg","contentUrl":"https:\/\/hpltech.vn\/wp-content\/uploads\/2025\/12\/SERIES-TUF-01.jpg","width":800,"height":800,"caption":"B\u1ed9 \u0111o n\u0103ng l\u01b0\u1ee3ng BTU b\u1eb1ng s\u00f3ng si\u00eau \u00e2m Series TUF Dwyer"},{"@type":"BreadcrumbList","@id":"https:\/\/hpltech.vn\/san-pham\/bo-do-nang-luong-btu-bang-song-sieu-am-series-tuf\/#breadcrumb","itemListElement":[{"@type":"ListItem","position":1,"name":"Trang ch\u1ee7","item":"https:\/\/hpltech.vn\/"},{"@type":"ListItem","position":2,"name":"T\u1ea5t C\u1ea3 S\u1ea3n Ph\u1ea9m","item":"https:\/\/hpltech.vn\/all-products\/"},{"@type":"ListItem","position":3,"name":"B\u1ed9 \u0111o n\u0103ng l\u01b0\u1ee3ng BTU b\u1eb1ng s\u00f3ng si\u00eau \u00e2m Series TUF"}]},{"@type":"WebSite","@id":"https:\/\/hpltech.vn\/#website","url":"https:\/\/hpltech.vn\/","name":"HPL TECH","description":"HPL TECHNICAL TRADING COMPANY LIMITED","publisher":{"@id":"https:\/\/hpltech.vn\/#organization"},"alternateName":"HPLTECH.VN","potentialAction":[{"@type":"SearchAction","target":{"@type":"EntryPoint","urlTemplate":"https:\/\/hpltech.vn\/?s={search_term_string}"},"query-input":{"@type":"PropertyValueSpecification","valueRequired":true,"valueName":"search_term_string"}}],"inLanguage":"en-US"},{"@type":"Organization","@id":"https:\/\/hpltech.vn\/#organization","name":"C\u00f4ng Ty THNN Th\u01b0\u01a1ng M\u1ea1i K\u1ef9 Thu\u1eadt HPL","alternateName":"HPL Tech","url":"https:\/\/hpltech.vn\/","logo":{"@type":"ImageObject","inLanguage":"en-US","@id":"https:\/\/hpltech.vn\/#\/schema\/logo\/image\/","url":"https:\/\/hpltech.vn\/wp-content\/uploads\/2023\/12\/Logo-HPL-512.png","contentUrl":"https:\/\/hpltech.vn\/wp-content\/uploads\/2023\/12\/Logo-HPL-512.png","width":512,"height":512,"caption":"C\u00f4ng Ty THNN Th\u01b0\u01a1ng M\u1ea1i K\u1ef9 Thu\u1eadt HPL"},"image":{"@id":"https:\/\/hpltech.vn\/#\/schema\/logo\/image\/"},"sameAs":["https:\/\/www.facebook.com\/HPLTECH\/"]}]}},"_links":{"self":[{"href":"https:\/\/hpltech.vn\/en\/wp-json\/wp\/v2\/product\/2874","targetHints":{"allow":["GET"]}}],"collection":[{"href":"https:\/\/hpltech.vn\/en\/wp-json\/wp\/v2\/product"}],"about":[{"href":"https:\/\/hpltech.vn\/en\/wp-json\/wp\/v2\/types\/product"}],"wp:featuredmedia":[{"embeddable":true,"href":"https:\/\/hpltech.vn\/en\/wp-json\/wp\/v2\/media\/2877"}],"wp:attachment":[{"href":"https:\/\/hpltech.vn\/en\/wp-json\/wp\/v2\/media?parent=2874"}],"wp:term":[{"taxonomy":"product_brand","embeddable":true,"href":"https:\/\/hpltech.vn\/en\/wp-json\/wp\/v2\/product_brand?post=2874"},{"taxonomy":"product_cat","embeddable":true,"href":"https:\/\/hpltech.vn\/en\/wp-json\/wp\/v2\/product_cat?post=2874"},{"taxonomy":"product_tag","embeddable":true,"href":"https:\/\/hpltech.vn\/en\/wp-json\/wp\/v2\/product_tag?post=2874"}],"curies":[{"name":"wp","href":"https:\/\/api.w.org\/{rel}","templated":true}]}}