{"id":2937,"date":"2026-03-20T20:34:31","date_gmt":"2026-03-20T13:34:31","guid":{"rendered":"https:\/\/hpltech.vn\/?post_type=product&#038;p=2937"},"modified":"2026-04-02T08:51:15","modified_gmt":"2026-04-02T01:51:15","slug":"cam-bien-bao-khoi-gan-ong-gio-aci-sl-2000-p","status":"publish","type":"product","link":"https:\/\/hpltech.vn\/en\/product\/cam-bien-bao-khoi-gan-ong-gio-aci-sl-2000-p\/","title":{"rendered":"C\u1ea3m bi\u1ebfn b\u00e1o kh\u00f3i g\u1eafn \u1ed1ng gi\u00f3 ACI SL-2000-P"},"content":{"rendered":"<p><span style=\"color: #000000; font-size: 90%;\"><strong>Product highlights:<\/strong><\/span><\/p>\n<ul>\n<li><span style=\"font-size: 85%; color: #000000;\">S\u1ea3n ph\u1ea9m c\u1ea3m bi\u1ebfn b\u00e1o kh\u00f3i <strong>SL-2000-P<\/strong> \u0111\u01b0\u1ee3c \u1ee9ng d\u1ee5ng ki\u1ec3m so\u00e1t kh\u00f3i \u0111\u01b0\u1eddng \u1ed1ng gi\u00f3 c\u1ea5p h\u1ec7 t\u0103ng \u00e1p, h\u1ec7 c\u1ea5p gi\u00f3 t\u01b0\u01a1i, h\u1ec7 AHU, PAU trong t\u00f2a nh\u00e0 cao t\u1ea7ng v\u00e0 nh\u00e0 x\u01b0\u1edfng.<\/span><\/li>\n<li><span style=\"font-size: 85%; color: #000000;\">Lo\u1ea1i c\u1ea3m bi\u1ebfn b\u00e1o kh\u00f3i quang.<\/span><\/li>\n<li><span style=\"font-size: 85%; color: #000000;\">T\u00edn hi\u1ec7u ra d\u1ea1ng ti\u1ebfp \u0111i\u1ec3m cho ph\u00e9p b\u1eadt\/t\u1eaft tr\u1ef1c ti\u1ebfp h\u1ec7 th\u1ed1ng qu\u1ea1t khi c\u00f3 s\u1ef1 c\u1ed1 x\u1ea3y ra.<\/span><\/li>\n<\/ul>\n<p><span style=\"color: #000000; font-size: 90%;\"><strong>Detailed specifications:<\/strong><\/span><\/p>\n<p><span style=\"font-size: 90%; color: #000000;\">\n<table id=\"tablepress-ACI_SL-2000-P\" class=\"tablepress tablepress-id-ACI_SL-2000-P\">\n<thead>\n<tr class=\"row-1\">\n\t<th class=\"column-1\">Specifications<\/th><th class=\"column-2\">Detailed description<\/th>\n<\/tr>\n<\/thead>\n<tbody class=\"row-striping row-hover\">\n<tr class=\"row-2\">\n\t<td class=\"column-1\">Sensor type<\/td><td class=\"column-2\">C\u1ea3m bi\u1ebfn b\u00e1o kh\u00f3i quang<\/td>\n<\/tr>\n<tr class=\"row-3\">\n\t<td class=\"column-1\">Power supply<\/td><td class=\"column-2\">230 VAC\/ 115 VAC \/ 24 VAC\/ 24 VDC<\/td>\n<\/tr>\n<tr class=\"row-4\">\n\t<td class=\"column-1\">V\u1eadn t\u1ed1c gi\u00f3<\/td><td class=\"column-2\">100 to 4,000 ft.\/min.<\/td>\n<\/tr>\n<tr class=\"row-5\">\n\t<td class=\"column-1\">Output signal<\/td><td class=\"column-2\">SPDT @10A<\/td>\n<\/tr>\n<tr class=\"row-6\">\n\t<td class=\"column-1\">Accuracy<\/td><td class=\"column-2\"><\/td>\n<\/tr>\n<tr class=\"row-7\">\n\t<td class=\"column-1\">Operating temperature <\/td><td class=\"column-2\">0 - 60 \u00b0C<\/td>\n<\/tr>\n<tr class=\"row-8\">\n\t<td class=\"column-1\">Operating humidity<\/td><td class=\"column-2\">85 \u00b15 %<\/td>\n<\/tr>\n<tr class=\"row-9\">\n\t<td class=\"column-1\">Protection level<\/td><td class=\"column-2\"><\/td>\n<\/tr>\n<tr class=\"row-10\">\n\t<td class=\"column-1\">Origin<\/td><td class=\"column-2\">ACI\/ USA<\/td>\n<\/tr>\n<\/tbody>\n<\/table>\n<!-- #tablepress-ACI_SL-2000-P from cache --><\/span><\/p>\n<p><span style=\"font-size: 90%; color: #000000;\"><strong>HPLTECH<\/strong> l\u00e0 \u0111\u01a1n v\u1ecb ph\u00e2n ph\u1ed1i ch\u00ednh h\u00e3ng s\u1ea3n ph\u1ea9m ACI t\u1ea1i th\u1ecb tr\u01b0\u1eddng Vi\u1ec7t Nam.<\/span><\/p>\n<p><span style=\"font-size: 90%; color: #000000;\">If you have any questions, please contact our Hotline.\u00a0<span style=\"color: #ff0000;\"><a style=\"color: #ff0000;\" href=\"tel:+84964041518\">(+84) 964041518<\/a>\u00a0<\/span>to receive free advice on using the product.<\/span><\/p>","protected":false},"excerpt":{"rendered":"<ul>\n<li><span style=\"font-size: 80%; color: #000000;\">S\u1ea3n ph\u1ea9m c\u1ea3m bi\u1ebfn b\u00e1o kh\u00f3i <strong>SL-2000-P<\/strong> \u0111\u01b0\u1ee3c \u1ee9ng d\u1ee5ng ki\u1ec3m so\u00e1t kh\u00f3i \u0111\u01b0\u1eddng \u1ed1ng gi\u00f3 c\u1ea5p h\u1ec7 t\u0103ng \u00e1p, h\u1ec7 c\u1ea5p gi\u00f3 t\u01b0\u01a1i, h\u1ec7 AHU, PAU trong t\u00f2a nh\u00e0 cao t\u1ea7ng v\u00e0 nh\u00e0 x\u01b0\u1edfng.<\/span><\/li>\n<li><span style=\"font-size: 80%; color: #000000;\">Lo\u1ea1i c\u1ea3m bi\u1ebfn b\u00e1o kh\u00f3i quang.<\/span><\/li>\n<li><span style=\"font-size: 80%; color: #000000;\">T\u00edn hi\u1ec7u ra d\u1ea1ng ti\u1ebfp \u0111i\u1ec3m: 2xSPDT @10A<\/span><\/li>\n<\/ul>\n<p><img loading=\"lazy\" decoding=\"async\" class=\"alignnone wp-image-1429\" src=\"https:\/\/hpltech.vn\/wp-content\/uploads\/2023\/12\/pdf-icon-300x300.png\" alt=\"\" width=\"24\" height=\"24\" srcset=\"https:\/\/hpltech.vn\/wp-content\/uploads\/2023\/12\/pdf-icon-300x300.png 300w, https:\/\/hpltech.vn\/wp-content\/uploads\/2023\/12\/pdf-icon-100x100.png 100w, https:\/\/hpltech.vn\/wp-content\/uploads\/2023\/12\/pdf-icon-150x150.png 150w, https:\/\/hpltech.vn\/wp-content\/uploads\/2023\/12\/pdf-icon.png 512w\" sizes=\"auto, (max-width: 24px) 100vw, 24px\" \/> <span style=\"text-decoration: underline;\"><span style=\"font-size: 90%;\"><a href=\"https:\/\/drive.google.com\/file\/d\/1Rb2vN-JUBi4hY5w9t9JQ_iLVmDJVsqa4\/view?usp=drive_link\" target=\"_blank\" rel=\"nofollow noopener noreferrer\"><span style=\"color: #d83131; text-decoration: underline;\">SL-2000-P.pdf<\/span><\/a><\/span><\/span><\/p>","protected":false},"featured_media":1349,"template":"","meta":[],"product_brand":[],"product_cat":[250],"product_tag":[255,252,253,254,251,95],"class_list":{"0":"post-2937","1":"product","2":"type-product","3":"status-publish","4":"has-post-thumbnail","6":"product_cat-aci","7":"product_tag-aci","8":"product_tag-aci-sl-2000-p","9":"product_tag-cam-bien-bao-khoi","10":"product_tag-gan-ong-gio","11":"product_tag-sl-2000","12":"product_tag-sl-2000-p","14":"first","15":"instock","16":"shipping-taxable","17":"product-type-simple"},"yoast_head":"<!-- This site is optimized with the Yoast SEO plugin v25.4 - https:\/\/yoast.com\/wordpress\/plugins\/seo\/ -->\n<title>C\u1ea3m bi\u1ebfn b\u00e1o kh\u00f3i g\u1eafn \u1ed1ng gi\u00f3 ACI SL-2000-P - HPL TECH<\/title>\n<meta name=\"description\" content=\"S\u1ea3n ph\u1ea9m c\u1ea3m bi\u1ebfn b\u00e1o kh\u00f3i SL-2000-P \u0111\u01b0\u1ee3c \u1ee9ng d\u1ee5ng ki\u1ec3m so\u00e1t kh\u00f3i \u0111\u01b0\u1eddng \u1ed1ng gi\u00f3 c\u1ea5p h\u1ec7 t\u0103ng \u00e1p, h\u1ec7 c\u1ea5p gi\u00f3 t\u01b0\u01a1i, h\u1ec7 AHU, PAU trong t\u00f2a nh\u00e0 cao t\u1ea7ng v\u00e0 nh\u00e0 x\u01b0\u1edfng.Lo\u1ea1i c\u1ea3m bi\u1ebfn b\u00e1o kh\u00f3i quang.T\u00edn hi\u1ec7u ra d\u1ea1ng ti\u1ebfp \u0111i\u1ec3m: 2xSPDT @10A\" \/>\n<meta name=\"robots\" content=\"index, follow, max-snippet:-1, max-image-preview:large, max-video-preview:-1\" \/>\n<link rel=\"canonical\" href=\"https:\/\/hpltech.vn\/en\/product\/cam-bien-bao-khoi-gan-ong-gio-aci-sl-2000-p\/\" \/>\n<meta property=\"og:locale\" content=\"en_US\" \/>\n<meta property=\"og:type\" content=\"article\" \/>\n<meta property=\"og:title\" content=\"C\u1ea3m bi\u1ebfn b\u00e1o kh\u00f3i g\u1eafn \u1ed1ng gi\u00f3 ACI SL-2000-P - HPL TECH\" \/>\n<meta property=\"og:description\" content=\"S\u1ea3n ph\u1ea9m c\u1ea3m bi\u1ebfn b\u00e1o kh\u00f3i SL-2000-P \u0111\u01b0\u1ee3c \u1ee9ng d\u1ee5ng ki\u1ec3m so\u00e1t kh\u00f3i \u0111\u01b0\u1eddng \u1ed1ng gi\u00f3 c\u1ea5p h\u1ec7 t\u0103ng \u00e1p, h\u1ec7 c\u1ea5p gi\u00f3 t\u01b0\u01a1i, h\u1ec7 AHU, PAU trong t\u00f2a nh\u00e0 cao t\u1ea7ng v\u00e0 nh\u00e0 x\u01b0\u1edfng.Lo\u1ea1i c\u1ea3m bi\u1ebfn b\u00e1o kh\u00f3i quang.T\u00edn hi\u1ec7u ra d\u1ea1ng ti\u1ebfp \u0111i\u1ec3m: 2xSPDT @10A\" \/>\n<meta property=\"og:url\" content=\"https:\/\/hpltech.vn\/en\/product\/cam-bien-bao-khoi-gan-ong-gio-aci-sl-2000-p\/\" \/>\n<meta property=\"og:site_name\" content=\"HPL TECH\" \/>\n<meta property=\"article:publisher\" content=\"https:\/\/www.facebook.com\/HPLTECH\/\" \/>\n<meta property=\"article:modified_time\" content=\"2026-04-02T01:51:15+00:00\" \/>\n<meta property=\"og:image\" content=\"https:\/\/hpltech.vn\/wp-content\/uploads\/2023\/12\/SL-2000-P.jpg\" \/>\n\t<meta property=\"og:image:width\" content=\"600\" \/>\n\t<meta property=\"og:image:height\" content=\"232\" \/>\n\t<meta property=\"og:image:type\" content=\"image\/jpeg\" \/>\n<meta name=\"twitter:card\" content=\"summary_large_image\" \/>\n<meta name=\"twitter:label1\" content=\"Est. reading time\" \/>\n\t<meta name=\"twitter:data1\" content=\"1 minute\" \/>\n<script type=\"application\/ld+json\" class=\"yoast-schema-graph\">{\"@context\":\"https:\/\/schema.org\",\"@graph\":[{\"@type\":\"WebPage\",\"@id\":\"https:\/\/hpltech.vn\/san-pham\/cam-bien-bao-khoi-gan-ong-gio-aci-sl-2000-p\/\",\"url\":\"https:\/\/hpltech.vn\/san-pham\/cam-bien-bao-khoi-gan-ong-gio-aci-sl-2000-p\/\",\"name\":\"C\u1ea3m bi\u1ebfn b\u00e1o kh\u00f3i g\u1eafn \u1ed1ng gi\u00f3 ACI SL-2000-P - HPL TECH\",\"isPartOf\":{\"@id\":\"https:\/\/hpltech.vn\/#website\"},\"primaryImageOfPage\":{\"@id\":\"https:\/\/hpltech.vn\/san-pham\/cam-bien-bao-khoi-gan-ong-gio-aci-sl-2000-p\/#primaryimage\"},\"image\":{\"@id\":\"https:\/\/hpltech.vn\/san-pham\/cam-bien-bao-khoi-gan-ong-gio-aci-sl-2000-p\/#primaryimage\"},\"thumbnailUrl\":\"https:\/\/hpltech.vn\/wp-content\/uploads\/2023\/12\/SL-2000-P.jpg\",\"datePublished\":\"2026-03-20T13:34:31+00:00\",\"dateModified\":\"2026-04-02T01:51:15+00:00\",\"description\":\"S\u1ea3n ph\u1ea9m c\u1ea3m bi\u1ebfn b\u00e1o kh\u00f3i SL-2000-P \u0111\u01b0\u1ee3c \u1ee9ng d\u1ee5ng ki\u1ec3m so\u00e1t kh\u00f3i \u0111\u01b0\u1eddng \u1ed1ng gi\u00f3 c\u1ea5p h\u1ec7 t\u0103ng \u00e1p, h\u1ec7 c\u1ea5p gi\u00f3 t\u01b0\u01a1i, h\u1ec7 AHU, PAU trong t\u00f2a nh\u00e0 cao t\u1ea7ng v\u00e0 nh\u00e0 x\u01b0\u1edfng.Lo\u1ea1i c\u1ea3m bi\u1ebfn b\u00e1o kh\u00f3i quang.T\u00edn hi\u1ec7u ra d\u1ea1ng ti\u1ebfp \u0111i\u1ec3m: 2xSPDT @10A\",\"breadcrumb\":{\"@id\":\"https:\/\/hpltech.vn\/san-pham\/cam-bien-bao-khoi-gan-ong-gio-aci-sl-2000-p\/#breadcrumb\"},\"inLanguage\":\"en-US\",\"potentialAction\":[{\"@type\":\"ReadAction\",\"target\":[\"https:\/\/hpltech.vn\/san-pham\/cam-bien-bao-khoi-gan-ong-gio-aci-sl-2000-p\/\"]}]},{\"@type\":\"ImageObject\",\"inLanguage\":\"en-US\",\"@id\":\"https:\/\/hpltech.vn\/san-pham\/cam-bien-bao-khoi-gan-ong-gio-aci-sl-2000-p\/#primaryimage\",\"url\":\"https:\/\/hpltech.vn\/wp-content\/uploads\/2023\/12\/SL-2000-P.jpg\",\"contentUrl\":\"https:\/\/hpltech.vn\/wp-content\/uploads\/2023\/12\/SL-2000-P.jpg\",\"width\":600,\"height\":232},{\"@type\":\"BreadcrumbList\",\"@id\":\"https:\/\/hpltech.vn\/san-pham\/cam-bien-bao-khoi-gan-ong-gio-aci-sl-2000-p\/#breadcrumb\",\"itemListElement\":[{\"@type\":\"ListItem\",\"position\":1,\"name\":\"Trang ch\u1ee7\",\"item\":\"https:\/\/hpltech.vn\/\"},{\"@type\":\"ListItem\",\"position\":2,\"name\":\"T\u1ea5t C\u1ea3 S\u1ea3n Ph\u1ea9m\",\"item\":\"https:\/\/hpltech.vn\/all-products\/\"},{\"@type\":\"ListItem\",\"position\":3,\"name\":\"C\u1ea3m bi\u1ebfn b\u00e1o kh\u00f3i g\u1eafn \u1ed1ng gi\u00f3 ACI SL-2000-P\"}]},{\"@type\":\"WebSite\",\"@id\":\"https:\/\/hpltech.vn\/#website\",\"url\":\"https:\/\/hpltech.vn\/\",\"name\":\"HPL TECH\",\"description\":\"C\u00f4ng Ty TNHH Th\u01b0\u01a1ng M\u1ea1i K\u1ef9 Thu\u1eadt HPL\",\"publisher\":{\"@id\":\"https:\/\/hpltech.vn\/#organization\"},\"alternateName\":\"HPLTECH.VN\",\"potentialAction\":[{\"@type\":\"SearchAction\",\"target\":{\"@type\":\"EntryPoint\",\"urlTemplate\":\"https:\/\/hpltech.vn\/?s={search_term_string}\"},\"query-input\":{\"@type\":\"PropertyValueSpecification\",\"valueRequired\":true,\"valueName\":\"search_term_string\"}}],\"inLanguage\":\"en-US\"},{\"@type\":\"Organization\",\"@id\":\"https:\/\/hpltech.vn\/#organization\",\"name\":\"C\u00f4ng Ty THNN Th\u01b0\u01a1ng M\u1ea1i K\u1ef9 Thu\u1eadt HPL\",\"alternateName\":\"HPL Tech\",\"url\":\"https:\/\/hpltech.vn\/\",\"logo\":{\"@type\":\"ImageObject\",\"inLanguage\":\"en-US\",\"@id\":\"https:\/\/hpltech.vn\/#\/schema\/logo\/image\/\",\"url\":\"https:\/\/hpltech.vn\/wp-content\/uploads\/2023\/12\/Logo-HPL-512.png\",\"contentUrl\":\"https:\/\/hpltech.vn\/wp-content\/uploads\/2023\/12\/Logo-HPL-512.png\",\"width\":512,\"height\":512,\"caption\":\"C\u00f4ng Ty THNN Th\u01b0\u01a1ng M\u1ea1i K\u1ef9 Thu\u1eadt HPL\"},\"image\":{\"@id\":\"https:\/\/hpltech.vn\/#\/schema\/logo\/image\/\"},\"sameAs\":[\"https:\/\/www.facebook.com\/HPLTECH\/\"]}]}<\/script>\n<!-- \/ Yoast SEO plugin. -->","yoast_head_json":{"title":"C\u1ea3m bi\u1ebfn b\u00e1o kh\u00f3i g\u1eafn \u1ed1ng gi\u00f3 ACI SL-2000-P - HPL TECH","description":"S\u1ea3n ph\u1ea9m c\u1ea3m bi\u1ebfn b\u00e1o kh\u00f3i SL-2000-P \u0111\u01b0\u1ee3c \u1ee9ng d\u1ee5ng ki\u1ec3m so\u00e1t kh\u00f3i \u0111\u01b0\u1eddng \u1ed1ng gi\u00f3 c\u1ea5p h\u1ec7 t\u0103ng \u00e1p, h\u1ec7 c\u1ea5p gi\u00f3 t\u01b0\u01a1i, h\u1ec7 AHU, PAU trong t\u00f2a nh\u00e0 cao t\u1ea7ng v\u00e0 nh\u00e0 x\u01b0\u1edfng.Lo\u1ea1i c\u1ea3m bi\u1ebfn b\u00e1o kh\u00f3i quang.T\u00edn hi\u1ec7u ra d\u1ea1ng ti\u1ebfp \u0111i\u1ec3m: 2xSPDT @10A","robots":{"index":"index","follow":"follow","max-snippet":"max-snippet:-1","max-image-preview":"max-image-preview:large","max-video-preview":"max-video-preview:-1"},"canonical":"https:\/\/hpltech.vn\/en\/product\/cam-bien-bao-khoi-gan-ong-gio-aci-sl-2000-p\/","og_locale":"en_US","og_type":"article","og_title":"C\u1ea3m bi\u1ebfn b\u00e1o kh\u00f3i g\u1eafn \u1ed1ng gi\u00f3 ACI SL-2000-P - HPL TECH","og_description":"S\u1ea3n ph\u1ea9m c\u1ea3m bi\u1ebfn b\u00e1o kh\u00f3i SL-2000-P \u0111\u01b0\u1ee3c \u1ee9ng d\u1ee5ng ki\u1ec3m so\u00e1t kh\u00f3i \u0111\u01b0\u1eddng \u1ed1ng gi\u00f3 c\u1ea5p h\u1ec7 t\u0103ng \u00e1p, h\u1ec7 c\u1ea5p gi\u00f3 t\u01b0\u01a1i, h\u1ec7 AHU, PAU trong t\u00f2a nh\u00e0 cao t\u1ea7ng v\u00e0 nh\u00e0 x\u01b0\u1edfng.Lo\u1ea1i c\u1ea3m bi\u1ebfn b\u00e1o kh\u00f3i quang.T\u00edn hi\u1ec7u ra d\u1ea1ng ti\u1ebfp \u0111i\u1ec3m: 2xSPDT @10A","og_url":"https:\/\/hpltech.vn\/en\/product\/cam-bien-bao-khoi-gan-ong-gio-aci-sl-2000-p\/","og_site_name":"HPL TECH","article_publisher":"https:\/\/www.facebook.com\/HPLTECH\/","article_modified_time":"2026-04-02T01:51:15+00:00","og_image":[{"width":600,"height":232,"url":"https:\/\/hpltech.vn\/wp-content\/uploads\/2023\/12\/SL-2000-P.jpg","type":"image\/jpeg"}],"twitter_card":"summary_large_image","twitter_misc":{"Est. reading time":"1 minute"},"schema":{"@context":"https:\/\/schema.org","@graph":[{"@type":"WebPage","@id":"https:\/\/hpltech.vn\/san-pham\/cam-bien-bao-khoi-gan-ong-gio-aci-sl-2000-p\/","url":"https:\/\/hpltech.vn\/san-pham\/cam-bien-bao-khoi-gan-ong-gio-aci-sl-2000-p\/","name":"C\u1ea3m bi\u1ebfn b\u00e1o kh\u00f3i g\u1eafn \u1ed1ng gi\u00f3 ACI SL-2000-P - HPL TECH","isPartOf":{"@id":"https:\/\/hpltech.vn\/#website"},"primaryImageOfPage":{"@id":"https:\/\/hpltech.vn\/san-pham\/cam-bien-bao-khoi-gan-ong-gio-aci-sl-2000-p\/#primaryimage"},"image":{"@id":"https:\/\/hpltech.vn\/san-pham\/cam-bien-bao-khoi-gan-ong-gio-aci-sl-2000-p\/#primaryimage"},"thumbnailUrl":"https:\/\/hpltech.vn\/wp-content\/uploads\/2023\/12\/SL-2000-P.jpg","datePublished":"2026-03-20T13:34:31+00:00","dateModified":"2026-04-02T01:51:15+00:00","description":"S\u1ea3n ph\u1ea9m c\u1ea3m bi\u1ebfn b\u00e1o kh\u00f3i SL-2000-P \u0111\u01b0\u1ee3c \u1ee9ng d\u1ee5ng ki\u1ec3m so\u00e1t kh\u00f3i \u0111\u01b0\u1eddng \u1ed1ng gi\u00f3 c\u1ea5p h\u1ec7 t\u0103ng \u00e1p, h\u1ec7 c\u1ea5p gi\u00f3 t\u01b0\u01a1i, h\u1ec7 AHU, PAU trong t\u00f2a nh\u00e0 cao t\u1ea7ng v\u00e0 nh\u00e0 x\u01b0\u1edfng.Lo\u1ea1i c\u1ea3m bi\u1ebfn b\u00e1o kh\u00f3i quang.T\u00edn hi\u1ec7u ra d\u1ea1ng ti\u1ebfp \u0111i\u1ec3m: 2xSPDT @10A","breadcrumb":{"@id":"https:\/\/hpltech.vn\/san-pham\/cam-bien-bao-khoi-gan-ong-gio-aci-sl-2000-p\/#breadcrumb"},"inLanguage":"en-US","potentialAction":[{"@type":"ReadAction","target":["https:\/\/hpltech.vn\/san-pham\/cam-bien-bao-khoi-gan-ong-gio-aci-sl-2000-p\/"]}]},{"@type":"ImageObject","inLanguage":"en-US","@id":"https:\/\/hpltech.vn\/san-pham\/cam-bien-bao-khoi-gan-ong-gio-aci-sl-2000-p\/#primaryimage","url":"https:\/\/hpltech.vn\/wp-content\/uploads\/2023\/12\/SL-2000-P.jpg","contentUrl":"https:\/\/hpltech.vn\/wp-content\/uploads\/2023\/12\/SL-2000-P.jpg","width":600,"height":232},{"@type":"BreadcrumbList","@id":"https:\/\/hpltech.vn\/san-pham\/cam-bien-bao-khoi-gan-ong-gio-aci-sl-2000-p\/#breadcrumb","itemListElement":[{"@type":"ListItem","position":1,"name":"Trang ch\u1ee7","item":"https:\/\/hpltech.vn\/"},{"@type":"ListItem","position":2,"name":"T\u1ea5t C\u1ea3 S\u1ea3n Ph\u1ea9m","item":"https:\/\/hpltech.vn\/all-products\/"},{"@type":"ListItem","position":3,"name":"C\u1ea3m bi\u1ebfn b\u00e1o kh\u00f3i g\u1eafn \u1ed1ng gi\u00f3 ACI SL-2000-P"}]},{"@type":"WebSite","@id":"https:\/\/hpltech.vn\/#website","url":"https:\/\/hpltech.vn\/","name":"HPL TECH","description":"HPL TECHNICAL TRADING COMPANY LIMITED","publisher":{"@id":"https:\/\/hpltech.vn\/#organization"},"alternateName":"HPLTECH.VN","potentialAction":[{"@type":"SearchAction","target":{"@type":"EntryPoint","urlTemplate":"https:\/\/hpltech.vn\/?s={search_term_string}"},"query-input":{"@type":"PropertyValueSpecification","valueRequired":true,"valueName":"search_term_string"}}],"inLanguage":"en-US"},{"@type":"Organization","@id":"https:\/\/hpltech.vn\/#organization","name":"C\u00f4ng Ty THNN Th\u01b0\u01a1ng M\u1ea1i K\u1ef9 Thu\u1eadt HPL","alternateName":"HPL Tech","url":"https:\/\/hpltech.vn\/","logo":{"@type":"ImageObject","inLanguage":"en-US","@id":"https:\/\/hpltech.vn\/#\/schema\/logo\/image\/","url":"https:\/\/hpltech.vn\/wp-content\/uploads\/2023\/12\/Logo-HPL-512.png","contentUrl":"https:\/\/hpltech.vn\/wp-content\/uploads\/2023\/12\/Logo-HPL-512.png","width":512,"height":512,"caption":"C\u00f4ng Ty THNN Th\u01b0\u01a1ng M\u1ea1i K\u1ef9 Thu\u1eadt HPL"},"image":{"@id":"https:\/\/hpltech.vn\/#\/schema\/logo\/image\/"},"sameAs":["https:\/\/www.facebook.com\/HPLTECH\/"]}]}},"_links":{"self":[{"href":"https:\/\/hpltech.vn\/en\/wp-json\/wp\/v2\/product\/2937","targetHints":{"allow":["GET"]}}],"collection":[{"href":"https:\/\/hpltech.vn\/en\/wp-json\/wp\/v2\/product"}],"about":[{"href":"https:\/\/hpltech.vn\/en\/wp-json\/wp\/v2\/types\/product"}],"wp:featuredmedia":[{"embeddable":true,"href":"https:\/\/hpltech.vn\/en\/wp-json\/wp\/v2\/media\/1349"}],"wp:attachment":[{"href":"https:\/\/hpltech.vn\/en\/wp-json\/wp\/v2\/media?parent=2937"}],"wp:term":[{"taxonomy":"product_brand","embeddable":true,"href":"https:\/\/hpltech.vn\/en\/wp-json\/wp\/v2\/product_brand?post=2937"},{"taxonomy":"product_cat","embeddable":true,"href":"https:\/\/hpltech.vn\/en\/wp-json\/wp\/v2\/product_cat?post=2937"},{"taxonomy":"product_tag","embeddable":true,"href":"https:\/\/hpltech.vn\/en\/wp-json\/wp\/v2\/product_tag?post=2937"}],"curies":[{"name":"wp","href":"https:\/\/api.w.org\/{rel}","templated":true}]}}