{"id":2952,"date":"2026-04-15T15:21:22","date_gmt":"2026-04-15T08:21:22","guid":{"rendered":"https:\/\/hpltech.vn\/?post_type=product&#038;p=2952"},"modified":"2026-04-20T10:26:29","modified_gmt":"2026-04-20T03:26:29","slug":"cam-bien-chenh-ap-suat-gio-mlp2-series-aci","status":"publish","type":"product","link":"https:\/\/hpltech.vn\/en\/product\/cam-bien-chenh-ap-suat-gio-mlp2-series-aci\/","title":{"rendered":"C\u1ea3m bi\u1ebfn ch\u00eanh \u00e1p su\u1ea5t gi\u00f3 MLP2 Series ACI"},"content":{"rendered":"<p><span style=\"color: #000000; font-size: 90%;\"><strong>Product highlights:<\/strong><\/span><\/p>\n<ul>\n<li><span style=\"font-size: 90%; color: #000000;\">C\u1ea3m bi\u1ebfn ch\u00eanh \u00e1p su\u1ea5t gi\u00f3 <strong>MLP2 Series<\/strong> \u0111\u01b0\u1ee3c \u1ee9ng d\u1ee5ng ph\u1ed5 bi\u1ebfn trong vi\u1ec7c \u0111o ch\u00eanh \u00e1p ph\u00f2ng s\u1ea1ch, l\u1ecdc AHU, m\u00e1y c\u00f4ng ngh\u1ec7, \u00e1p su\u1ea5t bu\u1ed3ng thang.<\/span><\/li>\n<li><span style=\"font-size: 90%; color: #000000;\">S\u1ea3n ph\u1ea9m v\u1edbi nhi\u1ec1u d\u1ea3i \u0111o \u0111a d\u1ea1ng: 0-50Pa\/ 0-100Pa\/ 0-300Pa\/ 0-500Pa\/ 0-1.000Pa\/ 0-1.600Pa\/ 0-2.5000Pa\/ 0-3.200Pa\/ 0-5.000Pa\/ 0-10.000Pa \/ \u00b150Pa\/ \u00b1100Pa\/ \u00b1300Pa\/ \u00b1500Pa\/ \u00b11.000Pa\/ \u00b11.600Pa\/ \u00b12.5000Pa\/ \u00b13.200Pa\/ \u00b15.000Pa\/ \u00b110.000Pa.<\/span><\/li>\n<li><span style=\"font-size: 90%; color: #000000;\">T\u00edn hi\u1ec7u \u0111\u1ea7u ra 4-20mA\/ 0-10VDC\/ 0-5VDC ph\u00f9 h\u1ee3p v\u1edbi h\u1ea7u h\u1ebft c\u00e1c thi\u1ebft b\u1ecb \u0111i\u1ec1u khi\u1ec3n DDC, PLC c\u00e1c h\u00e3ng tr\u00ean th\u1ecb tr\u01b0\u1eddng.<\/span><\/li>\n<\/ul>\n<p><span style=\"color: #000000; font-size: 90%;\"><strong>Detailed specifications:<\/strong><\/span><\/p>\n<p><span style=\"font-size: 90%; color: #000000;\">\n<table id=\"tablepress-MLP2-Series\" class=\"tablepress tablepress-id-MLP2-Series\">\n<thead>\n<tr class=\"row-1\">\n\t<th class=\"column-1\">Specifications<\/th><th class=\"column-2\">Detailed description<\/th>\n<\/tr>\n<\/thead>\n<tbody class=\"row-striping row-hover\">\n<tr class=\"row-2\">\n\t<td class=\"column-1\">Sensor type<\/td><td class=\"column-2\">C\u1ea3m bi\u1ebfn ch\u00eanh \u00e1p su\u1ea5t kh\u00f4ng kh\u00ed<\/td>\n<\/tr>\n<tr class=\"row-3\">\n\t<td class=\"column-1\">Power supply<\/td><td class=\"column-2\">16-36 VDC\/ 24 VAC (+\/-10%,50\/60 Hz)<\/td>\n<\/tr>\n<tr class=\"row-4\">\n\t<td class=\"column-1\">Measuring range<\/td><td class=\"column-2\">0-50Pa\/ 0-100Pa\/ 0-300Pa\/ 0-500Pa\/ 0-1.000Pa\/ 0-1.600Pa\/ 0-2.5000Pa\/ 0-3.200Pa\/ 0-5.000Pa\/ 0-10.000Pa \/\u00b150Pa\/ \u00b1100Pa\/ \u00b1300Pa\/ \u00b1500Pa\/ \u00b11.000Pa\/ \u00b11.600Pa\/ \u00b12.5000Pa\/ \u00b13.200Pa\/ \u00b15.000Pa\/ \u00b110.000Pa<\/td>\n<\/tr>\n<tr class=\"row-5\">\n\t<td class=\"column-1\">Output signal<\/td><td class=\"column-2\">4-20mA\/ 0-10VDC\/ 0-5VDC<\/td>\n<\/tr>\n<tr class=\"row-6\">\n\t<td class=\"column-1\">Accuracy<\/td><td class=\"column-2\">\u00b10.5 % FSO<\/td>\n<\/tr>\n<tr class=\"row-7\">\n\t<td class=\"column-1\">Nhi\u1ec7t \u0111\u1ed9 ho\u1ea1t \u0111\u1ed9ng t\u1ed1i \u0111a<\/td><td class=\"column-2\">0 - 85\u00b0C<\/td>\n<\/tr>\n<tr class=\"row-8\">\n\t<td class=\"column-1\">Operating humidity<\/td><td class=\"column-2\">10 to 95% RH<\/td>\n<\/tr>\n<tr class=\"row-9\">\n\t<td class=\"column-1\">\u00c1p su\u1ea5t ho\u1ea1t \u0111\u1ed9ng t\u1ed1i \u0111a<\/td><td class=\"column-2\">67,2kPa\/ 87,12kPa\/ 140kPa<\/td>\n<\/tr>\n<tr class=\"row-10\">\n\t<td class=\"column-1\">Origin<\/td><td class=\"column-2\">ACI\/ M\u1ef9<\/td>\n<\/tr>\n<\/tbody>\n<\/table>\n<\/span><\/p>\n<p><span style=\"font-size: 90%; color: #000000;\"><strong>HPLTECH<\/strong> l\u00e0 \u0111\u01a1n v\u1ecb ph\u00e2n ph\u1ed1i ch\u00ednh h\u00e3ng s\u1ea3n ph\u1ea9m ACI t\u1ea1i th\u1ecb tr\u01b0\u1eddng Vi\u1ec7t Nam.<\/span><\/p>\n<p><span style=\"font-size: 90%; color: #000000;\">If you have any questions, please contact our Hotline.<span style=\"color: #ed1c24;\">\u00a0<a style=\"color: #ed1c24;\" href=\"tel:+84964041518\">(+84) 964041518<\/a><\/span>\u00a0to receive free advice on using the product.<\/span><\/p>","protected":false},"excerpt":{"rendered":"<ul>\n<li><span style=\"font-size: 80%; color: #000000;\">C\u1ea3m bi\u1ebfn ch\u00eanh \u00e1p su\u1ea5t gi\u00f3 <strong>MLP2 Series<\/strong> \u0111\u01b0\u1ee3c \u1ee9ng d\u1ee5ng ph\u1ed5 bi\u1ebfn trong vi\u1ec7c \u0111o ch\u00eanh \u00e1p ph\u00f2ng s\u1ea1ch, l\u1ecdc AHU, m\u00e1y c\u00f4ng ngh\u1ec7, \u00e1p su\u1ea5t bu\u1ed3ng thang.<\/span><\/li>\n<li><span style=\"font-size: 80%; color: #000000;\">S\u1ea3n ph\u1ea9m v\u1edbi nhi\u1ec1u d\u1ea3i \u0111o \u0111a d\u1ea1ng: 0-50Pa\/ 0-100Pa\/ 0-300Pa\/ 0-500Pa\/ 0-1.000Pa\/ 0-1.600Pa\/ 0-2.5000Pa\/ 0-3.200Pa\/ 0-5.000Pa\/ 0-10.000Pa \/ \u00b150Pa\/ \u00b1100Pa\/ \u00b1300Pa\/ \u00b1500Pa\/ \u00b11.000Pa\/ \u00b11.600Pa\/ \u00b12.5000Pa\/ \u00b13.200Pa\/ \u00b15.000Pa\/ \u00b110.000Pa.<\/span><\/li>\n<li><span style=\"font-size: 80%; color: #000000;\">T\u00edn hi\u1ec7u \u0111\u1ea7u ra 4-20mA\/ 0-10VDC\/ 0-5VDC ph\u00f9 h\u1ee3p v\u1edbi h\u1ea7u h\u1ebft c\u00e1c thi\u1ebft b\u1ecb \u0111i\u1ec1u khi\u1ec3n DDC, PLC c\u00e1c h\u00e3ng tr\u00ean th\u1ecb tr\u01b0\u1eddng.<\/span><\/li>\n<\/ul>\n<p><img loading=\"lazy\" decoding=\"async\" class=\"alignnone wp-image-1429\" src=\"https:\/\/hpltech.vn\/wp-content\/uploads\/2023\/12\/pdf-icon-300x300.png\" alt=\"\" width=\"24\" height=\"24\" srcset=\"https:\/\/hpltech.vn\/wp-content\/uploads\/2023\/12\/pdf-icon-300x300.png 300w, https:\/\/hpltech.vn\/wp-content\/uploads\/2023\/12\/pdf-icon-100x100.png 100w, https:\/\/hpltech.vn\/wp-content\/uploads\/2023\/12\/pdf-icon-150x150.png 150w, https:\/\/hpltech.vn\/wp-content\/uploads\/2023\/12\/pdf-icon.png 512w\" sizes=\"auto, (max-width: 24px) 100vw, 24px\" \/> <span style=\"text-decoration: underline;\"><span style=\"font-size: 90%;\"><a href=\"https:\/\/drive.google.com\/file\/d\/1FxIqo0wTjcpbVa5j6-l1ze7-g2vfvWTc\/view?usp=drive_link\" target=\"_blank\" rel=\"nofollow noopener noreferrer\"><span style=\"color: #d83131; text-decoration: underline;\">MLP2_Series.pdf<\/span><\/a><\/span><\/span><\/p>\n<p>&nbsp;<\/p>","protected":false},"featured_media":2953,"template":"","meta":[],"product_brand":[],"product_cat":[250],"product_tag":[285,290,286,291,288,293,289,294,287,292,255,284],"class_list":{"0":"post-2952","1":"product","2":"type-product","3":"status-publish","4":"has-post-thumbnail","6":"product_cat-aci","7":"product_tag-a-mlp2-050-p-b-a-a-0p","8":"product_tag-a-mlp2-050-p-u-a-a-0p","9":"product_tag-a-mlp2-100-p-b-a-a-0p","10":"product_tag-a-mlp2-100-p-u-a-a-0p","11":"product_tag-a-mlp2-1k0-p-b-a-a-0p","12":"product_tag-a-mlp2-1k0-p-u-a-a-0p","13":"product_tag-a-mlp2-2k5-p-b-a-a-0p","14":"product_tag-a-mlp2-2k5-p-u-a-a-0p","15":"product_tag-a-mlp2-300-p-b-a-a-0p","16":"product_tag-a-mlp2-300-p-u-a-a-0p","17":"product_tag-aci","18":"product_tag-mlp2-series","20":"first","21":"instock","22":"shipping-taxable","23":"product-type-simple"},"yoast_head":"<!-- This site is optimized with the Yoast SEO plugin v25.4 - https:\/\/yoast.com\/wordpress\/plugins\/seo\/ -->\n<title>C\u1ea3m bi\u1ebfn ch\u00eanh \u00e1p su\u1ea5t gi\u00f3 MLP2 Series ACI - HPL TECH<\/title>\n<meta name=\"description\" content=\"C\u1ea3m bi\u1ebfn ch\u00eanh \u00e1p su\u1ea5t gi\u00f3 MLP2 Series \u0111\u01b0\u1ee3c \u1ee9ng d\u1ee5ng ph\u1ed5 bi\u1ebfn trong vi\u1ec7c \u0111o ch\u00eanh \u00e1p ph\u00f2ng s\u1ea1ch, l\u1ecdc AHU, m\u00e1y c\u00f4ng ngh\u1ec7, \u00e1p su\u1ea5t bu\u1ed3ng thang.S\u1ea3n ph\u1ea9m v\u1edbi nhi\u1ec1u d\u1ea3i \u0111o \u0111a d\u1ea1ng: 0-50Pa\/ 0-100Pa\/ 0-300Pa\/ 0-500Pa\/ 0-1.000Pa\/ 0-1.600Pa\/ 0-2.5000Pa\/ 0-3.200Pa\/ 0-5.000Pa\/ 0-10.000Pa \/ \u00b150Pa\/ \u00b1100Pa\/ \u00b1300Pa\/ \u00b1500Pa\/ \u00b11.000Pa\/ \u00b11.600Pa\/ \u00b12.5000Pa\/ \u00b13.200Pa\/ \u00b15.000Pa\/ \u00b110.000Pa.T\u00edn hi\u1ec7u \u0111\u1ea7u ra 4-20mA\/ 0-10VDC\/ 0-5VDC ph\u00f9 h\u1ee3p v\u1edbi h\u1ea7u h\u1ebft c\u00e1c thi\u1ebft b\u1ecb \u0111i\u1ec1u khi\u1ec3n DDC, PLC c\u00e1c h\u00e3ng tr\u00ean th\u1ecb tr\u01b0\u1eddng.\" \/>\n<meta name=\"robots\" content=\"index, follow, max-snippet:-1, max-image-preview:large, max-video-preview:-1\" \/>\n<link rel=\"canonical\" href=\"https:\/\/hpltech.vn\/en\/product\/cam-bien-chenh-ap-suat-gio-mlp2-series-aci\/\" \/>\n<meta property=\"og:locale\" content=\"en_US\" \/>\n<meta property=\"og:type\" content=\"article\" \/>\n<meta property=\"og:title\" content=\"C\u1ea3m bi\u1ebfn ch\u00eanh \u00e1p su\u1ea5t gi\u00f3 MLP2 Series ACI - HPL TECH\" \/>\n<meta property=\"og:description\" content=\"C\u1ea3m bi\u1ebfn ch\u00eanh \u00e1p su\u1ea5t gi\u00f3 MLP2 Series \u0111\u01b0\u1ee3c \u1ee9ng d\u1ee5ng ph\u1ed5 bi\u1ebfn trong vi\u1ec7c \u0111o ch\u00eanh \u00e1p ph\u00f2ng s\u1ea1ch, l\u1ecdc AHU, m\u00e1y c\u00f4ng ngh\u1ec7, \u00e1p su\u1ea5t bu\u1ed3ng thang.S\u1ea3n ph\u1ea9m v\u1edbi nhi\u1ec1u d\u1ea3i \u0111o \u0111a d\u1ea1ng: 0-50Pa\/ 0-100Pa\/ 0-300Pa\/ 0-500Pa\/ 0-1.000Pa\/ 0-1.600Pa\/ 0-2.5000Pa\/ 0-3.200Pa\/ 0-5.000Pa\/ 0-10.000Pa \/ \u00b150Pa\/ \u00b1100Pa\/ \u00b1300Pa\/ \u00b1500Pa\/ \u00b11.000Pa\/ \u00b11.600Pa\/ \u00b12.5000Pa\/ \u00b13.200Pa\/ \u00b15.000Pa\/ \u00b110.000Pa.T\u00edn hi\u1ec7u \u0111\u1ea7u ra 4-20mA\/ 0-10VDC\/ 0-5VDC ph\u00f9 h\u1ee3p v\u1edbi h\u1ea7u h\u1ebft c\u00e1c thi\u1ebft b\u1ecb \u0111i\u1ec1u khi\u1ec3n DDC, PLC c\u00e1c h\u00e3ng tr\u00ean th\u1ecb tr\u01b0\u1eddng.\" \/>\n<meta property=\"og:url\" content=\"https:\/\/hpltech.vn\/en\/product\/cam-bien-chenh-ap-suat-gio-mlp2-series-aci\/\" \/>\n<meta property=\"og:site_name\" content=\"HPL TECH\" \/>\n<meta property=\"article:publisher\" content=\"https:\/\/www.facebook.com\/HPLTECH\/\" \/>\n<meta property=\"article:modified_time\" content=\"2026-04-20T03:26:29+00:00\" \/>\n<meta property=\"og:image\" content=\"https:\/\/hpltech.vn\/wp-content\/uploads\/2026\/04\/MLP2.jpg\" \/>\n\t<meta property=\"og:image:width\" content=\"714\" \/>\n\t<meta property=\"og:image:height\" content=\"514\" \/>\n\t<meta property=\"og:image:type\" content=\"image\/jpeg\" \/>\n<meta name=\"twitter:card\" content=\"summary_large_image\" \/>\n<meta name=\"twitter:label1\" content=\"Est. reading time\" \/>\n\t<meta name=\"twitter:data1\" content=\"1 minute\" \/>\n<script type=\"application\/ld+json\" class=\"yoast-schema-graph\">{\"@context\":\"https:\/\/schema.org\",\"@graph\":[{\"@type\":\"WebPage\",\"@id\":\"https:\/\/hpltech.vn\/san-pham\/cam-bien-chenh-ap-suat-gio-mlp2-series-aci\/\",\"url\":\"https:\/\/hpltech.vn\/san-pham\/cam-bien-chenh-ap-suat-gio-mlp2-series-aci\/\",\"name\":\"C\u1ea3m bi\u1ebfn ch\u00eanh \u00e1p su\u1ea5t gi\u00f3 MLP2 Series ACI - HPL TECH\",\"isPartOf\":{\"@id\":\"https:\/\/hpltech.vn\/#website\"},\"primaryImageOfPage\":{\"@id\":\"https:\/\/hpltech.vn\/san-pham\/cam-bien-chenh-ap-suat-gio-mlp2-series-aci\/#primaryimage\"},\"image\":{\"@id\":\"https:\/\/hpltech.vn\/san-pham\/cam-bien-chenh-ap-suat-gio-mlp2-series-aci\/#primaryimage\"},\"thumbnailUrl\":\"https:\/\/hpltech.vn\/wp-content\/uploads\/2026\/04\/MLP2.jpg\",\"datePublished\":\"2026-04-15T08:21:22+00:00\",\"dateModified\":\"2026-04-20T03:26:29+00:00\",\"description\":\"C\u1ea3m bi\u1ebfn ch\u00eanh \u00e1p su\u1ea5t gi\u00f3 MLP2 Series \u0111\u01b0\u1ee3c \u1ee9ng d\u1ee5ng ph\u1ed5 bi\u1ebfn trong vi\u1ec7c \u0111o ch\u00eanh \u00e1p ph\u00f2ng s\u1ea1ch, l\u1ecdc AHU, m\u00e1y c\u00f4ng ngh\u1ec7, \u00e1p su\u1ea5t bu\u1ed3ng thang.S\u1ea3n ph\u1ea9m v\u1edbi nhi\u1ec1u d\u1ea3i \u0111o \u0111a d\u1ea1ng: 0-50Pa\/ 0-100Pa\/ 0-300Pa\/ 0-500Pa\/ 0-1.000Pa\/ 0-1.600Pa\/ 0-2.5000Pa\/ 0-3.200Pa\/ 0-5.000Pa\/ 0-10.000Pa \/ \u00b150Pa\/ \u00b1100Pa\/ \u00b1300Pa\/ \u00b1500Pa\/ \u00b11.000Pa\/ \u00b11.600Pa\/ \u00b12.5000Pa\/ \u00b13.200Pa\/ \u00b15.000Pa\/ \u00b110.000Pa.T\u00edn hi\u1ec7u \u0111\u1ea7u ra 4-20mA\/ 0-10VDC\/ 0-5VDC ph\u00f9 h\u1ee3p v\u1edbi h\u1ea7u h\u1ebft c\u00e1c thi\u1ebft b\u1ecb \u0111i\u1ec1u khi\u1ec3n DDC, PLC c\u00e1c h\u00e3ng tr\u00ean th\u1ecb tr\u01b0\u1eddng.\",\"breadcrumb\":{\"@id\":\"https:\/\/hpltech.vn\/san-pham\/cam-bien-chenh-ap-suat-gio-mlp2-series-aci\/#breadcrumb\"},\"inLanguage\":\"en-US\",\"potentialAction\":[{\"@type\":\"ReadAction\",\"target\":[\"https:\/\/hpltech.vn\/san-pham\/cam-bien-chenh-ap-suat-gio-mlp2-series-aci\/\"]}]},{\"@type\":\"ImageObject\",\"inLanguage\":\"en-US\",\"@id\":\"https:\/\/hpltech.vn\/san-pham\/cam-bien-chenh-ap-suat-gio-mlp2-series-aci\/#primaryimage\",\"url\":\"https:\/\/hpltech.vn\/wp-content\/uploads\/2026\/04\/MLP2.jpg\",\"contentUrl\":\"https:\/\/hpltech.vn\/wp-content\/uploads\/2026\/04\/MLP2.jpg\",\"width\":714,\"height\":514,\"caption\":\"C\u1ea3m bi\u1ebfn ch\u00eanh \u00e1p su\u1ea5t gi\u00f3 MLP2 Series ACI\"},{\"@type\":\"BreadcrumbList\",\"@id\":\"https:\/\/hpltech.vn\/san-pham\/cam-bien-chenh-ap-suat-gio-mlp2-series-aci\/#breadcrumb\",\"itemListElement\":[{\"@type\":\"ListItem\",\"position\":1,\"name\":\"Trang ch\u1ee7\",\"item\":\"https:\/\/hpltech.vn\/\"},{\"@type\":\"ListItem\",\"position\":2,\"name\":\"T\u1ea5t C\u1ea3 S\u1ea3n Ph\u1ea9m\",\"item\":\"https:\/\/hpltech.vn\/all-products\/\"},{\"@type\":\"ListItem\",\"position\":3,\"name\":\"C\u1ea3m bi\u1ebfn ch\u00eanh \u00e1p su\u1ea5t gi\u00f3 MLP2 Series ACI\"}]},{\"@type\":\"WebSite\",\"@id\":\"https:\/\/hpltech.vn\/#website\",\"url\":\"https:\/\/hpltech.vn\/\",\"name\":\"HPL TECH\",\"description\":\"C\u00f4ng Ty TNHH Th\u01b0\u01a1ng M\u1ea1i K\u1ef9 Thu\u1eadt HPL\",\"publisher\":{\"@id\":\"https:\/\/hpltech.vn\/#organization\"},\"alternateName\":\"HPLTECH.VN\",\"potentialAction\":[{\"@type\":\"SearchAction\",\"target\":{\"@type\":\"EntryPoint\",\"urlTemplate\":\"https:\/\/hpltech.vn\/?s={search_term_string}\"},\"query-input\":{\"@type\":\"PropertyValueSpecification\",\"valueRequired\":true,\"valueName\":\"search_term_string\"}}],\"inLanguage\":\"en-US\"},{\"@type\":\"Organization\",\"@id\":\"https:\/\/hpltech.vn\/#organization\",\"name\":\"C\u00f4ng Ty THNN Th\u01b0\u01a1ng M\u1ea1i K\u1ef9 Thu\u1eadt HPL\",\"alternateName\":\"HPL Tech\",\"url\":\"https:\/\/hpltech.vn\/\",\"logo\":{\"@type\":\"ImageObject\",\"inLanguage\":\"en-US\",\"@id\":\"https:\/\/hpltech.vn\/#\/schema\/logo\/image\/\",\"url\":\"https:\/\/hpltech.vn\/wp-content\/uploads\/2023\/12\/Logo-HPL-512.png\",\"contentUrl\":\"https:\/\/hpltech.vn\/wp-content\/uploads\/2023\/12\/Logo-HPL-512.png\",\"width\":512,\"height\":512,\"caption\":\"C\u00f4ng Ty THNN Th\u01b0\u01a1ng M\u1ea1i K\u1ef9 Thu\u1eadt HPL\"},\"image\":{\"@id\":\"https:\/\/hpltech.vn\/#\/schema\/logo\/image\/\"},\"sameAs\":[\"https:\/\/www.facebook.com\/HPLTECH\/\"]}]}<\/script>\n<!-- \/ Yoast SEO plugin. -->","yoast_head_json":{"title":"C\u1ea3m bi\u1ebfn ch\u00eanh \u00e1p su\u1ea5t gi\u00f3 MLP2 Series ACI - HPL TECH","description":"C\u1ea3m bi\u1ebfn ch\u00eanh \u00e1p su\u1ea5t gi\u00f3 MLP2 Series \u0111\u01b0\u1ee3c \u1ee9ng d\u1ee5ng ph\u1ed5 bi\u1ebfn trong vi\u1ec7c \u0111o ch\u00eanh \u00e1p ph\u00f2ng s\u1ea1ch, l\u1ecdc AHU, m\u00e1y c\u00f4ng ngh\u1ec7, \u00e1p su\u1ea5t bu\u1ed3ng thang.S\u1ea3n ph\u1ea9m v\u1edbi nhi\u1ec1u d\u1ea3i \u0111o \u0111a d\u1ea1ng: 0-50Pa\/ 0-100Pa\/ 0-300Pa\/ 0-500Pa\/ 0-1.000Pa\/ 0-1.600Pa\/ 0-2.5000Pa\/ 0-3.200Pa\/ 0-5.000Pa\/ 0-10.000Pa \/ \u00b150Pa\/ \u00b1100Pa\/ \u00b1300Pa\/ \u00b1500Pa\/ \u00b11.000Pa\/ \u00b11.600Pa\/ \u00b12.5000Pa\/ \u00b13.200Pa\/ \u00b15.000Pa\/ \u00b110.000Pa.T\u00edn hi\u1ec7u \u0111\u1ea7u ra 4-20mA\/ 0-10VDC\/ 0-5VDC ph\u00f9 h\u1ee3p v\u1edbi h\u1ea7u h\u1ebft c\u00e1c thi\u1ebft b\u1ecb \u0111i\u1ec1u khi\u1ec3n DDC, PLC c\u00e1c h\u00e3ng tr\u00ean th\u1ecb tr\u01b0\u1eddng.","robots":{"index":"index","follow":"follow","max-snippet":"max-snippet:-1","max-image-preview":"max-image-preview:large","max-video-preview":"max-video-preview:-1"},"canonical":"https:\/\/hpltech.vn\/en\/product\/cam-bien-chenh-ap-suat-gio-mlp2-series-aci\/","og_locale":"en_US","og_type":"article","og_title":"C\u1ea3m bi\u1ebfn ch\u00eanh \u00e1p su\u1ea5t gi\u00f3 MLP2 Series ACI - HPL TECH","og_description":"C\u1ea3m bi\u1ebfn ch\u00eanh \u00e1p su\u1ea5t gi\u00f3 MLP2 Series \u0111\u01b0\u1ee3c \u1ee9ng d\u1ee5ng ph\u1ed5 bi\u1ebfn trong vi\u1ec7c \u0111o ch\u00eanh \u00e1p ph\u00f2ng s\u1ea1ch, l\u1ecdc AHU, m\u00e1y c\u00f4ng ngh\u1ec7, \u00e1p su\u1ea5t bu\u1ed3ng thang.S\u1ea3n ph\u1ea9m v\u1edbi nhi\u1ec1u d\u1ea3i \u0111o \u0111a d\u1ea1ng: 0-50Pa\/ 0-100Pa\/ 0-300Pa\/ 0-500Pa\/ 0-1.000Pa\/ 0-1.600Pa\/ 0-2.5000Pa\/ 0-3.200Pa\/ 0-5.000Pa\/ 0-10.000Pa \/ \u00b150Pa\/ \u00b1100Pa\/ \u00b1300Pa\/ \u00b1500Pa\/ \u00b11.000Pa\/ \u00b11.600Pa\/ \u00b12.5000Pa\/ \u00b13.200Pa\/ \u00b15.000Pa\/ \u00b110.000Pa.T\u00edn hi\u1ec7u \u0111\u1ea7u ra 4-20mA\/ 0-10VDC\/ 0-5VDC ph\u00f9 h\u1ee3p v\u1edbi h\u1ea7u h\u1ebft c\u00e1c thi\u1ebft b\u1ecb \u0111i\u1ec1u khi\u1ec3n DDC, PLC c\u00e1c h\u00e3ng tr\u00ean th\u1ecb tr\u01b0\u1eddng.","og_url":"https:\/\/hpltech.vn\/en\/product\/cam-bien-chenh-ap-suat-gio-mlp2-series-aci\/","og_site_name":"HPL TECH","article_publisher":"https:\/\/www.facebook.com\/HPLTECH\/","article_modified_time":"2026-04-20T03:26:29+00:00","og_image":[{"width":714,"height":514,"url":"https:\/\/hpltech.vn\/wp-content\/uploads\/2026\/04\/MLP2.jpg","type":"image\/jpeg"}],"twitter_card":"summary_large_image","twitter_misc":{"Est. reading time":"1 minute"},"schema":{"@context":"https:\/\/schema.org","@graph":[{"@type":"WebPage","@id":"https:\/\/hpltech.vn\/san-pham\/cam-bien-chenh-ap-suat-gio-mlp2-series-aci\/","url":"https:\/\/hpltech.vn\/san-pham\/cam-bien-chenh-ap-suat-gio-mlp2-series-aci\/","name":"C\u1ea3m bi\u1ebfn ch\u00eanh \u00e1p su\u1ea5t gi\u00f3 MLP2 Series ACI - HPL TECH","isPartOf":{"@id":"https:\/\/hpltech.vn\/#website"},"primaryImageOfPage":{"@id":"https:\/\/hpltech.vn\/san-pham\/cam-bien-chenh-ap-suat-gio-mlp2-series-aci\/#primaryimage"},"image":{"@id":"https:\/\/hpltech.vn\/san-pham\/cam-bien-chenh-ap-suat-gio-mlp2-series-aci\/#primaryimage"},"thumbnailUrl":"https:\/\/hpltech.vn\/wp-content\/uploads\/2026\/04\/MLP2.jpg","datePublished":"2026-04-15T08:21:22+00:00","dateModified":"2026-04-20T03:26:29+00:00","description":"C\u1ea3m bi\u1ebfn ch\u00eanh \u00e1p su\u1ea5t gi\u00f3 MLP2 Series \u0111\u01b0\u1ee3c \u1ee9ng d\u1ee5ng ph\u1ed5 bi\u1ebfn trong vi\u1ec7c \u0111o ch\u00eanh \u00e1p ph\u00f2ng s\u1ea1ch, l\u1ecdc AHU, m\u00e1y c\u00f4ng ngh\u1ec7, \u00e1p su\u1ea5t bu\u1ed3ng thang.S\u1ea3n ph\u1ea9m v\u1edbi nhi\u1ec1u d\u1ea3i \u0111o \u0111a d\u1ea1ng: 0-50Pa\/ 0-100Pa\/ 0-300Pa\/ 0-500Pa\/ 0-1.000Pa\/ 0-1.600Pa\/ 0-2.5000Pa\/ 0-3.200Pa\/ 0-5.000Pa\/ 0-10.000Pa \/ \u00b150Pa\/ \u00b1100Pa\/ \u00b1300Pa\/ \u00b1500Pa\/ \u00b11.000Pa\/ \u00b11.600Pa\/ \u00b12.5000Pa\/ \u00b13.200Pa\/ \u00b15.000Pa\/ \u00b110.000Pa.T\u00edn hi\u1ec7u \u0111\u1ea7u ra 4-20mA\/ 0-10VDC\/ 0-5VDC ph\u00f9 h\u1ee3p v\u1edbi h\u1ea7u h\u1ebft c\u00e1c thi\u1ebft b\u1ecb \u0111i\u1ec1u khi\u1ec3n DDC, PLC c\u00e1c h\u00e3ng tr\u00ean th\u1ecb tr\u01b0\u1eddng.","breadcrumb":{"@id":"https:\/\/hpltech.vn\/san-pham\/cam-bien-chenh-ap-suat-gio-mlp2-series-aci\/#breadcrumb"},"inLanguage":"en-US","potentialAction":[{"@type":"ReadAction","target":["https:\/\/hpltech.vn\/san-pham\/cam-bien-chenh-ap-suat-gio-mlp2-series-aci\/"]}]},{"@type":"ImageObject","inLanguage":"en-US","@id":"https:\/\/hpltech.vn\/san-pham\/cam-bien-chenh-ap-suat-gio-mlp2-series-aci\/#primaryimage","url":"https:\/\/hpltech.vn\/wp-content\/uploads\/2026\/04\/MLP2.jpg","contentUrl":"https:\/\/hpltech.vn\/wp-content\/uploads\/2026\/04\/MLP2.jpg","width":714,"height":514,"caption":"C\u1ea3m bi\u1ebfn ch\u00eanh \u00e1p su\u1ea5t gi\u00f3 MLP2 Series ACI"},{"@type":"BreadcrumbList","@id":"https:\/\/hpltech.vn\/san-pham\/cam-bien-chenh-ap-suat-gio-mlp2-series-aci\/#breadcrumb","itemListElement":[{"@type":"ListItem","position":1,"name":"Trang ch\u1ee7","item":"https:\/\/hpltech.vn\/"},{"@type":"ListItem","position":2,"name":"T\u1ea5t C\u1ea3 S\u1ea3n Ph\u1ea9m","item":"https:\/\/hpltech.vn\/all-products\/"},{"@type":"ListItem","position":3,"name":"C\u1ea3m bi\u1ebfn ch\u00eanh \u00e1p su\u1ea5t gi\u00f3 MLP2 Series ACI"}]},{"@type":"WebSite","@id":"https:\/\/hpltech.vn\/#website","url":"https:\/\/hpltech.vn\/","name":"HPL TECH","description":"HPL TECHNICAL TRADING COMPANY LIMITED","publisher":{"@id":"https:\/\/hpltech.vn\/#organization"},"alternateName":"HPLTECH.VN","potentialAction":[{"@type":"SearchAction","target":{"@type":"EntryPoint","urlTemplate":"https:\/\/hpltech.vn\/?s={search_term_string}"},"query-input":{"@type":"PropertyValueSpecification","valueRequired":true,"valueName":"search_term_string"}}],"inLanguage":"en-US"},{"@type":"Organization","@id":"https:\/\/hpltech.vn\/#organization","name":"C\u00f4ng Ty THNN Th\u01b0\u01a1ng M\u1ea1i K\u1ef9 Thu\u1eadt HPL","alternateName":"HPL Tech","url":"https:\/\/hpltech.vn\/","logo":{"@type":"ImageObject","inLanguage":"en-US","@id":"https:\/\/hpltech.vn\/#\/schema\/logo\/image\/","url":"https:\/\/hpltech.vn\/wp-content\/uploads\/2023\/12\/Logo-HPL-512.png","contentUrl":"https:\/\/hpltech.vn\/wp-content\/uploads\/2023\/12\/Logo-HPL-512.png","width":512,"height":512,"caption":"C\u00f4ng Ty THNN Th\u01b0\u01a1ng M\u1ea1i K\u1ef9 Thu\u1eadt HPL"},"image":{"@id":"https:\/\/hpltech.vn\/#\/schema\/logo\/image\/"},"sameAs":["https:\/\/www.facebook.com\/HPLTECH\/"]}]}},"_links":{"self":[{"href":"https:\/\/hpltech.vn\/en\/wp-json\/wp\/v2\/product\/2952","targetHints":{"allow":["GET"]}}],"collection":[{"href":"https:\/\/hpltech.vn\/en\/wp-json\/wp\/v2\/product"}],"about":[{"href":"https:\/\/hpltech.vn\/en\/wp-json\/wp\/v2\/types\/product"}],"wp:featuredmedia":[{"embeddable":true,"href":"https:\/\/hpltech.vn\/en\/wp-json\/wp\/v2\/media\/2953"}],"wp:attachment":[{"href":"https:\/\/hpltech.vn\/en\/wp-json\/wp\/v2\/media?parent=2952"}],"wp:term":[{"taxonomy":"product_brand","embeddable":true,"href":"https:\/\/hpltech.vn\/en\/wp-json\/wp\/v2\/product_brand?post=2952"},{"taxonomy":"product_cat","embeddable":true,"href":"https:\/\/hpltech.vn\/en\/wp-json\/wp\/v2\/product_cat?post=2952"},{"taxonomy":"product_tag","embeddable":true,"href":"https:\/\/hpltech.vn\/en\/wp-json\/wp\/v2\/product_tag?post=2952"}],"curies":[{"name":"wp","href":"https:\/\/api.w.org\/{rel}","templated":true}]}}