{"id":2965,"date":"2026-04-15T16:34:58","date_gmt":"2026-04-15T09:34:58","guid":{"rendered":"https:\/\/hpltech.vn\/?post_type=product&#038;p=2965"},"modified":"2026-04-16T09:55:59","modified_gmt":"2026-04-16T02:55:59","slug":"cam-bien-nong-do-khi-co-q5c-co-250p-o-x-aci","status":"publish","type":"product","link":"https:\/\/hpltech.vn\/en\/product\/cam-bien-nong-do-khi-co-q5c-co-250p-o-x-aci\/","title":{"rendered":"C\u1ea3m bi\u1ebfn n\u1ed3ng \u0111\u1ed9 kh\u00ed CO Q5C-CO-250P-O-X ACI"},"content":{"rendered":"<p><span style=\"color: #000000; font-size: 90%;\"><strong>Product highlights:<\/strong><\/span><\/p>\n<ul>\n<li><span style=\"font-size: 90%; color: #000000;\">C\u1ea3m bi\u1ebfn n\u1ed3ng \u0111\u1ed9 kh\u00ed CO <strong>Q5C-CO-250P-O-X<\/strong>\u00a0\u0111\u01b0\u1ee3c \u1ee9ng d\u1ee5ng ph\u1ed5 bi\u1ebfn trong vi\u1ec7c ki\u1ec3m so\u00e1t n\u1ed3ng \u0111\u1ed9 kh\u00ed CO cho khu v\u1ef1c b\u00e3i \u0111\u1eadu xe t\u1ea7ng h\u1ea7m c\u00e1c t\u00f2a nh\u00e0 cao t\u1ea7ng. V\u1edbi vi\u1ec7c ki\u1ec3m so\u00e1t n\u1ed3ng \u0111\u1ed9 kh\u00ed CO, kh\u00f4ng kh\u00ed trong khu v\u1ef1c b\u00e3i \u0111\u1eadu xe lu\u00f4n n\u1eb1m trong ng\u01b0\u1ee1ng an to\u00e0n v\u1edbi con ng\u01b0\u1eddi v\u00e0 \u0111\u1ea3m b\u1ea3o \u0111\u01b0\u1ee3c \u0111\u1ed9 ti\u1ec7n nghi, tho\u1ea3i m\u00e1i khi di chuy\u1ec3n trong kh\u00f4ng gian t\u1ea7ng h\u1ea7m.<\/span><\/li>\n<li><span style=\"color: #000000; font-size: 90%;\">D\u1ea3i \u0111o: 0\u2026250 ppm\u00a0<\/span><\/li>\n<li><span style=\"color: #000000; font-size: 90%;\">T\u00edn hi\u1ec7u ra: 4-20 mA\/ 2-10 VDC\/ Modbus RTU\/ Relay\/ Buzzer<\/span><\/li>\n<\/ul>\n<p><span style=\"color: #000000; font-size: 90%;\"><strong>Detailed specifications:<\/strong><\/span><\/p>\n<p><span style=\"font-size: 90%; color: #000000;\">\n<table id=\"tablepress-Q5C-CO-250P-O-X\" class=\"tablepress tablepress-id-Q5C-CO-250P-O-X\">\n<thead>\n<tr class=\"row-1\">\n\t<th class=\"column-1\">Specifications<\/th><th class=\"column-2\">Detailed description<\/th>\n<\/tr>\n<\/thead>\n<tbody class=\"row-striping row-hover\">\n<tr class=\"row-2\">\n\t<td class=\"column-1\">Sensor type<\/td><td class=\"column-2\">C\u1ea3m bi\u1ebfn n\u1ed3ng \u0111\u1ed9 kh\u00ed CO<\/td>\n<\/tr>\n<tr class=\"row-3\">\n\t<td class=\"column-1\">Power supply<\/td><td class=\"column-2\">24V AC\/DC<\/td>\n<\/tr>\n<tr class=\"row-4\">\n\t<td class=\"column-1\">Measuring range<\/td><td class=\"column-2\">0\u2026250 ppm<\/td>\n<\/tr>\n<tr class=\"row-5\">\n\t<td class=\"column-1\">Output signal<\/td><td class=\"column-2\">4-20 mA\/ 2-10 VDC\/ Modbus RTU\/ Relay\/ Buzzer<\/td>\n<\/tr>\n<tr class=\"row-6\">\n\t<td class=\"column-1\">Operating humidity <\/td><td class=\"column-2\">5 to 95% RH, non-condensing<\/td>\n<\/tr>\n<tr class=\"row-7\">\n\t<td class=\"column-1\">Protection level<\/td><td class=\"column-2\">IP66<\/td>\n<\/tr>\n<tr class=\"row-8\">\n\t<td class=\"column-1\">Origin<\/td><td class=\"column-2\">ACI\/M\u1ef9<\/td>\n<\/tr>\n<\/tbody>\n<\/table>\n<!-- #tablepress-Q5C-CO-250P-O-X from cache --><\/span><\/p>\n<p><span style=\"font-size: 90%; color: #000000;\"><strong>HPLTECH<\/strong> l\u00e0 \u0111\u01a1n v\u1ecb nh\u1eadp kh\u1ea9u v\u00e0 ph\u00e2n ph\u1ed1i ch\u00ednh h\u00e3ng s\u1ea3n ph\u1ea9m ACI t\u1ea1i th\u1ecb tr\u01b0\u1eddng Vi\u1ec7t Nam.<\/span><\/p>\n<p><span style=\"font-size: 90%; color: #000000;\">If you have any questions, please contact our Hotline.\u00a0<span style=\"color: #ff0000;\"><a style=\"color: #ff0000;\" href=\"tel:+84964041518\">(+84) 964041518<\/a>\u00a0<\/span>to receive free advice on using the product.<\/span><\/p>","protected":false},"excerpt":{"rendered":"<ul>\n<li><span style=\"font-size: 80%; color: #000000;\">C\u1ea3m bi\u1ebfn n\u1ed3ng \u0111\u1ed9 kh\u00ed CO <strong>Q5C-CO-250P-O-X<\/strong>\u00a0\u0111\u01b0\u1ee3c \u1ee9ng d\u1ee5ng ph\u1ed5 bi\u1ebfn trong vi\u1ec7c ki\u1ec3m so\u00e1t n\u1ed3ng \u0111\u1ed9 kh\u00ed CO cho khu v\u1ef1c b\u00e3i \u0111\u1eadu xe t\u1ea7ng h\u1ea7m c\u00e1c t\u00f2a nh\u00e0 cao t\u1ea7ng. V\u1edbi vi\u1ec7c ki\u1ec3m so\u00e1t n\u1ed3ng \u0111\u1ed9 kh\u00ed CO, kh\u00f4ng kh\u00ed trong khu v\u1ef1c b\u00e3i \u0111\u1eadu xe lu\u00f4n n\u1eb1m trong ng\u01b0\u1ee1ng an to\u00e0n v\u1edbi con ng\u01b0\u1eddi v\u00e0 \u0111\u1ea3m b\u1ea3o \u0111\u01b0\u1ee3c \u0111\u1ed9 ti\u1ec7n nghi, tho\u1ea3i m\u00e1i khi di chuy\u1ec3n trong kh\u00f4ng gian t\u1ea7ng h\u1ea7m.<\/span><\/li>\n<li><span style=\"color: #000000; font-size: 80%;\">D\u1ea3i \u0111o: 0\u2026250 ppm\u00a0<\/span><\/li>\n<li><span style=\"color: #000000; font-size: 80%;\">T\u00edn hi\u1ec7u ra: 4-20 mA\/ 2-10 VDC\/ Modbus RTU\/ Relay\/ Buzzer<\/span><\/li>\n<\/ul>\n<p><img loading=\"lazy\" decoding=\"async\" class=\"alignnone wp-image-1429\" src=\"https:\/\/hpltech.vn\/wp-content\/uploads\/2023\/12\/pdf-icon-300x300.png\" alt=\"\" width=\"24\" height=\"24\" srcset=\"https:\/\/hpltech.vn\/wp-content\/uploads\/2023\/12\/pdf-icon-300x300.png 300w, https:\/\/hpltech.vn\/wp-content\/uploads\/2023\/12\/pdf-icon-100x100.png 100w, https:\/\/hpltech.vn\/wp-content\/uploads\/2023\/12\/pdf-icon-150x150.png 150w, https:\/\/hpltech.vn\/wp-content\/uploads\/2023\/12\/pdf-icon.png 512w\" sizes=\"auto, (max-width: 24px) 100vw, 24px\" \/> <span style=\"text-decoration: underline;\"><span style=\"font-size: 90%;\"><a href=\"https:\/\/drive.google.com\/file\/d\/18ogopOYYcNqnSMQHt6bgP68BE_7jklOn\/view?usp=drive_link\" target=\"_blank\" rel=\"nofollow noopener noreferrer\"><span style=\"color: #d83131; text-decoration: underline;\">Q5-B5_Catalog.pdf<\/span><\/a><\/span><\/span><\/p>","protected":false},"featured_media":2968,"template":"","meta":[],"product_brand":[],"product_cat":[250],"product_tag":[255,296,295],"class_list":{"0":"post-2965","1":"product","2":"type-product","3":"status-publish","4":"has-post-thumbnail","6":"product_cat-aci","7":"product_tag-aci","8":"product_tag-nong-do-co","9":"product_tag-q5c-co-250p-o-x","11":"first","12":"instock","13":"shipping-taxable","14":"product-type-simple"},"yoast_head":"<!-- This site is optimized with the Yoast SEO plugin v25.4 - https:\/\/yoast.com\/wordpress\/plugins\/seo\/ -->\n<title>C\u1ea3m bi\u1ebfn n\u1ed3ng \u0111\u1ed9 kh\u00ed CO Q5C-CO-250P-O-X ACI - HPL TECH<\/title>\n<meta name=\"description\" content=\"C\u1ea3m bi\u1ebfn n\u1ed3ng \u0111\u1ed9 kh\u00ed CO Q5C-CO-250P-O-X\u00a0\u0111\u01b0\u1ee3c \u1ee9ng d\u1ee5ng ph\u1ed5 bi\u1ebfn trong vi\u1ec7c ki\u1ec3m so\u00e1t n\u1ed3ng \u0111\u1ed9 kh\u00ed CO cho khu v\u1ef1c b\u00e3i \u0111\u1eadu xe t\u1ea7ng h\u1ea7m c\u00e1c t\u00f2a nh\u00e0 cao t\u1ea7ng. V\u1edbi vi\u1ec7c ki\u1ec3m so\u00e1t n\u1ed3ng \u0111\u1ed9 kh\u00ed CO, kh\u00f4ng kh\u00ed trong khu v\u1ef1c b\u00e3i \u0111\u1eadu xe lu\u00f4n n\u1eb1m trong ng\u01b0\u1ee1ng an to\u00e0n v\u1edbi con ng\u01b0\u1eddi v\u00e0 \u0111\u1ea3m b\u1ea3o \u0111\u01b0\u1ee3c \u0111\u1ed9 ti\u1ec7n nghi, tho\u1ea3i m\u00e1i khi di chuy\u1ec3n trong kh\u00f4ng gian t\u1ea7ng h\u1ea7m.D\u1ea3i \u0111o: 0\u2026250 ppm\u00a0T\u00edn hi\u1ec7u ra: 4-20 mA\/ 2-10 VDC\/ Modbus RTU\/ Relay\/ Buzzer\" \/>\n<meta name=\"robots\" content=\"index, follow, max-snippet:-1, max-image-preview:large, max-video-preview:-1\" \/>\n<link rel=\"canonical\" href=\"https:\/\/hpltech.vn\/en\/product\/cam-bien-nong-do-khi-co-q5c-co-250p-o-x-aci\/\" \/>\n<meta property=\"og:locale\" content=\"en_US\" \/>\n<meta property=\"og:type\" content=\"article\" \/>\n<meta property=\"og:title\" content=\"C\u1ea3m bi\u1ebfn n\u1ed3ng \u0111\u1ed9 kh\u00ed CO Q5C-CO-250P-O-X ACI - HPL TECH\" \/>\n<meta property=\"og:description\" content=\"C\u1ea3m bi\u1ebfn n\u1ed3ng \u0111\u1ed9 kh\u00ed CO Q5C-CO-250P-O-X\u00a0\u0111\u01b0\u1ee3c \u1ee9ng d\u1ee5ng ph\u1ed5 bi\u1ebfn trong vi\u1ec7c ki\u1ec3m so\u00e1t n\u1ed3ng \u0111\u1ed9 kh\u00ed CO cho khu v\u1ef1c b\u00e3i \u0111\u1eadu xe t\u1ea7ng h\u1ea7m c\u00e1c t\u00f2a nh\u00e0 cao t\u1ea7ng. V\u1edbi vi\u1ec7c ki\u1ec3m so\u00e1t n\u1ed3ng \u0111\u1ed9 kh\u00ed CO, kh\u00f4ng kh\u00ed trong khu v\u1ef1c b\u00e3i \u0111\u1eadu xe lu\u00f4n n\u1eb1m trong ng\u01b0\u1ee1ng an to\u00e0n v\u1edbi con ng\u01b0\u1eddi v\u00e0 \u0111\u1ea3m b\u1ea3o \u0111\u01b0\u1ee3c \u0111\u1ed9 ti\u1ec7n nghi, tho\u1ea3i m\u00e1i khi di chuy\u1ec3n trong kh\u00f4ng gian t\u1ea7ng h\u1ea7m.D\u1ea3i \u0111o: 0\u2026250 ppm\u00a0T\u00edn hi\u1ec7u ra: 4-20 mA\/ 2-10 VDC\/ Modbus RTU\/ Relay\/ Buzzer\" \/>\n<meta property=\"og:url\" content=\"https:\/\/hpltech.vn\/en\/product\/cam-bien-nong-do-khi-co-q5c-co-250p-o-x-aci\/\" \/>\n<meta property=\"og:site_name\" content=\"HPL TECH\" \/>\n<meta property=\"article:publisher\" content=\"https:\/\/www.facebook.com\/HPLTECH\/\" \/>\n<meta property=\"article:modified_time\" content=\"2026-04-16T02:55:59+00:00\" \/>\n<meta property=\"og:image\" content=\"https:\/\/hpltech.vn\/wp-content\/uploads\/2026\/04\/Q5C-Q5B.png\" \/>\n\t<meta property=\"og:image:width\" content=\"400\" \/>\n\t<meta property=\"og:image:height\" content=\"400\" \/>\n\t<meta property=\"og:image:type\" content=\"image\/png\" \/>\n<meta name=\"twitter:card\" content=\"summary_large_image\" \/>\n<meta name=\"twitter:label1\" content=\"Est. reading time\" \/>\n\t<meta name=\"twitter:data1\" content=\"1 minute\" \/>\n<script type=\"application\/ld+json\" class=\"yoast-schema-graph\">{\"@context\":\"https:\/\/schema.org\",\"@graph\":[{\"@type\":\"WebPage\",\"@id\":\"https:\/\/hpltech.vn\/san-pham\/cam-bien-nong-do-khi-co-q5c-co-250p-o-x-aci\/\",\"url\":\"https:\/\/hpltech.vn\/san-pham\/cam-bien-nong-do-khi-co-q5c-co-250p-o-x-aci\/\",\"name\":\"C\u1ea3m bi\u1ebfn n\u1ed3ng \u0111\u1ed9 kh\u00ed CO Q5C-CO-250P-O-X ACI - HPL TECH\",\"isPartOf\":{\"@id\":\"https:\/\/hpltech.vn\/#website\"},\"primaryImageOfPage\":{\"@id\":\"https:\/\/hpltech.vn\/san-pham\/cam-bien-nong-do-khi-co-q5c-co-250p-o-x-aci\/#primaryimage\"},\"image\":{\"@id\":\"https:\/\/hpltech.vn\/san-pham\/cam-bien-nong-do-khi-co-q5c-co-250p-o-x-aci\/#primaryimage\"},\"thumbnailUrl\":\"https:\/\/hpltech.vn\/wp-content\/uploads\/2026\/04\/Q5C-Q5B.png\",\"datePublished\":\"2026-04-15T09:34:58+00:00\",\"dateModified\":\"2026-04-16T02:55:59+00:00\",\"description\":\"C\u1ea3m bi\u1ebfn n\u1ed3ng \u0111\u1ed9 kh\u00ed CO Q5C-CO-250P-O-X\u00a0\u0111\u01b0\u1ee3c \u1ee9ng d\u1ee5ng ph\u1ed5 bi\u1ebfn trong vi\u1ec7c ki\u1ec3m so\u00e1t n\u1ed3ng \u0111\u1ed9 kh\u00ed CO cho khu v\u1ef1c b\u00e3i \u0111\u1eadu xe t\u1ea7ng h\u1ea7m c\u00e1c t\u00f2a nh\u00e0 cao t\u1ea7ng. V\u1edbi vi\u1ec7c ki\u1ec3m so\u00e1t n\u1ed3ng \u0111\u1ed9 kh\u00ed CO, kh\u00f4ng kh\u00ed trong khu v\u1ef1c b\u00e3i \u0111\u1eadu xe lu\u00f4n n\u1eb1m trong ng\u01b0\u1ee1ng an to\u00e0n v\u1edbi con ng\u01b0\u1eddi v\u00e0 \u0111\u1ea3m b\u1ea3o \u0111\u01b0\u1ee3c \u0111\u1ed9 ti\u1ec7n nghi, tho\u1ea3i m\u00e1i khi di chuy\u1ec3n trong kh\u00f4ng gian t\u1ea7ng h\u1ea7m.D\u1ea3i \u0111o: 0\u2026250 ppm\u00a0T\u00edn hi\u1ec7u ra: 4-20 mA\/ 2-10 VDC\/ Modbus RTU\/ Relay\/ Buzzer\",\"breadcrumb\":{\"@id\":\"https:\/\/hpltech.vn\/san-pham\/cam-bien-nong-do-khi-co-q5c-co-250p-o-x-aci\/#breadcrumb\"},\"inLanguage\":\"en-US\",\"potentialAction\":[{\"@type\":\"ReadAction\",\"target\":[\"https:\/\/hpltech.vn\/san-pham\/cam-bien-nong-do-khi-co-q5c-co-250p-o-x-aci\/\"]}]},{\"@type\":\"ImageObject\",\"inLanguage\":\"en-US\",\"@id\":\"https:\/\/hpltech.vn\/san-pham\/cam-bien-nong-do-khi-co-q5c-co-250p-o-x-aci\/#primaryimage\",\"url\":\"https:\/\/hpltech.vn\/wp-content\/uploads\/2026\/04\/Q5C-Q5B.png\",\"contentUrl\":\"https:\/\/hpltech.vn\/wp-content\/uploads\/2026\/04\/Q5C-Q5B.png\",\"width\":400,\"height\":400,\"caption\":\"C\u1ea3m bi\u1ebfn n\u1ed3ng \u0111\u1ed9 kh\u00ed CO ACI Q5C-CO-250P-O-X\"},{\"@type\":\"BreadcrumbList\",\"@id\":\"https:\/\/hpltech.vn\/san-pham\/cam-bien-nong-do-khi-co-q5c-co-250p-o-x-aci\/#breadcrumb\",\"itemListElement\":[{\"@type\":\"ListItem\",\"position\":1,\"name\":\"Trang ch\u1ee7\",\"item\":\"https:\/\/hpltech.vn\/\"},{\"@type\":\"ListItem\",\"position\":2,\"name\":\"T\u1ea5t C\u1ea3 S\u1ea3n Ph\u1ea9m\",\"item\":\"https:\/\/hpltech.vn\/all-products\/\"},{\"@type\":\"ListItem\",\"position\":3,\"name\":\"C\u1ea3m bi\u1ebfn n\u1ed3ng \u0111\u1ed9 kh\u00ed CO Q5C-CO-250P-O-X ACI\"}]},{\"@type\":\"WebSite\",\"@id\":\"https:\/\/hpltech.vn\/#website\",\"url\":\"https:\/\/hpltech.vn\/\",\"name\":\"HPL TECH\",\"description\":\"C\u00f4ng Ty TNHH Th\u01b0\u01a1ng M\u1ea1i K\u1ef9 Thu\u1eadt HPL\",\"publisher\":{\"@id\":\"https:\/\/hpltech.vn\/#organization\"},\"alternateName\":\"HPLTECH.VN\",\"potentialAction\":[{\"@type\":\"SearchAction\",\"target\":{\"@type\":\"EntryPoint\",\"urlTemplate\":\"https:\/\/hpltech.vn\/?s={search_term_string}\"},\"query-input\":{\"@type\":\"PropertyValueSpecification\",\"valueRequired\":true,\"valueName\":\"search_term_string\"}}],\"inLanguage\":\"en-US\"},{\"@type\":\"Organization\",\"@id\":\"https:\/\/hpltech.vn\/#organization\",\"name\":\"C\u00f4ng Ty THNN Th\u01b0\u01a1ng M\u1ea1i K\u1ef9 Thu\u1eadt HPL\",\"alternateName\":\"HPL Tech\",\"url\":\"https:\/\/hpltech.vn\/\",\"logo\":{\"@type\":\"ImageObject\",\"inLanguage\":\"en-US\",\"@id\":\"https:\/\/hpltech.vn\/#\/schema\/logo\/image\/\",\"url\":\"https:\/\/hpltech.vn\/wp-content\/uploads\/2023\/12\/Logo-HPL-512.png\",\"contentUrl\":\"https:\/\/hpltech.vn\/wp-content\/uploads\/2023\/12\/Logo-HPL-512.png\",\"width\":512,\"height\":512,\"caption\":\"C\u00f4ng Ty THNN Th\u01b0\u01a1ng M\u1ea1i K\u1ef9 Thu\u1eadt HPL\"},\"image\":{\"@id\":\"https:\/\/hpltech.vn\/#\/schema\/logo\/image\/\"},\"sameAs\":[\"https:\/\/www.facebook.com\/HPLTECH\/\"]}]}<\/script>\n<!-- \/ Yoast SEO plugin. -->","yoast_head_json":{"title":"C\u1ea3m bi\u1ebfn n\u1ed3ng \u0111\u1ed9 kh\u00ed CO Q5C-CO-250P-O-X ACI - HPL TECH","description":"C\u1ea3m bi\u1ebfn n\u1ed3ng \u0111\u1ed9 kh\u00ed CO Q5C-CO-250P-O-X\u00a0\u0111\u01b0\u1ee3c \u1ee9ng d\u1ee5ng ph\u1ed5 bi\u1ebfn trong vi\u1ec7c ki\u1ec3m so\u00e1t n\u1ed3ng \u0111\u1ed9 kh\u00ed CO cho khu v\u1ef1c b\u00e3i \u0111\u1eadu xe t\u1ea7ng h\u1ea7m c\u00e1c t\u00f2a nh\u00e0 cao t\u1ea7ng. V\u1edbi vi\u1ec7c ki\u1ec3m so\u00e1t n\u1ed3ng \u0111\u1ed9 kh\u00ed CO, kh\u00f4ng kh\u00ed trong khu v\u1ef1c b\u00e3i \u0111\u1eadu xe lu\u00f4n n\u1eb1m trong ng\u01b0\u1ee1ng an to\u00e0n v\u1edbi con ng\u01b0\u1eddi v\u00e0 \u0111\u1ea3m b\u1ea3o \u0111\u01b0\u1ee3c \u0111\u1ed9 ti\u1ec7n nghi, tho\u1ea3i m\u00e1i khi di chuy\u1ec3n trong kh\u00f4ng gian t\u1ea7ng h\u1ea7m.D\u1ea3i \u0111o: 0\u2026250 ppm\u00a0T\u00edn hi\u1ec7u ra: 4-20 mA\/ 2-10 VDC\/ Modbus RTU\/ Relay\/ Buzzer","robots":{"index":"index","follow":"follow","max-snippet":"max-snippet:-1","max-image-preview":"max-image-preview:large","max-video-preview":"max-video-preview:-1"},"canonical":"https:\/\/hpltech.vn\/en\/product\/cam-bien-nong-do-khi-co-q5c-co-250p-o-x-aci\/","og_locale":"en_US","og_type":"article","og_title":"C\u1ea3m bi\u1ebfn n\u1ed3ng \u0111\u1ed9 kh\u00ed CO Q5C-CO-250P-O-X ACI - HPL TECH","og_description":"C\u1ea3m bi\u1ebfn n\u1ed3ng \u0111\u1ed9 kh\u00ed CO Q5C-CO-250P-O-X\u00a0\u0111\u01b0\u1ee3c \u1ee9ng d\u1ee5ng ph\u1ed5 bi\u1ebfn trong vi\u1ec7c ki\u1ec3m so\u00e1t n\u1ed3ng \u0111\u1ed9 kh\u00ed CO cho khu v\u1ef1c b\u00e3i \u0111\u1eadu xe t\u1ea7ng h\u1ea7m c\u00e1c t\u00f2a nh\u00e0 cao t\u1ea7ng. V\u1edbi vi\u1ec7c ki\u1ec3m so\u00e1t n\u1ed3ng \u0111\u1ed9 kh\u00ed CO, kh\u00f4ng kh\u00ed trong khu v\u1ef1c b\u00e3i \u0111\u1eadu xe lu\u00f4n n\u1eb1m trong ng\u01b0\u1ee1ng an to\u00e0n v\u1edbi con ng\u01b0\u1eddi v\u00e0 \u0111\u1ea3m b\u1ea3o \u0111\u01b0\u1ee3c \u0111\u1ed9 ti\u1ec7n nghi, tho\u1ea3i m\u00e1i khi di chuy\u1ec3n trong kh\u00f4ng gian t\u1ea7ng h\u1ea7m.D\u1ea3i \u0111o: 0\u2026250 ppm\u00a0T\u00edn hi\u1ec7u ra: 4-20 mA\/ 2-10 VDC\/ Modbus RTU\/ Relay\/ Buzzer","og_url":"https:\/\/hpltech.vn\/en\/product\/cam-bien-nong-do-khi-co-q5c-co-250p-o-x-aci\/","og_site_name":"HPL TECH","article_publisher":"https:\/\/www.facebook.com\/HPLTECH\/","article_modified_time":"2026-04-16T02:55:59+00:00","og_image":[{"width":400,"height":400,"url":"https:\/\/hpltech.vn\/wp-content\/uploads\/2026\/04\/Q5C-Q5B.png","type":"image\/png"}],"twitter_card":"summary_large_image","twitter_misc":{"Est. reading time":"1 minute"},"schema":{"@context":"https:\/\/schema.org","@graph":[{"@type":"WebPage","@id":"https:\/\/hpltech.vn\/san-pham\/cam-bien-nong-do-khi-co-q5c-co-250p-o-x-aci\/","url":"https:\/\/hpltech.vn\/san-pham\/cam-bien-nong-do-khi-co-q5c-co-250p-o-x-aci\/","name":"C\u1ea3m bi\u1ebfn n\u1ed3ng \u0111\u1ed9 kh\u00ed CO Q5C-CO-250P-O-X ACI - HPL TECH","isPartOf":{"@id":"https:\/\/hpltech.vn\/#website"},"primaryImageOfPage":{"@id":"https:\/\/hpltech.vn\/san-pham\/cam-bien-nong-do-khi-co-q5c-co-250p-o-x-aci\/#primaryimage"},"image":{"@id":"https:\/\/hpltech.vn\/san-pham\/cam-bien-nong-do-khi-co-q5c-co-250p-o-x-aci\/#primaryimage"},"thumbnailUrl":"https:\/\/hpltech.vn\/wp-content\/uploads\/2026\/04\/Q5C-Q5B.png","datePublished":"2026-04-15T09:34:58+00:00","dateModified":"2026-04-16T02:55:59+00:00","description":"C\u1ea3m bi\u1ebfn n\u1ed3ng \u0111\u1ed9 kh\u00ed CO Q5C-CO-250P-O-X\u00a0\u0111\u01b0\u1ee3c \u1ee9ng d\u1ee5ng ph\u1ed5 bi\u1ebfn trong vi\u1ec7c ki\u1ec3m so\u00e1t n\u1ed3ng \u0111\u1ed9 kh\u00ed CO cho khu v\u1ef1c b\u00e3i \u0111\u1eadu xe t\u1ea7ng h\u1ea7m c\u00e1c t\u00f2a nh\u00e0 cao t\u1ea7ng. V\u1edbi vi\u1ec7c ki\u1ec3m so\u00e1t n\u1ed3ng \u0111\u1ed9 kh\u00ed CO, kh\u00f4ng kh\u00ed trong khu v\u1ef1c b\u00e3i \u0111\u1eadu xe lu\u00f4n n\u1eb1m trong ng\u01b0\u1ee1ng an to\u00e0n v\u1edbi con ng\u01b0\u1eddi v\u00e0 \u0111\u1ea3m b\u1ea3o \u0111\u01b0\u1ee3c \u0111\u1ed9 ti\u1ec7n nghi, tho\u1ea3i m\u00e1i khi di chuy\u1ec3n trong kh\u00f4ng gian t\u1ea7ng h\u1ea7m.D\u1ea3i \u0111o: 0\u2026250 ppm\u00a0T\u00edn hi\u1ec7u ra: 4-20 mA\/ 2-10 VDC\/ Modbus RTU\/ Relay\/ Buzzer","breadcrumb":{"@id":"https:\/\/hpltech.vn\/san-pham\/cam-bien-nong-do-khi-co-q5c-co-250p-o-x-aci\/#breadcrumb"},"inLanguage":"en-US","potentialAction":[{"@type":"ReadAction","target":["https:\/\/hpltech.vn\/san-pham\/cam-bien-nong-do-khi-co-q5c-co-250p-o-x-aci\/"]}]},{"@type":"ImageObject","inLanguage":"en-US","@id":"https:\/\/hpltech.vn\/san-pham\/cam-bien-nong-do-khi-co-q5c-co-250p-o-x-aci\/#primaryimage","url":"https:\/\/hpltech.vn\/wp-content\/uploads\/2026\/04\/Q5C-Q5B.png","contentUrl":"https:\/\/hpltech.vn\/wp-content\/uploads\/2026\/04\/Q5C-Q5B.png","width":400,"height":400,"caption":"C\u1ea3m bi\u1ebfn n\u1ed3ng \u0111\u1ed9 kh\u00ed CO ACI Q5C-CO-250P-O-X"},{"@type":"BreadcrumbList","@id":"https:\/\/hpltech.vn\/san-pham\/cam-bien-nong-do-khi-co-q5c-co-250p-o-x-aci\/#breadcrumb","itemListElement":[{"@type":"ListItem","position":1,"name":"Trang ch\u1ee7","item":"https:\/\/hpltech.vn\/"},{"@type":"ListItem","position":2,"name":"T\u1ea5t C\u1ea3 S\u1ea3n Ph\u1ea9m","item":"https:\/\/hpltech.vn\/all-products\/"},{"@type":"ListItem","position":3,"name":"C\u1ea3m bi\u1ebfn n\u1ed3ng \u0111\u1ed9 kh\u00ed CO Q5C-CO-250P-O-X ACI"}]},{"@type":"WebSite","@id":"https:\/\/hpltech.vn\/#website","url":"https:\/\/hpltech.vn\/","name":"HPL TECH","description":"HPL TECHNICAL TRADING COMPANY LIMITED","publisher":{"@id":"https:\/\/hpltech.vn\/#organization"},"alternateName":"HPLTECH.VN","potentialAction":[{"@type":"SearchAction","target":{"@type":"EntryPoint","urlTemplate":"https:\/\/hpltech.vn\/?s={search_term_string}"},"query-input":{"@type":"PropertyValueSpecification","valueRequired":true,"valueName":"search_term_string"}}],"inLanguage":"en-US"},{"@type":"Organization","@id":"https:\/\/hpltech.vn\/#organization","name":"C\u00f4ng Ty THNN Th\u01b0\u01a1ng M\u1ea1i K\u1ef9 Thu\u1eadt HPL","alternateName":"HPL Tech","url":"https:\/\/hpltech.vn\/","logo":{"@type":"ImageObject","inLanguage":"en-US","@id":"https:\/\/hpltech.vn\/#\/schema\/logo\/image\/","url":"https:\/\/hpltech.vn\/wp-content\/uploads\/2023\/12\/Logo-HPL-512.png","contentUrl":"https:\/\/hpltech.vn\/wp-content\/uploads\/2023\/12\/Logo-HPL-512.png","width":512,"height":512,"caption":"C\u00f4ng Ty THNN Th\u01b0\u01a1ng M\u1ea1i K\u1ef9 Thu\u1eadt HPL"},"image":{"@id":"https:\/\/hpltech.vn\/#\/schema\/logo\/image\/"},"sameAs":["https:\/\/www.facebook.com\/HPLTECH\/"]}]}},"_links":{"self":[{"href":"https:\/\/hpltech.vn\/en\/wp-json\/wp\/v2\/product\/2965","targetHints":{"allow":["GET"]}}],"collection":[{"href":"https:\/\/hpltech.vn\/en\/wp-json\/wp\/v2\/product"}],"about":[{"href":"https:\/\/hpltech.vn\/en\/wp-json\/wp\/v2\/types\/product"}],"wp:featuredmedia":[{"embeddable":true,"href":"https:\/\/hpltech.vn\/en\/wp-json\/wp\/v2\/media\/2968"}],"wp:attachment":[{"href":"https:\/\/hpltech.vn\/en\/wp-json\/wp\/v2\/media?parent=2965"}],"wp:term":[{"taxonomy":"product_brand","embeddable":true,"href":"https:\/\/hpltech.vn\/en\/wp-json\/wp\/v2\/product_brand?post=2965"},{"taxonomy":"product_cat","embeddable":true,"href":"https:\/\/hpltech.vn\/en\/wp-json\/wp\/v2\/product_cat?post=2965"},{"taxonomy":"product_tag","embeddable":true,"href":"https:\/\/hpltech.vn\/en\/wp-json\/wp\/v2\/product_tag?post=2965"}],"curies":[{"name":"wp","href":"https:\/\/api.w.org\/{rel}","templated":true}]}}