{"id":2975,"date":"2026-04-16T09:34:35","date_gmt":"2026-04-16T02:34:35","guid":{"rendered":"https:\/\/hpltech.vn\/?post_type=product&#038;p=2975"},"modified":"2026-04-16T09:57:53","modified_gmt":"2026-04-16T02:57:53","slug":"cam-bien-nhiet-do-phong-aci-a-cp-r2-10k-type-ii-thermistor","status":"publish","type":"product","link":"https:\/\/hpltech.vn\/en\/product\/cam-bien-nhiet-do-phong-aci-a-cp-r2-10k-type-ii-thermistor\/","title":{"rendered":"C\u1ea3m bi\u1ebfn nhi\u1ec7t \u0111\u1ed9 ph\u00f2ng ACI A\/CP-R2 &#8211; 10K Type II Thermistor"},"content":{"rendered":"<p><span style=\"color: #000000; font-size: 90%;\"><strong><span style=\"vertical-align: inherit;\"><span style=\"vertical-align: inherit;\">Product highlights:<\/span><\/span><\/strong><\/span><\/p>\n<ul>\n<li><span style=\"font-size: 90%; color: #000000;\">C\u1ea3m bi\u1ebfn nhi\u1ec7t \u0111\u1ed9 ph\u00f2ng <strong>ACI A\/CP-R2<\/strong> \u0111\u01b0\u1ee3c \u1ee9ng d\u1ee5ng ph\u1ed5 bi\u1ebfn trong vi\u1ec7c \u0111o ki\u1ec3m nhi\u1ec7t \u0111\u1ed9 kh\u00f4ng kh\u00ed trong t\u00f2a nh\u00e0, nh\u00e0 m\u00e1y, ph\u00f2ng s\u1ea1ch v\u00e0 h\u1ec7 th\u1ed1ng m\u00e1y \u0111i\u1ec1u h\u00f2a AHU, PAU.<\/span><\/li>\n<li><span style=\"font-size: 90%;\">C\u1ea3m bi\u1ebfn nhi\u1ec7t \u0111i\u1ec7n tr\u1edf 10 k\u03a9 \u2013 Thermistor Type II.<\/span><\/li>\n<li><span style=\"color: #000000; font-size: 85%;\"><span style=\"vertical-align: inherit;\"><span style=\"vertical-align: inherit;\">S\u1ea3n ph\u1ea9m \u0111\u01b0\u1ee3c g\u1eafn trong ph\u00f2ng.<\/span><\/span><\/span><\/li>\n<\/ul>\n<p><span style=\"color: #000000; font-size: 90%;\"><strong><span style=\"vertical-align: inherit;\"><span style=\"vertical-align: inherit;\">Detailed specifications:<\/span><\/span><\/strong><\/span><\/p>\n<p><span style=\"font-size: 90%; color: #000000;\"><span style=\"vertical-align: inherit;\"><span style=\"vertical-align: inherit;\">\n<table id=\"tablepress-ACP-R2\" class=\"tablepress tablepress-id-ACP-R2\">\n<thead>\n<tr class=\"row-1\">\n\t<th class=\"column-1\">Specifications<\/th><th class=\"column-2\">Detailed description<\/th>\n<\/tr>\n<\/thead>\n<tbody class=\"row-striping row-hover\">\n<tr class=\"row-2\">\n\t<td class=\"column-1\">Sensor type<\/td><td class=\"column-2\">10 k\u03a9 Thermistor Type II<\/td>\n<\/tr>\n<tr class=\"row-3\">\n\t<td class=\"column-1\">Accuracy<\/td><td class=\"column-2\">\u00b10.3\u00b0C<\/td>\n<\/tr>\n<tr class=\"row-4\">\n\t<td class=\"column-1\">Operating temperature <\/td><td class=\"column-2\">1.5 .. 50\u00b0C<\/td>\n<\/tr>\n<tr class=\"row-5\">\n\t<td class=\"column-1\">Operating humidity<\/td><td class=\"column-2\">10 .. 95%RH<\/td>\n<\/tr>\n<tr class=\"row-6\">\n\t<td class=\"column-1\">Origin<\/td><td class=\"column-2\">ACI\/ USA<\/td>\n<\/tr>\n<\/tbody>\n<\/table>\n<!-- #tablepress-ACP-R2 from cache --><\/span><\/span><\/span><\/p>\n<p><span style=\"font-size: 90%; color: #000000;\"><strong><span style=\"vertical-align: inherit;\"><span style=\"vertical-align: inherit;\">HPLTECH<\/span><\/span><\/strong><span style=\"vertical-align: inherit;\"><span style=\"vertical-align: inherit;\"> l\u00e0 \u0111\u01a1n v\u1ecb ph\u00e2n ph\u1ed1i ch\u00ednh h\u00e3ng s\u1ea3n ph\u1ea9m ACI t\u1ea1i th\u1ecb tr\u01b0\u1eddng Vi\u1ec7t Nam.<\/span><\/span><\/span><\/p>\n<p><span style=\"font-size: 90%; color: #000000;\"><span style=\"vertical-align: inherit;\"><span style=\"vertical-align: inherit;\">If you have any questions, please contact our Hotline.\u00a0<\/span><\/span><span style=\"color: #ff0000;\"><a style=\"color: #ff0000;\" href=\"tel:+84964041518\"><span style=\"vertical-align: inherit;\"><span style=\"vertical-align: inherit;\">(+84) 964041518<\/span><\/span><\/a>\u00a0<\/span><span style=\"vertical-align: inherit;\"><span style=\"vertical-align: inherit;\">to receive free advice on using the product.<\/span><\/span><\/span><\/p>","protected":false},"excerpt":{"rendered":"<ul>\n<li><span style=\"font-size: 85%; color: #000000;\">C\u1ea3m bi\u1ebfn nhi\u1ec7t \u0111\u1ed9 ph\u00f2ng <strong>ACI A\/CP-R2<\/strong> \u0111\u01b0\u1ee3c \u1ee9ng d\u1ee5ng ph\u1ed5 bi\u1ebfn trong vi\u1ec7c \u0111o ki\u1ec3m nhi\u1ec7t \u0111\u1ed9 kh\u00f4ng kh\u00ed trong t\u00f2a nh\u00e0, nh\u00e0 m\u00e1y, ph\u00f2ng s\u1ea1ch v\u00e0 h\u1ec7 th\u1ed1ng m\u00e1y \u0111i\u1ec1u h\u00f2a AHU, PAU.<\/span><\/li>\n<li><span style=\"font-size: 85%;\">C\u1ea3m bi\u1ebfn nhi\u1ec7t \u0111i\u1ec7n tr\u1edf 10 k\u03a9 \u2013 Thermistor Type II.<\/span><\/li>\n<li><span style=\"color: #000000; font-size: 85%;\"><span style=\"vertical-align: inherit;\"><span style=\"vertical-align: inherit;\">S\u1ea3n ph\u1ea9m \u0111\u01b0\u1ee3c g\u1eafn trong ph\u00f2ng.<\/span><\/span><\/span><\/li>\n<\/ul>\n<p><img loading=\"lazy\" decoding=\"async\" class=\"alignnone wp-image-1429\" src=\"https:\/\/hpltech.vn\/wp-content\/uploads\/2023\/12\/pdf-icon-300x300.png\" alt=\"\" width=\"24\" height=\"24\" srcset=\"https:\/\/hpltech.vn\/wp-content\/uploads\/2023\/12\/pdf-icon-300x300.png 300w, https:\/\/hpltech.vn\/wp-content\/uploads\/2023\/12\/pdf-icon-100x100.png 100w, https:\/\/hpltech.vn\/wp-content\/uploads\/2023\/12\/pdf-icon-150x150.png 150w, https:\/\/hpltech.vn\/wp-content\/uploads\/2023\/12\/pdf-icon.png 512w\" sizes=\"auto, (max-width: 24px) 100vw, 24px\" \/> <span style=\"text-decoration: underline;\"><span style=\"font-size: 90%;\"><a href=\"https:\/\/drive.google.com\/file\/d\/1g1ibaBlTCaABixGJkNP8BgMFLI6tHLox\/view?usp=drive_link\" target=\"_blank\" rel=\"nofollow noopener noreferrer\"><span style=\"color: #d83131; text-decoration: underline;\"><span style=\"vertical-align: inherit;\"><span style=\"vertical-align: inherit;\">A\/CP-R2.pdf<\/span><\/span><\/span><\/a><\/span><\/span><\/p>","protected":false},"featured_media":2981,"template":"","meta":[],"product_brand":[],"product_cat":[250],"product_tag":[299,298,255,300],"class_list":{"0":"post-2975","1":"product","2":"type-product","3":"status-publish","4":"has-post-thumbnail","6":"product_cat-aci","7":"product_tag-10k-typeii","8":"product_tag-a-cp-r2","9":"product_tag-aci","10":"product_tag-thermistor","12":"first","13":"instock","14":"shipping-taxable","15":"product-type-simple"},"yoast_head":"<!-- This site is optimized with the Yoast SEO plugin v25.4 - https:\/\/yoast.com\/wordpress\/plugins\/seo\/ -->\n<title>C\u1ea3m bi\u1ebfn nhi\u1ec7t \u0111\u1ed9 ph\u00f2ng ACI A\/CP-R2 - 10K Type II Thermistor - HPL TECH<\/title>\n<meta name=\"description\" content=\"C\u1ea3m bi\u1ebfn nhi\u1ec7t \u0111\u1ed9 ph\u00f2ng ACI A\/CP-R2 \u0111\u01b0\u1ee3c \u1ee9ng d\u1ee5ng ph\u1ed5 bi\u1ebfn trong vi\u1ec7c \u0111o ki\u1ec3m nhi\u1ec7t \u0111\u1ed9 kh\u00f4ng kh\u00ed trong t\u00f2a nh\u00e0, nh\u00e0 m\u00e1y, ph\u00f2ng s\u1ea1ch v\u00e0 h\u1ec7 th\u1ed1ng m\u00e1y \u0111i\u1ec1u h\u00f2a AHU, PAU.C\u1ea3m bi\u1ebfn nhi\u1ec7t \u0111i\u1ec7n tr\u1edf 10 k\u03a9 \u2013 Thermistor Type II.S\u1ea3n ph\u1ea9m \u0111\u01b0\u1ee3c g\u1eafn trong ph\u00f2ng.\" \/>\n<meta name=\"robots\" content=\"index, follow, max-snippet:-1, max-image-preview:large, max-video-preview:-1\" \/>\n<link rel=\"canonical\" href=\"https:\/\/hpltech.vn\/en\/product\/cam-bien-nhiet-do-phong-aci-a-cp-r2-10k-type-ii-thermistor\/\" \/>\n<meta property=\"og:locale\" content=\"en_US\" \/>\n<meta property=\"og:type\" content=\"article\" \/>\n<meta property=\"og:title\" content=\"C\u1ea3m bi\u1ebfn nhi\u1ec7t \u0111\u1ed9 ph\u00f2ng ACI A\/CP-R2 - 10K Type II Thermistor - HPL TECH\" \/>\n<meta property=\"og:description\" content=\"C\u1ea3m bi\u1ebfn nhi\u1ec7t \u0111\u1ed9 ph\u00f2ng ACI A\/CP-R2 \u0111\u01b0\u1ee3c \u1ee9ng d\u1ee5ng ph\u1ed5 bi\u1ebfn trong vi\u1ec7c \u0111o ki\u1ec3m nhi\u1ec7t \u0111\u1ed9 kh\u00f4ng kh\u00ed trong t\u00f2a nh\u00e0, nh\u00e0 m\u00e1y, ph\u00f2ng s\u1ea1ch v\u00e0 h\u1ec7 th\u1ed1ng m\u00e1y \u0111i\u1ec1u h\u00f2a AHU, PAU.C\u1ea3m bi\u1ebfn nhi\u1ec7t \u0111i\u1ec7n tr\u1edf 10 k\u03a9 \u2013 Thermistor Type II.S\u1ea3n ph\u1ea9m \u0111\u01b0\u1ee3c g\u1eafn trong ph\u00f2ng.\" \/>\n<meta property=\"og:url\" content=\"https:\/\/hpltech.vn\/en\/product\/cam-bien-nhiet-do-phong-aci-a-cp-r2-10k-type-ii-thermistor\/\" \/>\n<meta property=\"og:site_name\" content=\"HPL TECH\" \/>\n<meta property=\"article:publisher\" content=\"https:\/\/www.facebook.com\/HPLTECH\/\" \/>\n<meta property=\"article:modified_time\" content=\"2026-04-16T02:57:53+00:00\" \/>\n<meta property=\"og:image\" content=\"https:\/\/hpltech.vn\/wp-content\/uploads\/2026\/04\/A_CP-R2_1.jpg\" \/>\n\t<meta property=\"og:image:width\" content=\"624\" \/>\n\t<meta property=\"og:image:height\" content=\"613\" \/>\n\t<meta property=\"og:image:type\" content=\"image\/jpeg\" \/>\n<meta name=\"twitter:card\" content=\"summary_large_image\" \/>\n<meta name=\"twitter:label1\" content=\"Est. reading time\" \/>\n\t<meta name=\"twitter:data1\" content=\"1 minute\" \/>\n<script type=\"application\/ld+json\" class=\"yoast-schema-graph\">{\"@context\":\"https:\/\/schema.org\",\"@graph\":[{\"@type\":\"WebPage\",\"@id\":\"https:\/\/hpltech.vn\/san-pham\/cam-bien-nhiet-do-phong-aci-a-cp-r2-10k-type-ii-thermistor\/\",\"url\":\"https:\/\/hpltech.vn\/san-pham\/cam-bien-nhiet-do-phong-aci-a-cp-r2-10k-type-ii-thermistor\/\",\"name\":\"C\u1ea3m bi\u1ebfn nhi\u1ec7t \u0111\u1ed9 ph\u00f2ng ACI A\/CP-R2 - 10K Type II Thermistor - HPL TECH\",\"isPartOf\":{\"@id\":\"https:\/\/hpltech.vn\/#website\"},\"primaryImageOfPage\":{\"@id\":\"https:\/\/hpltech.vn\/san-pham\/cam-bien-nhiet-do-phong-aci-a-cp-r2-10k-type-ii-thermistor\/#primaryimage\"},\"image\":{\"@id\":\"https:\/\/hpltech.vn\/san-pham\/cam-bien-nhiet-do-phong-aci-a-cp-r2-10k-type-ii-thermistor\/#primaryimage\"},\"thumbnailUrl\":\"https:\/\/hpltech.vn\/wp-content\/uploads\/2026\/04\/A_CP-R2_1.jpg\",\"datePublished\":\"2026-04-16T02:34:35+00:00\",\"dateModified\":\"2026-04-16T02:57:53+00:00\",\"description\":\"C\u1ea3m bi\u1ebfn nhi\u1ec7t \u0111\u1ed9 ph\u00f2ng ACI A\/CP-R2 \u0111\u01b0\u1ee3c \u1ee9ng d\u1ee5ng ph\u1ed5 bi\u1ebfn trong vi\u1ec7c \u0111o ki\u1ec3m nhi\u1ec7t \u0111\u1ed9 kh\u00f4ng kh\u00ed trong t\u00f2a nh\u00e0, nh\u00e0 m\u00e1y, ph\u00f2ng s\u1ea1ch v\u00e0 h\u1ec7 th\u1ed1ng m\u00e1y \u0111i\u1ec1u h\u00f2a AHU, PAU.C\u1ea3m bi\u1ebfn nhi\u1ec7t \u0111i\u1ec7n tr\u1edf 10 k\u03a9 \u2013 Thermistor Type II.S\u1ea3n ph\u1ea9m \u0111\u01b0\u1ee3c g\u1eafn trong ph\u00f2ng.\",\"breadcrumb\":{\"@id\":\"https:\/\/hpltech.vn\/san-pham\/cam-bien-nhiet-do-phong-aci-a-cp-r2-10k-type-ii-thermistor\/#breadcrumb\"},\"inLanguage\":\"en-US\",\"potentialAction\":[{\"@type\":\"ReadAction\",\"target\":[\"https:\/\/hpltech.vn\/san-pham\/cam-bien-nhiet-do-phong-aci-a-cp-r2-10k-type-ii-thermistor\/\"]}]},{\"@type\":\"ImageObject\",\"inLanguage\":\"en-US\",\"@id\":\"https:\/\/hpltech.vn\/san-pham\/cam-bien-nhiet-do-phong-aci-a-cp-r2-10k-type-ii-thermistor\/#primaryimage\",\"url\":\"https:\/\/hpltech.vn\/wp-content\/uploads\/2026\/04\/A_CP-R2_1.jpg\",\"contentUrl\":\"https:\/\/hpltech.vn\/wp-content\/uploads\/2026\/04\/A_CP-R2_1.jpg\",\"width\":624,\"height\":613,\"caption\":\"C\u1ea3m bi\u1ebfn nhi\u1ec7t \u0111\u1ed9 ph\u00f2ng ACI A\/CP-R2 - 10K Type II Thermistor\"},{\"@type\":\"BreadcrumbList\",\"@id\":\"https:\/\/hpltech.vn\/san-pham\/cam-bien-nhiet-do-phong-aci-a-cp-r2-10k-type-ii-thermistor\/#breadcrumb\",\"itemListElement\":[{\"@type\":\"ListItem\",\"position\":1,\"name\":\"Trang ch\u1ee7\",\"item\":\"https:\/\/hpltech.vn\/\"},{\"@type\":\"ListItem\",\"position\":2,\"name\":\"T\u1ea5t C\u1ea3 S\u1ea3n Ph\u1ea9m\",\"item\":\"https:\/\/hpltech.vn\/all-products\/\"},{\"@type\":\"ListItem\",\"position\":3,\"name\":\"C\u1ea3m bi\u1ebfn nhi\u1ec7t \u0111\u1ed9 ph\u00f2ng ACI A\/CP-R2 &#8211; 10K Type II Thermistor\"}]},{\"@type\":\"WebSite\",\"@id\":\"https:\/\/hpltech.vn\/#website\",\"url\":\"https:\/\/hpltech.vn\/\",\"name\":\"HPL TECH\",\"description\":\"C\u00f4ng Ty TNHH Th\u01b0\u01a1ng M\u1ea1i K\u1ef9 Thu\u1eadt HPL\",\"publisher\":{\"@id\":\"https:\/\/hpltech.vn\/#organization\"},\"alternateName\":\"HPLTECH.VN\",\"potentialAction\":[{\"@type\":\"SearchAction\",\"target\":{\"@type\":\"EntryPoint\",\"urlTemplate\":\"https:\/\/hpltech.vn\/?s={search_term_string}\"},\"query-input\":{\"@type\":\"PropertyValueSpecification\",\"valueRequired\":true,\"valueName\":\"search_term_string\"}}],\"inLanguage\":\"en-US\"},{\"@type\":\"Organization\",\"@id\":\"https:\/\/hpltech.vn\/#organization\",\"name\":\"C\u00f4ng Ty THNN Th\u01b0\u01a1ng M\u1ea1i K\u1ef9 Thu\u1eadt HPL\",\"alternateName\":\"HPL Tech\",\"url\":\"https:\/\/hpltech.vn\/\",\"logo\":{\"@type\":\"ImageObject\",\"inLanguage\":\"en-US\",\"@id\":\"https:\/\/hpltech.vn\/#\/schema\/logo\/image\/\",\"url\":\"https:\/\/hpltech.vn\/wp-content\/uploads\/2023\/12\/Logo-HPL-512.png\",\"contentUrl\":\"https:\/\/hpltech.vn\/wp-content\/uploads\/2023\/12\/Logo-HPL-512.png\",\"width\":512,\"height\":512,\"caption\":\"C\u00f4ng Ty THNN Th\u01b0\u01a1ng M\u1ea1i K\u1ef9 Thu\u1eadt HPL\"},\"image\":{\"@id\":\"https:\/\/hpltech.vn\/#\/schema\/logo\/image\/\"},\"sameAs\":[\"https:\/\/www.facebook.com\/HPLTECH\/\"]}]}<\/script>\n<!-- \/ Yoast SEO plugin. -->","yoast_head_json":{"title":"C\u1ea3m bi\u1ebfn nhi\u1ec7t \u0111\u1ed9 ph\u00f2ng ACI A\/CP-R2 - 10K Type II Thermistor - HPL TECH","description":"C\u1ea3m bi\u1ebfn nhi\u1ec7t \u0111\u1ed9 ph\u00f2ng ACI A\/CP-R2 \u0111\u01b0\u1ee3c \u1ee9ng d\u1ee5ng ph\u1ed5 bi\u1ebfn trong vi\u1ec7c \u0111o ki\u1ec3m nhi\u1ec7t \u0111\u1ed9 kh\u00f4ng kh\u00ed trong t\u00f2a nh\u00e0, nh\u00e0 m\u00e1y, ph\u00f2ng s\u1ea1ch v\u00e0 h\u1ec7 th\u1ed1ng m\u00e1y \u0111i\u1ec1u h\u00f2a AHU, PAU.C\u1ea3m bi\u1ebfn nhi\u1ec7t \u0111i\u1ec7n tr\u1edf 10 k\u03a9 \u2013 Thermistor Type II.S\u1ea3n ph\u1ea9m \u0111\u01b0\u1ee3c g\u1eafn trong ph\u00f2ng.","robots":{"index":"index","follow":"follow","max-snippet":"max-snippet:-1","max-image-preview":"max-image-preview:large","max-video-preview":"max-video-preview:-1"},"canonical":"https:\/\/hpltech.vn\/en\/product\/cam-bien-nhiet-do-phong-aci-a-cp-r2-10k-type-ii-thermistor\/","og_locale":"en_US","og_type":"article","og_title":"C\u1ea3m bi\u1ebfn nhi\u1ec7t \u0111\u1ed9 ph\u00f2ng ACI A\/CP-R2 - 10K Type II Thermistor - HPL TECH","og_description":"C\u1ea3m bi\u1ebfn nhi\u1ec7t \u0111\u1ed9 ph\u00f2ng ACI A\/CP-R2 \u0111\u01b0\u1ee3c \u1ee9ng d\u1ee5ng ph\u1ed5 bi\u1ebfn trong vi\u1ec7c \u0111o ki\u1ec3m nhi\u1ec7t \u0111\u1ed9 kh\u00f4ng kh\u00ed trong t\u00f2a nh\u00e0, nh\u00e0 m\u00e1y, ph\u00f2ng s\u1ea1ch v\u00e0 h\u1ec7 th\u1ed1ng m\u00e1y \u0111i\u1ec1u h\u00f2a AHU, PAU.C\u1ea3m bi\u1ebfn nhi\u1ec7t \u0111i\u1ec7n tr\u1edf 10 k\u03a9 \u2013 Thermistor Type II.S\u1ea3n ph\u1ea9m \u0111\u01b0\u1ee3c g\u1eafn trong ph\u00f2ng.","og_url":"https:\/\/hpltech.vn\/en\/product\/cam-bien-nhiet-do-phong-aci-a-cp-r2-10k-type-ii-thermistor\/","og_site_name":"HPL TECH","article_publisher":"https:\/\/www.facebook.com\/HPLTECH\/","article_modified_time":"2026-04-16T02:57:53+00:00","og_image":[{"width":624,"height":613,"url":"https:\/\/hpltech.vn\/wp-content\/uploads\/2026\/04\/A_CP-R2_1.jpg","type":"image\/jpeg"}],"twitter_card":"summary_large_image","twitter_misc":{"Est. reading time":"1 minute"},"schema":{"@context":"https:\/\/schema.org","@graph":[{"@type":"WebPage","@id":"https:\/\/hpltech.vn\/san-pham\/cam-bien-nhiet-do-phong-aci-a-cp-r2-10k-type-ii-thermistor\/","url":"https:\/\/hpltech.vn\/san-pham\/cam-bien-nhiet-do-phong-aci-a-cp-r2-10k-type-ii-thermistor\/","name":"C\u1ea3m bi\u1ebfn nhi\u1ec7t \u0111\u1ed9 ph\u00f2ng ACI A\/CP-R2 - 10K Type II Thermistor - HPL TECH","isPartOf":{"@id":"https:\/\/hpltech.vn\/#website"},"primaryImageOfPage":{"@id":"https:\/\/hpltech.vn\/san-pham\/cam-bien-nhiet-do-phong-aci-a-cp-r2-10k-type-ii-thermistor\/#primaryimage"},"image":{"@id":"https:\/\/hpltech.vn\/san-pham\/cam-bien-nhiet-do-phong-aci-a-cp-r2-10k-type-ii-thermistor\/#primaryimage"},"thumbnailUrl":"https:\/\/hpltech.vn\/wp-content\/uploads\/2026\/04\/A_CP-R2_1.jpg","datePublished":"2026-04-16T02:34:35+00:00","dateModified":"2026-04-16T02:57:53+00:00","description":"C\u1ea3m bi\u1ebfn nhi\u1ec7t \u0111\u1ed9 ph\u00f2ng ACI A\/CP-R2 \u0111\u01b0\u1ee3c \u1ee9ng d\u1ee5ng ph\u1ed5 bi\u1ebfn trong vi\u1ec7c \u0111o ki\u1ec3m nhi\u1ec7t \u0111\u1ed9 kh\u00f4ng kh\u00ed trong t\u00f2a nh\u00e0, nh\u00e0 m\u00e1y, ph\u00f2ng s\u1ea1ch v\u00e0 h\u1ec7 th\u1ed1ng m\u00e1y \u0111i\u1ec1u h\u00f2a AHU, PAU.C\u1ea3m bi\u1ebfn nhi\u1ec7t \u0111i\u1ec7n tr\u1edf 10 k\u03a9 \u2013 Thermistor Type II.S\u1ea3n ph\u1ea9m \u0111\u01b0\u1ee3c g\u1eafn trong ph\u00f2ng.","breadcrumb":{"@id":"https:\/\/hpltech.vn\/san-pham\/cam-bien-nhiet-do-phong-aci-a-cp-r2-10k-type-ii-thermistor\/#breadcrumb"},"inLanguage":"en-US","potentialAction":[{"@type":"ReadAction","target":["https:\/\/hpltech.vn\/san-pham\/cam-bien-nhiet-do-phong-aci-a-cp-r2-10k-type-ii-thermistor\/"]}]},{"@type":"ImageObject","inLanguage":"en-US","@id":"https:\/\/hpltech.vn\/san-pham\/cam-bien-nhiet-do-phong-aci-a-cp-r2-10k-type-ii-thermistor\/#primaryimage","url":"https:\/\/hpltech.vn\/wp-content\/uploads\/2026\/04\/A_CP-R2_1.jpg","contentUrl":"https:\/\/hpltech.vn\/wp-content\/uploads\/2026\/04\/A_CP-R2_1.jpg","width":624,"height":613,"caption":"C\u1ea3m bi\u1ebfn nhi\u1ec7t \u0111\u1ed9 ph\u00f2ng ACI A\/CP-R2 - 10K Type II Thermistor"},{"@type":"BreadcrumbList","@id":"https:\/\/hpltech.vn\/san-pham\/cam-bien-nhiet-do-phong-aci-a-cp-r2-10k-type-ii-thermistor\/#breadcrumb","itemListElement":[{"@type":"ListItem","position":1,"name":"Trang ch\u1ee7","item":"https:\/\/hpltech.vn\/"},{"@type":"ListItem","position":2,"name":"T\u1ea5t C\u1ea3 S\u1ea3n Ph\u1ea9m","item":"https:\/\/hpltech.vn\/all-products\/"},{"@type":"ListItem","position":3,"name":"C\u1ea3m bi\u1ebfn nhi\u1ec7t \u0111\u1ed9 ph\u00f2ng ACI A\/CP-R2 &#8211; 10K Type II Thermistor"}]},{"@type":"WebSite","@id":"https:\/\/hpltech.vn\/#website","url":"https:\/\/hpltech.vn\/","name":"HPL TECH","description":"HPL TECHNICAL TRADING COMPANY LIMITED","publisher":{"@id":"https:\/\/hpltech.vn\/#organization"},"alternateName":"HPLTECH.VN","potentialAction":[{"@type":"SearchAction","target":{"@type":"EntryPoint","urlTemplate":"https:\/\/hpltech.vn\/?s={search_term_string}"},"query-input":{"@type":"PropertyValueSpecification","valueRequired":true,"valueName":"search_term_string"}}],"inLanguage":"en-US"},{"@type":"Organization","@id":"https:\/\/hpltech.vn\/#organization","name":"C\u00f4ng Ty THNN Th\u01b0\u01a1ng M\u1ea1i K\u1ef9 Thu\u1eadt HPL","alternateName":"HPL Tech","url":"https:\/\/hpltech.vn\/","logo":{"@type":"ImageObject","inLanguage":"en-US","@id":"https:\/\/hpltech.vn\/#\/schema\/logo\/image\/","url":"https:\/\/hpltech.vn\/wp-content\/uploads\/2023\/12\/Logo-HPL-512.png","contentUrl":"https:\/\/hpltech.vn\/wp-content\/uploads\/2023\/12\/Logo-HPL-512.png","width":512,"height":512,"caption":"C\u00f4ng Ty THNN Th\u01b0\u01a1ng M\u1ea1i K\u1ef9 Thu\u1eadt HPL"},"image":{"@id":"https:\/\/hpltech.vn\/#\/schema\/logo\/image\/"},"sameAs":["https:\/\/www.facebook.com\/HPLTECH\/"]}]}},"_links":{"self":[{"href":"https:\/\/hpltech.vn\/en\/wp-json\/wp\/v2\/product\/2975","targetHints":{"allow":["GET"]}}],"collection":[{"href":"https:\/\/hpltech.vn\/en\/wp-json\/wp\/v2\/product"}],"about":[{"href":"https:\/\/hpltech.vn\/en\/wp-json\/wp\/v2\/types\/product"}],"wp:featuredmedia":[{"embeddable":true,"href":"https:\/\/hpltech.vn\/en\/wp-json\/wp\/v2\/media\/2981"}],"wp:attachment":[{"href":"https:\/\/hpltech.vn\/en\/wp-json\/wp\/v2\/media?parent=2975"}],"wp:term":[{"taxonomy":"product_brand","embeddable":true,"href":"https:\/\/hpltech.vn\/en\/wp-json\/wp\/v2\/product_brand?post=2975"},{"taxonomy":"product_cat","embeddable":true,"href":"https:\/\/hpltech.vn\/en\/wp-json\/wp\/v2\/product_cat?post=2975"},{"taxonomy":"product_tag","embeddable":true,"href":"https:\/\/hpltech.vn\/en\/wp-json\/wp\/v2\/product_tag?post=2975"}],"curies":[{"name":"wp","href":"https:\/\/api.w.org\/{rel}","templated":true}]}}